{"id":153486,"date":"2021-01-15T12:37:34","date_gmt":"2021-01-15T12:37:34","guid":{"rendered":"https:\/\/codengine3.ch\/?product=import-placeholder-for-202597"},"modified":"2021-01-15T12:37:38","modified_gmt":"2021-01-15T12:37:38","slug":"ultreia-immer-weiter","status":"publish","type":"product","link":"https:\/\/pizbube.ch\/en\/shop\/ultreia-immer-weiter\/","title":{"rendered":"Ultreia- immer weiter!"},"content":{"rendered":"<p>In zehn Monaten auf Pilgerf\u00fcssen von Z\u00fcrich nach Santiago de Compostela und<br \/>\nzur\u00fcck. Der Pilgergruss Ultria dr\u00fcckt die Sehnsucht aus, die diese Wanderv\u00f6gel<br \/>\nmotiviert, die langen Distanzen zu laufen.<\/p>","protected":false},"excerpt":{"rendered":"<p>In zehn Monaten auf Pilgerf\u00fcssen von Z\u00fcrich nach Santiago de Compostela und zur\u00fcck. Der Pilgergruss Ultria dr\u00fcckt die Sehnsucht aus, die diese Wanderv\u00f6gel motiviert, die langen Distanzen zu laufen.<\/p>","protected":false},"featured_media":45070,"template":"","meta":[],"product_brand":[],"product_cat":[21542],"product_tag":[],"class_list":{"0":"post-153486","1":"product","2":"type-product","3":"status-publish","4":"has-post-thumbnail","6":"product_cat-sachbuecher-dokumentationen","7":"pa_autor-brunner","8":"pa_erscheinungsjahr-21750","9":"pa_region-schweiz","10":"pa_sprache-de","12":"first","13":"instock","14":"taxable","15":"shipping-taxable","16":"purchasable","17":"product-type-simple"},"_links":{"self":[{"href":"https:\/\/pizbube.ch\/en\/wp-json\/wp\/v2\/product\/153486","targetHints":{"allow":["GET"]}}],"collection":[{"href":"https:\/\/pizbube.ch\/en\/wp-json\/wp\/v2\/product"}],"about":[{"href":"https:\/\/pizbube.ch\/en\/wp-json\/wp\/v2\/types\/product"}],"wp:featuredmedia":[{"embeddable":true,"href":"https:\/\/pizbube.ch\/en\/wp-json\/wp\/v2\/media\/45070"}],"wp:attachment":[{"href":"https:\/\/pizbube.ch\/en\/wp-json\/wp\/v2\/media?parent=153486"}],"wp:term":[{"taxonomy":"product_brand","embeddable":true,"href":"https:\/\/pizbube.ch\/en\/wp-json\/wp\/v2\/product_brand?post=153486"},{"taxonomy":"product_cat","embeddable":true,"href":"https:\/\/pizbube.ch\/en\/wp-json\/wp\/v2\/product_cat?post=153486"},{"taxonomy":"product_tag","embeddable":true,"href":"https:\/\/pizbube.ch\/en\/wp-json\/wp\/v2\/product_tag?post=153486"}],"curies":[{"name":"wp","href":"https:\/\/api.w.org\/{rel}","templated":true}]}}