{"id":153487,"date":"2021-01-15T12:37:34","date_gmt":"2021-01-15T12:37:34","guid":{"rendered":"https:\/\/codengine3.ch\/?product=import-placeholder-for-202867"},"modified":"2021-01-15T12:40:01","modified_gmt":"2021-01-15T12:40:01","slug":"auf-dem-pilgrim-s-way-nach-canterbury","status":"publish","type":"product","link":"https:\/\/pizbube.ch\/en\/shop\/auf-dem-pilgrim-s-way-nach-canterbury\/","title":{"rendered":"Auf dem Pilgrim&#8216; s Way nach Canterbury"},"content":{"rendered":"<p>Auf seinen Wanderungen in S\u00fcdengland geht Brunner in den Fussstapfen der<br \/>\nmittelalterlichen Canterbury- Pilger einen Weg von \u00fcber 500 Kilometren. Er<br \/>\nbewundert die historischen Kunstdenkm\u00e4ler und ruft das Leben und Wirken der<br \/>\nM\u00e4rtyrer wie Thomas Becket und Jeanne d&#8216; Arc in Erinnerung. 143 S.<\/p>","protected":false},"excerpt":{"rendered":"<p>Auf seinen Wanderungen in S\u00fcdengland geht Brunner in den Fussstapfen der mittelalterlichen Canterbury- Pilger einen Weg von \u00fcber 500 Kilometren. Er bewundert die historischen Kunstdenkm\u00e4ler und ruft das Leben und Wirken der M\u00e4rtyrer wie Thomas Becket und Jeanne d&#8216; Arc in Erinnerung. 143 S.<\/p>","protected":false},"featured_media":45070,"template":"","meta":[],"product_brand":[],"product_cat":[21542],"product_tag":[],"class_list":{"0":"post-153487","1":"product","2":"type-product","3":"status-publish","4":"has-post-thumbnail","6":"product_cat-sachbuecher-dokumentationen","7":"pa_autor-brunner","8":"pa_erscheinungsjahr-22292","9":"pa_region-grossbritannien-scottland","10":"pa_sprache-de","12":"first","13":"instock","14":"taxable","15":"shipping-taxable","16":"purchasable","17":"product-type-simple"},"_links":{"self":[{"href":"https:\/\/pizbube.ch\/en\/wp-json\/wp\/v2\/product\/153487","targetHints":{"allow":["GET"]}}],"collection":[{"href":"https:\/\/pizbube.ch\/en\/wp-json\/wp\/v2\/product"}],"about":[{"href":"https:\/\/pizbube.ch\/en\/wp-json\/wp\/v2\/types\/product"}],"wp:featuredmedia":[{"embeddable":true,"href":"https:\/\/pizbube.ch\/en\/wp-json\/wp\/v2\/media\/45070"}],"wp:attachment":[{"href":"https:\/\/pizbube.ch\/en\/wp-json\/wp\/v2\/media?parent=153487"}],"wp:term":[{"taxonomy":"product_brand","embeddable":true,"href":"https:\/\/pizbube.ch\/en\/wp-json\/wp\/v2\/product_brand?post=153487"},{"taxonomy":"product_cat","embeddable":true,"href":"https:\/\/pizbube.ch\/en\/wp-json\/wp\/v2\/product_cat?post=153487"},{"taxonomy":"product_tag","embeddable":true,"href":"https:\/\/pizbube.ch\/en\/wp-json\/wp\/v2\/product_tag?post=153487"}],"curies":[{"name":"wp","href":"https:\/\/api.w.org\/{rel}","templated":true}]}}