{"id":153491,"date":"2021-01-15T12:37:40","date_gmt":"2021-01-15T12:37:40","guid":{"rendered":"https:\/\/codengine3.ch\/?product=import-placeholder-for-207281"},"modified":"2023-06-15T11:45:46","modified_gmt":"2023-06-15T09:45:46","slug":"visual-dualism-dolomites","status":"publish","type":"product","link":"https:\/\/pizbube.ch\/en\/shop\/visual-dualism-dolomites\/","title":{"rendered":"Visual Dualism DOLOMITES"},"content":{"rendered":"<p>Visual Dualism \u2013 der Titel des Buches suggeriert, dass es vor allem Formen<br \/>\nvisueller Kontraste vor Augen f\u00fchrt. Tats\u00e4chlich leistet es jedoch viel mehr,<br \/>\ndenn es konfrontiert uns mit der grundlegenden Verfassung menschlicher<br \/>\nWahrnehmung und deren Deutung. Menschen nehmen vor allem \u00fcber die Sinnesorgane<br \/>\nwahr und brauchen Kontraste, um diese Informationen interpretieren und<br \/>\nQualit\u00e4ten erkennen zu k\u00f6nnen: Gro\u00df und klein, hell und dunkel, laut und<br \/>\nleise, dick und d\u00fcnn, voll und leer, Umriss und Fl\u00e4che, Raum und Form,<br \/>\nnat\u00fcrlich und k\u00fcnstlich \u2013 die Reihe lie\u00dfe sich endlos fortsetzen, weil sie die<br \/>\nGrundlage bildet f\u00fcr die menschliche Wahrnehmung schlechthin.<\/p>\n<p>K\u00fcnstler wissen das und nutzen diesen Spielraum, um uns erleben zu lassen,<br \/>\ndass die Welt, in der wir existieren, im Prinzip ein reines Potenzial<br \/>\ndarstellt, das in jeder Sekunde neu gedeutet werden will. Sie machen m\u00f6glich,<br \/>\ndass man neue Zusammenh\u00e4nge erkennt und angeblich Bekanntes mit v\u00f6llig neuen<br \/>\nAugen sieht.<\/p>\n<p>In guten Bildern geht es daher nicht ums Abbilden oder Reproduzieren von<br \/>\nMotiven, sondern darum, einen Deutungsspielraum zu schaffen, in dem der<br \/>\nBetrachter das Dargestellte immer wieder auf neue Weise sehen und erleben<br \/>\nkann.<br \/>\nPeter Mathis f\u00fchrt dies in seinen Bildern von den Dolomiten mit meisterhafter<br \/>\nSicherheit vor Augen. Das dualistische Prinzip der Helldunkelgestaltung bildet<br \/>\nhier einen wesentlichen Schwerpunkt. Er arbeitet mit dem Licht, den dadurch<br \/>\nbedingten Schattenzonen und deren Abstufungen wie ein Maler mit den Farben<br \/>\nseiner Palette.<\/p>\n<p>Mit einem Vorwort von Christiane Schmieger.<br \/>\nKommentaren und Meinungen von Alex Huber, Ulrike Tappeiner, Stefan Fiedler,<br \/>\nNeil Warner, J\u00fcrgen Winkler, Stefan Bundi und Christiane Schmieger.<\/p>\n<p>Visual Dualism &#8211; as the title suggests the book especially presents forms of<br \/>\nvisual contrasts. However, in reality, it achieves a lot more since it brings<br \/>\nus face to face with the basic constitution of human perception and its<br \/>\ninterpretation. Humans primarily perceive through their sense organs and need<br \/>\ncontrasts to be able to interpret the information and recognise its qualities:<br \/>\nsmall and large, light and dark, loud and quiet, thick and thin, full and<br \/>\nempty, contour and space, shape and form, natural and artificial &#8211; the list<br \/>\ncould go on and on since it builds the basis for human perception, per se.<\/p>\n<p>Artists know this well and use this leeway to allow us to experience the world<br \/>\nin which we live as pure potential that needs to be interpreted anew at every<br \/>\nmoment. They enable us to discern new connections and to see the seemingly<br \/>\nfamiliar things with completely new eyes.<br \/>\nGood pictures are not about the composition or the reproduction of motifs but<br \/>\nabout creating that freedom for interpretation wherein the observer can see<br \/>\nand experience the represented object in newer ways, time and again.<\/p>\n<p>Peter Mathis presents this with masterful certainty in his photographs of the<br \/>\nDolomites. The dualistic principle of the chiaroscuro composition creates the<br \/>\nfocal point. He works with light and the resultant shadowed areas and their<br \/>\ngrading like a painter with his palette of paints.<\/p>","protected":false},"excerpt":{"rendered":"<p>Visual Dualism \u2013 der Titel des Buches suggeriert, dass es vor allem Formen visueller Kontraste vor Augen f\u00fchrt. Tats\u00e4chlich leistet es jedoch viel mehr, denn es konfrontiert uns mit der grundlegenden Verfassung menschlicher Wahrnehmung und deren Deutung. Menschen nehmen vor allem \u00fcber die Sinnesorgane wahr und brauchen Kontraste, um diese Informationen interpretieren und Qualit\u00e4ten erkennen [&#8230;]\n","protected":false},"featured_media":168044,"template":"","meta":[],"product_brand":[],"product_cat":[21580],"product_tag":[],"class_list":{"0":"post-153491","1":"product","2":"type-product","3":"status-publish","4":"has-post-thumbnail","6":"product_cat-kunst-kultur","7":"pa_autor-mathis","8":"pa_erscheinungsjahr-21621","9":"pa_region-italien","10":"pa_sprache-de","12":"first","13":"onbackorder","14":"taxable","15":"shipping-taxable","16":"purchasable","17":"product-type-simple"},"_links":{"self":[{"href":"https:\/\/pizbube.ch\/en\/wp-json\/wp\/v2\/product\/153491","targetHints":{"allow":["GET"]}}],"collection":[{"href":"https:\/\/pizbube.ch\/en\/wp-json\/wp\/v2\/product"}],"about":[{"href":"https:\/\/pizbube.ch\/en\/wp-json\/wp\/v2\/types\/product"}],"wp:featuredmedia":[{"embeddable":true,"href":"https:\/\/pizbube.ch\/en\/wp-json\/wp\/v2\/media\/168044"}],"wp:attachment":[{"href":"https:\/\/pizbube.ch\/en\/wp-json\/wp\/v2\/media?parent=153491"}],"wp:term":[{"taxonomy":"product_brand","embeddable":true,"href":"https:\/\/pizbube.ch\/en\/wp-json\/wp\/v2\/product_brand?post=153491"},{"taxonomy":"product_cat","embeddable":true,"href":"https:\/\/pizbube.ch\/en\/wp-json\/wp\/v2\/product_cat?post=153491"},{"taxonomy":"product_tag","embeddable":true,"href":"https:\/\/pizbube.ch\/en\/wp-json\/wp\/v2\/product_tag?post=153491"}],"curies":[{"name":"wp","href":"https:\/\/api.w.org\/{rel}","templated":true}]}}