{"id":153493,"date":"2021-01-15T12:37:41","date_gmt":"2021-01-15T12:37:41","guid":{"rendered":"https:\/\/codengine3.ch\/?product=import-placeholder-for-207561"},"modified":"2024-06-20T15:23:16","modified_gmt":"2024-06-20T13:23:16","slug":"dolomiti-new-age-130-ausgewaehlte-sportrouten-bis-7a","status":"publish","type":"product","link":"https:\/\/pizbube.ch\/en\/shop\/dolomiti-new-age-130-ausgewaehlte-sportrouten-bis-7a\/","title":{"rendered":"DOLOMITI New Age &#8211; 130 ausgew\u00e4hlte Sportrouten bis 7a"},"content":{"rendered":"<p>130 ausgew\u00e4hlte Sportkletterrouten bis 7a<\/p>\n<p>Die Dolomiten sind der Traum eines jeden Kletterers. In diesem Kletterf\u00fchrer<br \/>\nfindet ihr 130 moderne Sportrouten in den, f\u00fcr diese Art der Kletterei am<br \/>\nmeisten entwickelten Dolomiten\u2013Gruppen.<\/p>\n<p>Mit Sorgfalt ausgew\u00e4hlte und beschriebene Routen, darunter zahlreiche<br \/>\nPlaisir\u2013Touren und systematisch eingebohrte Routen. Einige davon mit etwas<br \/>\nh\u00f6herem Anspruch und auch ein paar schwierigere Routen mit l\u00e4ngeren<br \/>\nHakenabst\u00e4nden fehlen nicht.<\/p>\n<p>1. Auflage 2020;<br \/>\n272 Seiten<\/p>","protected":false},"excerpt":{"rendered":"<p>130 ausgew\u00e4hlte Sportkletterrouten bis 7a Die Dolomiten sind der Traum eines jeden Kletterers. In diesem Kletterf\u00fchrer findet ihr 130 moderne Sportrouten in den, f\u00fcr diese Art der Kletterei am meisten entwickelten Dolomiten\u2013Gruppen. Mit Sorgfalt ausgew\u00e4hlte und beschriebene Routen, darunter zahlreiche Plaisir\u2013Touren und systematisch eingebohrte Routen. Einige davon mit etwas h\u00f6herem Anspruch und auch ein paar [&#8230;]\n","protected":false},"featured_media":161692,"template":"","meta":[],"product_brand":[],"product_cat":[21539],"product_tag":[],"class_list":{"0":"post-153493","1":"product","2":"type-product","3":"status-publish","4":"has-post-thumbnail","6":"product_cat-fuehrerliteratur-sportklettern-bouldern","7":"pa_autor-conz","8":"pa_erscheinungsjahr-21558","9":"pa_region-italien","10":"pa_sprache-de","12":"first","13":"instock","14":"taxable","15":"shipping-taxable","16":"purchasable","17":"product-type-simple"},"_links":{"self":[{"href":"https:\/\/pizbube.ch\/en\/wp-json\/wp\/v2\/product\/153493","targetHints":{"allow":["GET"]}}],"collection":[{"href":"https:\/\/pizbube.ch\/en\/wp-json\/wp\/v2\/product"}],"about":[{"href":"https:\/\/pizbube.ch\/en\/wp-json\/wp\/v2\/types\/product"}],"wp:featuredmedia":[{"embeddable":true,"href":"https:\/\/pizbube.ch\/en\/wp-json\/wp\/v2\/media\/161692"}],"wp:attachment":[{"href":"https:\/\/pizbube.ch\/en\/wp-json\/wp\/v2\/media?parent=153493"}],"wp:term":[{"taxonomy":"product_brand","embeddable":true,"href":"https:\/\/pizbube.ch\/en\/wp-json\/wp\/v2\/product_brand?post=153493"},{"taxonomy":"product_cat","embeddable":true,"href":"https:\/\/pizbube.ch\/en\/wp-json\/wp\/v2\/product_cat?post=153493"},{"taxonomy":"product_tag","embeddable":true,"href":"https:\/\/pizbube.ch\/en\/wp-json\/wp\/v2\/product_tag?post=153493"}],"curies":[{"name":"wp","href":"https:\/\/api.w.org\/{rel}","templated":true}]}}