{"id":153496,"date":"2021-01-15T12:37:41","date_gmt":"2021-01-15T12:37:41","guid":{"rendered":"https:\/\/codengine3.ch\/?product=import-placeholder-for-202608"},"modified":"2021-01-15T12:37:46","modified_gmt":"2021-01-15T12:37:46","slug":"muehleviertel-klettergaerten","status":"publish","type":"product","link":"https:\/\/pizbube.ch\/en\/shop\/muehleviertel-klettergaerten\/","title":{"rendered":"M\u00fchleviertel Kletterg\u00e4rten"},"content":{"rendered":"<p>Neben vielen Kletterg\u00e4rten werden auch die Bouldergebiete vorgestellt, somit<br \/>\nist ein gutes Nachschlagwerk \u00fcber die Klettereien im M\u00fchlviertle-Granit<br \/>\nentstanden. Beschriebene Gebiete: Steinw\u00e4nd, Wartberg, Naarntal, Sarmingstein,<br \/>\nTiefenbach, M\u00f6nch, Waxenberg, Zwettl\/Rodl, Gebiete Etzlberger, Gebiete<br \/>\nRodltal, Aschach\/Donau<\/p>","protected":false},"excerpt":{"rendered":"<p>Neben vielen Kletterg\u00e4rten werden auch die Bouldergebiete vorgestellt, somit ist ein gutes Nachschlagwerk \u00fcber die Klettereien im M\u00fchlviertle-Granit entstanden. Beschriebene Gebiete: Steinw\u00e4nd, Wartberg, Naarntal, Sarmingstein, Tiefenbach, M\u00f6nch, Waxenberg, Zwettl\/Rodl, Gebiete Etzlberger, Gebiete Rodltal, Aschach\/Donau<\/p>","protected":false},"featured_media":30023,"template":"","meta":[],"product_brand":[],"product_cat":[21539],"product_tag":[],"class_list":{"0":"post-153496","1":"product","2":"type-product","3":"status-publish","4":"has-post-thumbnail","6":"product_cat-fuehrerliteratur-sportklettern-bouldern","7":"pa_autor-roithinger","8":"pa_autor-sudra","9":"pa_erscheinungsjahr-22242","10":"pa_region-oesterreich","11":"pa_sprache-de","13":"first","14":"outofstock","15":"taxable","16":"shipping-taxable","17":"purchasable","18":"product-type-simple"},"_links":{"self":[{"href":"https:\/\/pizbube.ch\/en\/wp-json\/wp\/v2\/product\/153496","targetHints":{"allow":["GET"]}}],"collection":[{"href":"https:\/\/pizbube.ch\/en\/wp-json\/wp\/v2\/product"}],"about":[{"href":"https:\/\/pizbube.ch\/en\/wp-json\/wp\/v2\/types\/product"}],"wp:featuredmedia":[{"embeddable":true,"href":"https:\/\/pizbube.ch\/en\/wp-json\/wp\/v2\/media\/30023"}],"wp:attachment":[{"href":"https:\/\/pizbube.ch\/en\/wp-json\/wp\/v2\/media?parent=153496"}],"wp:term":[{"taxonomy":"product_brand","embeddable":true,"href":"https:\/\/pizbube.ch\/en\/wp-json\/wp\/v2\/product_brand?post=153496"},{"taxonomy":"product_cat","embeddable":true,"href":"https:\/\/pizbube.ch\/en\/wp-json\/wp\/v2\/product_cat?post=153496"},{"taxonomy":"product_tag","embeddable":true,"href":"https:\/\/pizbube.ch\/en\/wp-json\/wp\/v2\/product_tag?post=153496"}],"curies":[{"name":"wp","href":"https:\/\/api.w.org\/{rel}","templated":true}]}}