{"id":153500,"date":"2021-01-15T12:37:42","date_gmt":"2021-01-15T12:37:42","guid":{"rendered":"https:\/\/codengine3.ch\/?product=import-placeholder-for-206943"},"modified":"2021-01-15T14:53:38","modified_gmt":"2021-01-15T14:53:38","slug":"bouldering-val-calanca","status":"publish","type":"product","link":"https:\/\/pizbube.ch\/en\/shop\/bouldering-val-calanca\/","title":{"rendered":"Bouldering Val Calanca"},"content":{"rendered":"<p>\n351 Bl\u00f6cke, 7 Sektoren, 1039 lines und 127 Projekte auf 288 Seiten!<br \/>\nInformativer und gut gemachter Boulderf\u00fchrer f\u00fcr das Calancatal.  <\/p>\n<p>351 blocs, 7 areas, 1039 lines und 127 projects on 288 pages!<br \/>\nHere is the new bouldering guidebook for the Calanca Valley in southern<br \/>\nSwitzerland, next to Bellinzona.  <\/p>","protected":false},"excerpt":{"rendered":"<p>351 Bl\u00f6cke, 7 Sektoren, 1039 lines und 127 Projekte auf 288 Seiten! Informativer und gut gemachter Boulderf\u00fchrer f\u00fcr das Calancatal. 351 blocs, 7 areas, 1039 lines und 127 projects on 288 pages! Here is the new bouldering guidebook for the Calanca Valley in southern Switzerland, next to Bellinzona.<\/p>","protected":false},"featured_media":36488,"template":"","meta":[],"product_brand":[],"product_cat":[21539],"product_tag":[],"class_list":{"0":"post-153500","1":"product","2":"type-product","3":"status-publish","4":"has-post-thumbnail","6":"product_cat-fuehrerliteratur-sportklettern-bouldern","7":"pa_autor-bionda-grizzi","8":"pa_erscheinungsjahr-21610","9":"pa_region-schweiz","10":"pa_sprache-d","11":"pa_sprache-e","12":"pa_sprache-i","14":"first","15":"outofstock","16":"taxable","17":"shipping-taxable","18":"purchasable","19":"product-type-simple"},"_links":{"self":[{"href":"https:\/\/pizbube.ch\/en\/wp-json\/wp\/v2\/product\/153500","targetHints":{"allow":["GET"]}}],"collection":[{"href":"https:\/\/pizbube.ch\/en\/wp-json\/wp\/v2\/product"}],"about":[{"href":"https:\/\/pizbube.ch\/en\/wp-json\/wp\/v2\/types\/product"}],"wp:featuredmedia":[{"embeddable":true,"href":"https:\/\/pizbube.ch\/en\/wp-json\/wp\/v2\/media\/36488"}],"wp:attachment":[{"href":"https:\/\/pizbube.ch\/en\/wp-json\/wp\/v2\/media?parent=153500"}],"wp:term":[{"taxonomy":"product_brand","embeddable":true,"href":"https:\/\/pizbube.ch\/en\/wp-json\/wp\/v2\/product_brand?post=153500"},{"taxonomy":"product_cat","embeddable":true,"href":"https:\/\/pizbube.ch\/en\/wp-json\/wp\/v2\/product_cat?post=153500"},{"taxonomy":"product_tag","embeddable":true,"href":"https:\/\/pizbube.ch\/en\/wp-json\/wp\/v2\/product_tag?post=153500"}],"curies":[{"name":"wp","href":"https:\/\/api.w.org\/{rel}","templated":true}]}}