{"id":153501,"date":"2021-01-15T12:37:47","date_gmt":"2021-01-15T12:37:47","guid":{"rendered":"https:\/\/codengine3.ch\/?product=import-placeholder-for-203533"},"modified":"2025-03-18T16:47:32","modified_gmt":"2025-03-18T15:47:32","slug":"oliven-wein-und-alte-baeder","status":"publish","type":"product","link":"https:\/\/pizbube.ch\/en\/shop\/oliven-wein-und-alte-baeder\/","title":{"rendered":"Oliven, Wein und alte B\u00e4der"},"content":{"rendered":"<p>Mehr als neuzeitliche Wellness-Paradiese und Kurbetriebe interessieren<br \/>\ndampfende Wasser in der freien Natur, und wenn dann am Wegrand noch eine<br \/>\nfreundliche Trattoria auftaucht, so ist f\u00fcr das Wohlbefinden des Reisenden<br \/>\nbestens gesorgt.<\/p>\n<p>Ein Kaltbad am alten Pilgerweg in den toskanischen Bergen fand ebenso Eingang<br \/>\nin dieses Buch wie die bekannten und unbekannten hei\u00dfen Quellen und B\u00e4der des<br \/>\nvulkanischen Latiums. Die wasserreiche Ebene von Rieti l\u00e4dt zu einer<br \/>\nFahrradtour ein, rund um die Abruzzenb\u00e4der werden die Wanderstiefel geschn\u00fcrt.<br \/>\nSchlie\u00dflich f\u00fchren auch alle B\u00e4derwege nach Rom, wo einst in prunkvollen<br \/>\nThermen nicht nur gebadet, sondern auch geschlemmt, geliebt, intrigiert und<br \/>\ngemordet wurde&#8230;<\/p>","protected":false},"excerpt":{"rendered":"<p>Mehr als neuzeitliche Wellness-Paradiese und Kurbetriebe interessieren dampfende Wasser in der freien Natur, und wenn dann am Wegrand noch eine freundliche Trattoria auftaucht, so ist f\u00fcr das Wohlbefinden des Reisenden bestens gesorgt. Ein Kaltbad am alten Pilgerweg in den toskanischen Bergen fand ebenso Eingang in dieses Buch wie die bekannten und unbekannten hei\u00dfen Quellen und [&#8230;]\n","protected":false},"featured_media":31164,"template":"","meta":[],"product_brand":[],"product_cat":[21605],"product_tag":[],"class_list":{"0":"post-153501","1":"product","2":"type-product","3":"status-publish","4":"has-post-thumbnail","6":"product_cat-wanderfuehrer-trekking","7":"pa_autor-schmid-berg","8":"pa_erscheinungsjahr-21920","9":"pa_region-italien","10":"pa_sprache-de","12":"first","13":"outofstock","14":"taxable","15":"shipping-taxable","16":"purchasable","17":"product-type-simple"},"_links":{"self":[{"href":"https:\/\/pizbube.ch\/en\/wp-json\/wp\/v2\/product\/153501","targetHints":{"allow":["GET"]}}],"collection":[{"href":"https:\/\/pizbube.ch\/en\/wp-json\/wp\/v2\/product"}],"about":[{"href":"https:\/\/pizbube.ch\/en\/wp-json\/wp\/v2\/types\/product"}],"wp:featuredmedia":[{"embeddable":true,"href":"https:\/\/pizbube.ch\/en\/wp-json\/wp\/v2\/media\/31164"}],"wp:attachment":[{"href":"https:\/\/pizbube.ch\/en\/wp-json\/wp\/v2\/media?parent=153501"}],"wp:term":[{"taxonomy":"product_brand","embeddable":true,"href":"https:\/\/pizbube.ch\/en\/wp-json\/wp\/v2\/product_brand?post=153501"},{"taxonomy":"product_cat","embeddable":true,"href":"https:\/\/pizbube.ch\/en\/wp-json\/wp\/v2\/product_cat?post=153501"},{"taxonomy":"product_tag","embeddable":true,"href":"https:\/\/pizbube.ch\/en\/wp-json\/wp\/v2\/product_tag?post=153501"}],"curies":[{"name":"wp","href":"https:\/\/api.w.org\/{rel}","templated":true}]}}