{"id":153502,"date":"2021-01-15T12:37:48","date_gmt":"2021-01-15T12:37:48","guid":{"rendered":"https:\/\/codengine3.ch\/?product=import-placeholder-for-208655"},"modified":"2023-07-05T11:25:49","modified_gmt":"2023-07-05T09:25:49","slug":"bornholm-on-the-rocks","status":"publish","type":"product","link":"https:\/\/pizbube.ch\/en\/shop\/bornholm-on-the-rocks\/","title":{"rendered":"Bornholm on the Rocks"},"content":{"rendered":"<p>Kletterf\u00fchrer- Reisef\u00fchrer Bornholm \/ Climbing &amp; Travelguide Bornholm,<br \/>\nD\u00e4nemark<\/p>\n<p>Viele Topos, Fotos und Comics. Komplett farbig, ausf\u00fchrlicher Reisef\u00fchrerteil!<br \/>\ndeutsch\/englisch, 400 Seiten<br \/>\nMany topos, full colour, complete travel informations german\/english, 400<br \/>\npages<\/p>\n<p>Ganz D\u00e4nemark ist besetzt von den D\u00fcnen! Ganz D\u00e4nemark? Nein, eine von<br \/>\nunbeugsamen Felsen bev\u00f6lkerte Insel h\u00f6rt nicht auf, der Ostseebrandung<br \/>\nWiederstand zu leisten. Und die wehrhafte kleine Insel hat es in sich. Es gibt<br \/>\nhunderte Routen in bestem Granit. Egal ob Trad-, Sportklettern oder Bouldern,<br \/>\njeder kommt auf seine Kosten. Und der Lebenspartner br\u00e4unt sich derweil<br \/>\nentspannt (mit den Kindern) am herrlichsten Ostseesandstrand. F\u00fcr die Ruhetage<br \/>\nwerden zahlreiche Tipps zu Ausflugszielen vorgestellt. Das zweisprachige Buch<br \/>\nist ein echter Kletter- und Reisef\u00fchrer!<\/p>\n<p>All of Denmark is invaded by dunes. All of it? Not really &#8211; a small but<br \/>\nresistant island keeps on fighting against the power of the sea. And the rocks<br \/>\nof these island are beautiful and strong. Hundred of granite routes are to be<br \/>\nfound. No matter if sport or trad climbing or bouldering, Bornholm has it all.<br \/>\nThe guidebook does not only describe the climbing destinations but also serves<br \/>\nas a travel guide to fill up rest days. Other informations provided are:<br \/>\nexposure to the sun, hight, number of routes in order of three stages of<br \/>\ndifficulty, suitability for children, steepness of the wall, protection. The<br \/>\nroutes have a colour code comparable to these of the ski pistes: blue, red,<br \/>\nblack. A three-star-quality ranking with stars make it easy to pick the<br \/>\ncherries. This climbing- and travel guide is in two languages: English and<br \/>\nGerman.<\/p>","protected":false},"excerpt":{"rendered":"<p>Kletterf\u00fchrer- Reisef\u00fchrer Bornholm \/ Climbing &amp; Travelguide Bornholm, D\u00e4nemark Viele Topos, Fotos und Comics. Komplett farbig, ausf\u00fchrlicher Reisef\u00fchrerteil! deutsch\/englisch, 400 Seiten Many topos, full colour, complete travel informations german\/english, 400 pages Ganz D\u00e4nemark ist besetzt von den D\u00fcnen! Ganz D\u00e4nemark? Nein, eine von unbeugsamen Felsen bev\u00f6lkerte Insel h\u00f6rt nicht auf, der Ostseebrandung Wiederstand zu leisten. [&#8230;]\n","protected":false},"featured_media":168443,"template":"","meta":[],"product_brand":[],"product_cat":[21539],"product_tag":[],"class_list":{"0":"post-153502","1":"product","2":"type-product","3":"status-publish","4":"has-post-thumbnail","6":"product_cat-fuehrerliteratur-sportklettern-bouldern","7":"pa_autor-kurz","8":"pa_erscheinungsjahr-21558","9":"pa_region-uebrigers-europa","10":"pa_sprache-de-en","12":"first","13":"instock","14":"taxable","15":"shipping-taxable","16":"purchasable","17":"product-type-simple"},"_links":{"self":[{"href":"https:\/\/pizbube.ch\/en\/wp-json\/wp\/v2\/product\/153502","targetHints":{"allow":["GET"]}}],"collection":[{"href":"https:\/\/pizbube.ch\/en\/wp-json\/wp\/v2\/product"}],"about":[{"href":"https:\/\/pizbube.ch\/en\/wp-json\/wp\/v2\/types\/product"}],"wp:featuredmedia":[{"embeddable":true,"href":"https:\/\/pizbube.ch\/en\/wp-json\/wp\/v2\/media\/168443"}],"wp:attachment":[{"href":"https:\/\/pizbube.ch\/en\/wp-json\/wp\/v2\/media?parent=153502"}],"wp:term":[{"taxonomy":"product_brand","embeddable":true,"href":"https:\/\/pizbube.ch\/en\/wp-json\/wp\/v2\/product_brand?post=153502"},{"taxonomy":"product_cat","embeddable":true,"href":"https:\/\/pizbube.ch\/en\/wp-json\/wp\/v2\/product_cat?post=153502"},{"taxonomy":"product_tag","embeddable":true,"href":"https:\/\/pizbube.ch\/en\/wp-json\/wp\/v2\/product_tag?post=153502"}],"curies":[{"name":"wp","href":"https:\/\/api.w.org\/{rel}","templated":true}]}}