{"id":153506,"date":"2021-01-15T12:37:48","date_gmt":"2021-01-15T12:37:48","guid":{"rendered":"https:\/\/codengine3.ch\/?product=import-placeholder-for-207413"},"modified":"2026-02-20T12:53:35","modified_gmt":"2026-02-20T11:53:35","slug":"wandern-klettern-und-hochtouren-im-sewengebiet-sewenhuette","status":"publish","type":"product","link":"https:\/\/pizbube.ch\/en\/shop\/wandern-klettern-und-hochtouren-im-sewengebiet-sewenhuette\/","title":{"rendered":"Wandern, Klettern und Hochtouren im Sewengebiet \/ Sewenh\u00fctte"},"content":{"rendered":"<p>Kletter-, Wander- und Hochtourenf\u00fchrer der Gegend rund um die Sewenh\u00fctte.<\/p>\n<p>Das Gebiet rund um die Sewenh\u00fctte im Meiental am Sustenpass ist geradezu ideal f\u00fcr Familien mit Kindern.<br \/>\nBloss einen Steinwurf von der H\u00fctte entfernt sind mehrere Kletterg\u00e4rten vom 3. bis zum 6. Schwierigkeitsgrad eingerichtet.<\/p>\n<p>Auch alpine Mehrseill\u00e4ngenrouten stehen zur Auswahl &#8211; B\u00e4chenstock und Zw\u00e4chten bieten tolle Hochtourenerlebnisse.<\/p>\n<p>60 Seiten, 15 x 21 cm, 4-farbig, Softcover, Deutsch<\/p>","protected":false},"excerpt":{"rendered":"<p>Kletter-, Wander- und Hochtourenf\u00fchrer der Gegend rund um die Sewenh\u00fctte. Das Gebiet rund um die Sewenh\u00fctte im Meiental am Sustenpass ist geradezu ideal f\u00fcr Familien mit Kindern. Bloss einen Steinwurf von der H\u00fctte entfernt sind mehrere Kletterg\u00e4rten vom 3. bis zum 6. Schwierigkeitsgrad eingerichtet. Auch alpine Mehrseill\u00e4ngenrouten stehen zur Auswahl &#8211; B\u00e4chenstock und Zw\u00e4chten bieten [&#8230;]\n","protected":false},"featured_media":172989,"template":"","meta":[],"product_brand":[],"product_cat":[21539],"product_tag":[27694],"class_list":{"0":"post-153506","1":"product","2":"type-product","3":"status-publish","4":"has-post-thumbnail","6":"product_cat-fuehrerliteratur-sportklettern-bouldern","7":"product_tag-seewenhuette","8":"pa_autor-banholzer","9":"pa_erscheinungsjahr-21571","10":"pa_region-schweiz","11":"pa_sprache-de","13":"first","14":"onbackorder","15":"taxable","16":"shipping-taxable","17":"purchasable","18":"product-type-simple"},"_links":{"self":[{"href":"https:\/\/pizbube.ch\/en\/wp-json\/wp\/v2\/product\/153506","targetHints":{"allow":["GET"]}}],"collection":[{"href":"https:\/\/pizbube.ch\/en\/wp-json\/wp\/v2\/product"}],"about":[{"href":"https:\/\/pizbube.ch\/en\/wp-json\/wp\/v2\/types\/product"}],"wp:featuredmedia":[{"embeddable":true,"href":"https:\/\/pizbube.ch\/en\/wp-json\/wp\/v2\/media\/172989"}],"wp:attachment":[{"href":"https:\/\/pizbube.ch\/en\/wp-json\/wp\/v2\/media?parent=153506"}],"wp:term":[{"taxonomy":"product_brand","embeddable":true,"href":"https:\/\/pizbube.ch\/en\/wp-json\/wp\/v2\/product_brand?post=153506"},{"taxonomy":"product_cat","embeddable":true,"href":"https:\/\/pizbube.ch\/en\/wp-json\/wp\/v2\/product_cat?post=153506"},{"taxonomy":"product_tag","embeddable":true,"href":"https:\/\/pizbube.ch\/en\/wp-json\/wp\/v2\/product_tag?post=153506"}],"curies":[{"name":"wp","href":"https:\/\/api.w.org\/{rel}","templated":true}]}}