{"id":153508,"date":"2021-01-15T12:37:48","date_gmt":"2021-01-15T12:37:48","guid":{"rendered":"https:\/\/codengine3.ch\/?product=import-placeholder-for-202620"},"modified":"2021-01-15T12:37:53","modified_gmt":"2021-01-15T12:37:53","slug":"hinterrhein-mesolcina-calanca-avers","status":"publish","type":"product","link":"https:\/\/pizbube.ch\/en\/shop\/hinterrhein-mesolcina-calanca-avers\/","title":{"rendered":"Hinterrhein Mesolcina, Calanca, Avers"},"content":{"rendered":"<p>B\u00fcndner Wanderf\u00fchrer 2, Routen im Domleschg, Schams, Misox und Hinterrhein mit<br \/>\nvielen Infos und K\u00e4rtchen, Zahlr. Farbfotos.<\/p>","protected":false},"excerpt":{"rendered":"<p>B\u00fcndner Wanderf\u00fchrer 2, Routen im Domleschg, Schams, Misox und Hinterrhein mit vielen Infos und K\u00e4rtchen, Zahlr. Farbfotos.<\/p>","protected":false},"featured_media":45070,"template":"","meta":[],"product_brand":[],"product_cat":[21605],"product_tag":[],"class_list":{"0":"post-153508","1":"product","2":"type-product","3":"status-publish","4":"has-post-thumbnail","6":"product_cat-wanderfuehrer-trekking","7":"pa_autor-lampert","8":"pa_autor-wild","9":"pa_erscheinungsjahr-22144","10":"pa_region-schweiz","11":"pa_sprache-de","13":"first","14":"instock","15":"taxable","16":"shipping-taxable","17":"purchasable","18":"product-type-simple"},"_links":{"self":[{"href":"https:\/\/pizbube.ch\/en\/wp-json\/wp\/v2\/product\/153508","targetHints":{"allow":["GET"]}}],"collection":[{"href":"https:\/\/pizbube.ch\/en\/wp-json\/wp\/v2\/product"}],"about":[{"href":"https:\/\/pizbube.ch\/en\/wp-json\/wp\/v2\/types\/product"}],"wp:featuredmedia":[{"embeddable":true,"href":"https:\/\/pizbube.ch\/en\/wp-json\/wp\/v2\/media\/45070"}],"wp:attachment":[{"href":"https:\/\/pizbube.ch\/en\/wp-json\/wp\/v2\/media?parent=153508"}],"wp:term":[{"taxonomy":"product_brand","embeddable":true,"href":"https:\/\/pizbube.ch\/en\/wp-json\/wp\/v2\/product_brand?post=153508"},{"taxonomy":"product_cat","embeddable":true,"href":"https:\/\/pizbube.ch\/en\/wp-json\/wp\/v2\/product_cat?post=153508"},{"taxonomy":"product_tag","embeddable":true,"href":"https:\/\/pizbube.ch\/en\/wp-json\/wp\/v2\/product_tag?post=153508"}],"curies":[{"name":"wp","href":"https:\/\/api.w.org\/{rel}","templated":true}]}}