{"id":153513,"date":"2021-01-15T12:37:50","date_gmt":"2021-01-15T12:37:50","guid":{"rendered":"https:\/\/codengine3.ch\/?product=import-placeholder-for-202626"},"modified":"2024-04-30T08:52:19","modified_gmt":"2024-04-30T06:52:19","slug":"escalade-a-pen-hir-et-argol","status":"publish","type":"product","link":"https:\/\/pizbube.ch\/en\/shop\/escalade-a-pen-hir-et-argol\/","title":{"rendered":"Escalade \u00e0 Pen-Hir et Argol"},"content":{"rendered":"<p>Grimper dans la Bretagne:<br \/>\nR\u00e9pertoire des sites d`escalade sur l`une des plus belles c\u00f4tes de Bretagne.<\/p>\n<p>Depuis 1996, ann\u00e9e de Parution du premier topo de Pen-Hir, l&#8217;escalade et les<br \/>\ngrimpeurs ont \u00e9volu\u00e9.<\/p>\n<p>Tout en conservant intacte la notion de terrain d&#8217;aventure du site, de<br \/>\nnouveaux secteurs et de nombreuses voies \u00ab sportives \u00bb ont vu le jour.<\/p>\n<p>Livre broch\u00e9, souple &#8211; 192 pages. 1 x 15 x 21 cm. Edition 2019.<\/p>\n<p>Les falaises les plus \u00e0 l&#8217;ouest d&#8217;Europe, dans un cadre exceptionnel, sur un rocher parfait pour l&#8217;escalade. Maxi 70m de haut.<\/p>\n<p>Voies modernes avec \u00e9quipement inox, ou parfois terrain d&#8217;aventure car de tr\u00e8s nombreuses fissures se pr\u00eatent bien \u00e0 la pose de coinceurs.<\/p>\n<p>19 voies en 3<br \/>\n61 voies en 4<br \/>\n86 voies en 5<br \/>\n90 voies en 6<br \/>\n33 voies en 7<\/p>","protected":false},"excerpt":{"rendered":"<p>Grimper dans la Bretagne: R\u00e9pertoire des sites d`escalade sur l`une des plus belles c\u00f4tes de Bretagne. Depuis 1996, ann\u00e9e de Parution du premier topo de Pen-Hir, l&#8217;escalade et les grimpeurs ont \u00e9volu\u00e9. Tout en conservant intacte la notion de terrain d&#8217;aventure du site, de nouveaux secteurs et de nombreuses voies \u00ab sportives \u00bb ont vu [&#8230;]\n","protected":false},"featured_media":166142,"template":"","meta":[],"product_brand":[],"product_cat":[21539],"product_tag":[],"class_list":{"0":"post-153513","1":"product","2":"type-product","3":"status-publish","4":"has-post-thumbnail","6":"product_cat-fuehrerliteratur-sportklettern-bouldern","7":"pa_autor-ffme","8":"pa_erscheinungsjahr-21586","9":"pa_region-frankreich","10":"pa_sprache-fr","12":"first","13":"outofstock","14":"taxable","15":"shipping-taxable","16":"purchasable","17":"product-type-simple"},"_links":{"self":[{"href":"https:\/\/pizbube.ch\/en\/wp-json\/wp\/v2\/product\/153513","targetHints":{"allow":["GET"]}}],"collection":[{"href":"https:\/\/pizbube.ch\/en\/wp-json\/wp\/v2\/product"}],"about":[{"href":"https:\/\/pizbube.ch\/en\/wp-json\/wp\/v2\/types\/product"}],"wp:featuredmedia":[{"embeddable":true,"href":"https:\/\/pizbube.ch\/en\/wp-json\/wp\/v2\/media\/166142"}],"wp:attachment":[{"href":"https:\/\/pizbube.ch\/en\/wp-json\/wp\/v2\/media?parent=153513"}],"wp:term":[{"taxonomy":"product_brand","embeddable":true,"href":"https:\/\/pizbube.ch\/en\/wp-json\/wp\/v2\/product_brand?post=153513"},{"taxonomy":"product_cat","embeddable":true,"href":"https:\/\/pizbube.ch\/en\/wp-json\/wp\/v2\/product_cat?post=153513"},{"taxonomy":"product_tag","embeddable":true,"href":"https:\/\/pizbube.ch\/en\/wp-json\/wp\/v2\/product_tag?post=153513"}],"curies":[{"name":"wp","href":"https:\/\/api.w.org\/{rel}","templated":true}]}}