{"id":153514,"date":"2021-01-15T12:37:50","date_gmt":"2021-01-15T12:37:50","guid":{"rendered":"https:\/\/codengine3.ch\/?product=import-placeholder-for-204812"},"modified":"2024-04-05T10:30:39","modified_gmt":"2024-04-05T08:30:39","slug":"bretagne-50-wanderungen","status":"publish","type":"product","link":"https:\/\/pizbube.ch\/en\/shop\/bretagne-50-wanderungen\/","title":{"rendered":"Bretagne &#8211; 50 Wanderungen"},"content":{"rendered":"<p>Zwischen Mont-Saint-Michel und Saint-Nazaire<br \/>\n50 Touren<\/p>\n<p>Die Bretagne ist das Land am Meer (armor). Entsprechend folgen die sch\u00f6nsten<br \/>\nWanderwege der eindrucksvollen K\u00fcste, die durch den Wechsel von steilen<br \/>\nKlippen, malerischen Buchten und langen, einsamen Sandstr\u00e4nden sowie durch<br \/>\nihre vielseitige Flora \u00e4u\u00dferst abwechslungsreich ist.<\/p>\n<p>Im Landesinneren (argoat) hingegen trifft man noch auf urwaldartige W\u00e4lder,<br \/>\nmoorige Seen und wilde Schluchten. Neben einem au\u00dfergew\u00f6hnlich reizvollen<br \/>\nWandergebiet abseits des Massentourismus, das vom Fr\u00fchjahr bis zum Herbst zu<br \/>\nTouren einl\u00e4dt, gibt es ein attraktives kulturelles Erbe von der Steinzeit bis<br \/>\nzur Gegenwart, die sprichw\u00f6rtlich gute franz\u00f6sische K\u00fcche sowie viele<br \/>\nGelegenheiten, die zahlreichen Seev\u00f6gel zu beobachten.<br \/>\n160 Seiten mit 97 Farbabbildungen; 50 Wanderk\u00e4rtchen im Ma\u00dfstab 1:15.000 bis<br \/>\n1:75.000, eine \u00dcbersichtskarte im Ma\u00dfstab 1:1.150.000<\/p>\n<p>8. Auflage 2019<\/p>","protected":false},"excerpt":{"rendered":"<p>Zwischen Mont-Saint-Michel und Saint-Nazaire 50 Touren Die Bretagne ist das Land am Meer (armor). Entsprechend folgen die sch\u00f6nsten Wanderwege der eindrucksvollen K\u00fcste, die durch den Wechsel von steilen Klippen, malerischen Buchten und langen, einsamen Sandstr\u00e4nden sowie durch ihre vielseitige Flora \u00e4u\u00dferst abwechslungsreich ist. Im Landesinneren (argoat) hingegen trifft man noch auf urwaldartige W\u00e4lder, moorige Seen [&#8230;]\n","protected":false},"featured_media":172351,"template":"","meta":[],"product_brand":[],"product_cat":[21605],"product_tag":[],"class_list":{"0":"post-153514","1":"product","2":"type-product","3":"status-publish","4":"has-post-thumbnail","6":"product_cat-wanderfuehrer-trekking","7":"pa_autor-rettstatt","8":"pa_erscheinungsjahr-21586","9":"pa_region-frankreich","10":"pa_sprache-de","12":"first","13":"instock","14":"taxable","15":"shipping-taxable","16":"purchasable","17":"product-type-simple"},"_links":{"self":[{"href":"https:\/\/pizbube.ch\/en\/wp-json\/wp\/v2\/product\/153514","targetHints":{"allow":["GET"]}}],"collection":[{"href":"https:\/\/pizbube.ch\/en\/wp-json\/wp\/v2\/product"}],"about":[{"href":"https:\/\/pizbube.ch\/en\/wp-json\/wp\/v2\/types\/product"}],"wp:featuredmedia":[{"embeddable":true,"href":"https:\/\/pizbube.ch\/en\/wp-json\/wp\/v2\/media\/172351"}],"wp:attachment":[{"href":"https:\/\/pizbube.ch\/en\/wp-json\/wp\/v2\/media?parent=153514"}],"wp:term":[{"taxonomy":"product_brand","embeddable":true,"href":"https:\/\/pizbube.ch\/en\/wp-json\/wp\/v2\/product_brand?post=153514"},{"taxonomy":"product_cat","embeddable":true,"href":"https:\/\/pizbube.ch\/en\/wp-json\/wp\/v2\/product_cat?post=153514"},{"taxonomy":"product_tag","embeddable":true,"href":"https:\/\/pizbube.ch\/en\/wp-json\/wp\/v2\/product_tag?post=153514"}],"curies":[{"name":"wp","href":"https:\/\/api.w.org\/{rel}","templated":true}]}}