{"id":153515,"date":"2021-01-15T12:37:50","date_gmt":"2021-01-15T12:37:50","guid":{"rendered":"https:\/\/codengine3.ch\/?product=import-placeholder-for-204830"},"modified":"2022-11-03T10:24:25","modified_gmt":"2022-11-03T09:24:25","slug":"escalade-en-haute-bretagne","status":"publish","type":"product","link":"https:\/\/pizbube.ch\/en\/shop\/escalade-en-haute-bretagne\/","title":{"rendered":"Escalade en Haute Bretagne"},"content":{"rendered":"<p>Cet ouvrage commence par pr\u00e9senter le FFME ET LE CAF et recense en detail<br \/>\nplusieurs sites du d\u00e9partement D`ILLE ET VILAINE, comme Les Rochers du<br \/>\nCouesnon (site sportif), Les Rochers du Blaireau ( Blocs), Saut Roland (site<br \/>\nsportif), L`Ile aux Pies (site sportif), Saint Just (site sportif), Le Mont<br \/>\nDol (site sportif), et Plouasne (terrain d`aventure).<\/p>\n<p>Voil\u00e0 la toute nouvelle \u00e9dition du topo d`escalade de Haute Bretagne, remani\u00e9e<br \/>\nde fond en comble !<\/p>\n<p>Depuis 1998, l`escalade a fortement progress\u00e9 dans la r\u00e9gion : le nombre de<br \/>\nclubs, d`adh\u00e9rents FFME et de structures artificielles d`escalade a augment\u00e9,<br \/>\nles sites naturels se sont consid\u00e9rablement d\u00e9velopp\u00e9s..<\/p>","protected":false},"excerpt":{"rendered":"<p>Cet ouvrage commence par pr\u00e9senter le FFME ET LE CAF et recense en detail plusieurs sites du d\u00e9partement D`ILLE ET VILAINE, comme Les Rochers du Couesnon (site sportif), Les Rochers du Blaireau ( Blocs), Saut Roland (site sportif), L`Ile aux Pies (site sportif), Saint Just (site sportif), Le Mont Dol (site sportif), et Plouasne (terrain [&#8230;]\n","protected":false},"featured_media":38109,"template":"","meta":[],"product_brand":[],"product_cat":[21539],"product_tag":[],"class_list":{"0":"post-153515","1":"product","2":"type-product","3":"status-publish","4":"has-post-thumbnail","6":"product_cat-fuehrerliteratur-sportklettern-bouldern","7":"pa_autor-ffme","8":"pa_erscheinungsjahr-21621","9":"pa_region-frankreich","10":"pa_sprache-fr","12":"first","13":"outofstock","14":"taxable","15":"shipping-taxable","16":"purchasable","17":"product-type-simple"},"_links":{"self":[{"href":"https:\/\/pizbube.ch\/en\/wp-json\/wp\/v2\/product\/153515","targetHints":{"allow":["GET"]}}],"collection":[{"href":"https:\/\/pizbube.ch\/en\/wp-json\/wp\/v2\/product"}],"about":[{"href":"https:\/\/pizbube.ch\/en\/wp-json\/wp\/v2\/types\/product"}],"wp:featuredmedia":[{"embeddable":true,"href":"https:\/\/pizbube.ch\/en\/wp-json\/wp\/v2\/media\/38109"}],"wp:attachment":[{"href":"https:\/\/pizbube.ch\/en\/wp-json\/wp\/v2\/media?parent=153515"}],"wp:term":[{"taxonomy":"product_brand","embeddable":true,"href":"https:\/\/pizbube.ch\/en\/wp-json\/wp\/v2\/product_brand?post=153515"},{"taxonomy":"product_cat","embeddable":true,"href":"https:\/\/pizbube.ch\/en\/wp-json\/wp\/v2\/product_cat?post=153515"},{"taxonomy":"product_tag","embeddable":true,"href":"https:\/\/pizbube.ch\/en\/wp-json\/wp\/v2\/product_tag?post=153515"}],"curies":[{"name":"wp","href":"https:\/\/api.w.org\/{rel}","templated":true}]}}