{"id":153516,"date":"2021-01-15T12:37:50","date_gmt":"2021-01-15T12:37:50","guid":{"rendered":"https:\/\/codengine3.ch\/?product=import-placeholder-for-204673"},"modified":"2024-04-05T10:25:56","modified_gmt":"2024-04-05T08:25:56","slug":"kuestenwandern-in-der-bretagne","status":"publish","type":"product","link":"https:\/\/pizbube.ch\/en\/shop\/kuestenwandern-in-der-bretagne\/","title":{"rendered":"K\u00fcstenwandern in der Bretagne"},"content":{"rendered":"<p>Entdeckungstouren auf dem Z\u00f6llnerpfad<br \/>\nWandern I Erleben I Genie\u00dfen<\/p>\n<p>Bretagne \u2013 schroffe Steilk\u00fcsten, weite D\u00fcnenlandschaften, endlose Str\u00e4nde, die<br \/>\nsich bei Flut das Wasser zur\u00fcckerobert, einsame Inseln, h\u00fcbsche<br \/>\nHafenst\u00e4dtchen, alte Leuchtt\u00fcrme. Der Fernwanderweg GR 34 verl\u00e4uft auf der<br \/>\nTrasse des einstigen Z\u00f6llnerpfads, des Sentier des douaniers. Fast immer<br \/>\ndirekt am Meer, 1700 Kilometer die gesamte bretonische K\u00fcste entlang, gut<br \/>\ngepflegt und markiert.<\/p>\n<p>Die Reisejournalisten Dagmar Beckmann und Christoph Potting stellen einige der<br \/>\nattraktivsten K\u00fcstenabschnitte des GR 34 in sechs Hauptregionen vor: der wilde<br \/>\nNorden rund um Saint-Malo, die C\u00f4te de Granit Rose mit ihren ber\u00fchmten<br \/>\nFelsskulpturen, das einsame Pays des Abers, das historisch bedeutsame<br \/>\nDouarnenez, die malerische Riviera, wo einst Proust und Churchill weilten, und<br \/>\nschlie\u00dflich die quirligen K\u00fcstenorte des S\u00fcdens.<\/p>\n<p>Wandern, Wege, Wissen \u2013 jedes der 18 Kapitel ist einem \u00bbtypischen\u00ab Thema der<br \/>\nBretagne gewidmet: Natur- und K\u00fcstenschutz, Austern, Algen und Salz,<br \/>\nMilit\u00e4rbastionen, Segelabenteuer, Fischerei und Tourismus. Anschaulich und<br \/>\nunterhaltsam geschrieben, mit allen n\u00f6tigen Informationen und Tipps zu<br \/>\nEinkehr, Unterkunft und Transport, ist dieses Buch der ideale Begleiter f\u00fcr<br \/>\neine individuelle Bretagne-Reise!<\/p>\n<p>296 Seiten, 20.4 \u00d7 13.5 cm, Klappenbroschur;<br \/>\n3. Auflage 2023<br \/>\nMit Routenskizzen, \u00dcbersichtskarten und Serviceteil; Zahlreiche Farbfotos.<\/p>","protected":false},"excerpt":{"rendered":"<p>Entdeckungstouren auf dem Z\u00f6llnerpfad Wandern I Erleben I Genie\u00dfen Bretagne \u2013 schroffe Steilk\u00fcsten, weite D\u00fcnenlandschaften, endlose Str\u00e4nde, die sich bei Flut das Wasser zur\u00fcckerobert, einsame Inseln, h\u00fcbsche Hafenst\u00e4dtchen, alte Leuchtt\u00fcrme. Der Fernwanderweg GR 34 verl\u00e4uft auf der Trasse des einstigen Z\u00f6llnerpfads, des Sentier des douaniers. Fast immer direkt am Meer, 1700 Kilometer die gesamte bretonische [&#8230;]\n","protected":false},"featured_media":172346,"template":"","meta":[],"product_brand":[],"product_cat":[21605],"product_tag":[],"class_list":{"0":"post-153516","1":"product","2":"type-product","3":"status-publish","4":"has-post-thumbnail","6":"product_cat-wanderfuehrer-trekking","7":"pa_autor-beckmann-potting","8":"pa_erscheinungsjahr-27129","9":"pa_region-frankreich","10":"pa_sprache-de","12":"first","13":"instock","14":"taxable","15":"shipping-taxable","16":"purchasable","17":"product-type-simple"},"_links":{"self":[{"href":"https:\/\/pizbube.ch\/en\/wp-json\/wp\/v2\/product\/153516","targetHints":{"allow":["GET"]}}],"collection":[{"href":"https:\/\/pizbube.ch\/en\/wp-json\/wp\/v2\/product"}],"about":[{"href":"https:\/\/pizbube.ch\/en\/wp-json\/wp\/v2\/types\/product"}],"wp:featuredmedia":[{"embeddable":true,"href":"https:\/\/pizbube.ch\/en\/wp-json\/wp\/v2\/media\/172346"}],"wp:attachment":[{"href":"https:\/\/pizbube.ch\/en\/wp-json\/wp\/v2\/media?parent=153516"}],"wp:term":[{"taxonomy":"product_brand","embeddable":true,"href":"https:\/\/pizbube.ch\/en\/wp-json\/wp\/v2\/product_brand?post=153516"},{"taxonomy":"product_cat","embeddable":true,"href":"https:\/\/pizbube.ch\/en\/wp-json\/wp\/v2\/product_cat?post=153516"},{"taxonomy":"product_tag","embeddable":true,"href":"https:\/\/pizbube.ch\/en\/wp-json\/wp\/v2\/product_tag?post=153516"}],"curies":[{"name":"wp","href":"https:\/\/api.w.org\/{rel}","templated":true}]}}