{"id":153517,"date":"2021-01-15T12:37:50","date_gmt":"2021-01-15T12:37:50","guid":{"rendered":"https:\/\/codengine3.ch\/?product=import-placeholder-for-207573"},"modified":"2023-05-08T15:59:23","modified_gmt":"2023-05-08T13:59:23","slug":"escalade-en-loire-atlantique","status":"publish","type":"product","link":"https:\/\/pizbube.ch\/en\/shop\/escalade-en-loire-atlantique\/","title":{"rendered":"Escalade en Loire-Atlantique"},"content":{"rendered":"<p>Le topo d\u00e9crit les sites suivants :<\/p>\n<p>PONT CAFFINO &#8211; 75 voies du 4 au 7c &#8211; Hauteur max 35m) : Ce site est situ\u00e9 \u00e0<br \/>\nune vingtaine de kilom\u00e8tres au sud de Nantes, c`est le site de r\u00e9f\u00e9rence pour<br \/>\nles nantais. Convient aussi bien aux grimpeurs d\u00e9butants qu\u0092aux plus acharn\u00e9s.<\/p>\n<p>CLISSON : (94 passages du 3 au 7a): Site de blocs situ\u00e9 dans le cadre<br \/>\nmagnifique des coteaux d\u0092Henry IV, l\u0092\u00e9cole se compose de blocs granitiques.<\/p>\n<p>LE PALLET : En bordure de S\u00e8vre, pr\u00e8s d\u0092un ancien moulin, le site dit de \u00ab la<br \/>\nRochelle \u00bb propose aux grimpeurs une douzaine de voies vari\u00e9es d\u0092environ 10<br \/>\nm\u00e8tres.<\/p>\n<p>LE CROISIC (220 voies du 4 au 8a) : D\u0092une hauteur de 15m environ, les falaises<br \/>\ngranitiques du Croisic les plus int\u00e9ressantes se d\u00e9veloppent entre le camping<br \/>\nde la C\u00f4te Sauvage et le menhir du Grand Autel. Sur plus d\u0092un kilom\u00e8tre de<br \/>\nlongueur, le site est un m\u00e9lange de voies \u00e9quip\u00e9es et de terrain d\u0092aventure.<\/p>\n<p>PIERRES MESLIERE (21 voies du 3 au 6c) : \u00c0 trois kilom\u00e8tres \u00e0 l\u0092ouest du bourg<br \/>\nde Saint-G\u00e9r\u00e9on, au coeur du vignoble des Pierres Mesli\u00e8res. Situ\u00e9 sur une<br \/>\ncroupe rocheuse d`une quinzaine de m\u00e8tres, ce site est id\u00e9al pour d\u00e9couvrir<br \/>\nl`activit\u00e9.<\/p>\n<p>ROCHE-BALLUE : (20 voies du 3 au 7a+ &#8211; Hauteur max 35m) : Le site d\u0092escalade<br \/>\nde la Roche-Ballue est situ\u00e9 sur la commune de Bouguenais, am\u00e9nag\u00e9 dans une<br \/>\nancienne carri\u00e8re de gneiss, il comprend trois secteurs<\/p>\n<p>LA MONTAGNE (26 voies du 3 au 6a \u0096 Hauteur max 10m) : Cette petite \u00e9cole<br \/>\nd\u0092escalade conviendra aux d\u00e9butants et aux enfants. La roche granitique est<br \/>\nsolide et abrasive.<\/p>\n<p>480 voies et passages r\u00e9f\u00e9renc\u00e9s.<\/p>","protected":false},"excerpt":{"rendered":"<p>Le topo d\u00e9crit les sites suivants : PONT CAFFINO &#8211; 75 voies du 4 au 7c &#8211; Hauteur max 35m) : Ce site est situ\u00e9 \u00e0 une vingtaine de kilom\u00e8tres au sud de Nantes, c`est le site de r\u00e9f\u00e9rence pour les nantais. Convient aussi bien aux grimpeurs d\u00e9butants qu\u0092aux plus acharn\u00e9s. CLISSON : (94 passages [&#8230;]\n","protected":false},"featured_media":164281,"template":"","meta":[],"product_brand":[],"product_cat":[21539],"product_tag":[],"class_list":{"0":"post-153517","1":"product","2":"type-product","3":"status-publish","4":"has-post-thumbnail","6":"product_cat-fuehrerliteratur-sportklettern-bouldern","7":"pa_autor-cd-ffme-loire-atlantique","8":"pa_erscheinungsjahr-21621","9":"pa_region-frankreich","10":"pa_sprache-fr","12":"first","13":"onbackorder","14":"taxable","15":"shipping-taxable","16":"purchasable","17":"product-type-simple"},"_links":{"self":[{"href":"https:\/\/pizbube.ch\/en\/wp-json\/wp\/v2\/product\/153517","targetHints":{"allow":["GET"]}}],"collection":[{"href":"https:\/\/pizbube.ch\/en\/wp-json\/wp\/v2\/product"}],"about":[{"href":"https:\/\/pizbube.ch\/en\/wp-json\/wp\/v2\/types\/product"}],"wp:featuredmedia":[{"embeddable":true,"href":"https:\/\/pizbube.ch\/en\/wp-json\/wp\/v2\/media\/164281"}],"wp:attachment":[{"href":"https:\/\/pizbube.ch\/en\/wp-json\/wp\/v2\/media?parent=153517"}],"wp:term":[{"taxonomy":"product_brand","embeddable":true,"href":"https:\/\/pizbube.ch\/en\/wp-json\/wp\/v2\/product_brand?post=153517"},{"taxonomy":"product_cat","embeddable":true,"href":"https:\/\/pizbube.ch\/en\/wp-json\/wp\/v2\/product_cat?post=153517"},{"taxonomy":"product_tag","embeddable":true,"href":"https:\/\/pizbube.ch\/en\/wp-json\/wp\/v2\/product_tag?post=153517"}],"curies":[{"name":"wp","href":"https:\/\/api.w.org\/{rel}","templated":true}]}}