{"id":153518,"date":"2021-01-15T12:37:50","date_gmt":"2021-01-15T12:37:50","guid":{"rendered":"https:\/\/codengine3.ch\/?product=import-placeholder-for-205045"},"modified":"2021-01-15T14:38:17","modified_gmt":"2021-01-15T14:38:17","slug":"nuevas-ferratas-y-caminos-equipados","status":"publish","type":"product","link":"https:\/\/pizbube.ch\/en\/shop\/nuevas-ferratas-y-caminos-equipados\/","title":{"rendered":"Nuevas ferratas y caminos equipados"},"content":{"rendered":"<p>En los \u00faltimos 4 a\u00f1os esta actividad ha experimentado un auge importante,<br \/>\ninaugur\u00e1ndose nuevos trazados que destacan tanto por su gran calidad como por<br \/>\nla seguridad de su instalaci\u00f3n. A continuaci\u00f3n te damos a conocer las ferratas<br \/>\nm\u00e1s novedosas y bellas de Espa\u00f1a, Andorra y Francia. Un total de 51<br \/>\nitinerarios donde podr\u00e1s disfrutar desde f\u00e1ciles itinerarios a complicadas y<br \/>\natl\u00e9ticas v\u00edas.<\/p>\n<p>Girona, Lleida, Tarragona, Huesca, Teruel, Alicante, Malaga, Andorra  <\/p>\n<p>Te ofrecemos una descripci\u00f3n pormenorizada de cada itinerario, con su<br \/>\ncorrespondiente ficha t\u00e9cnica, croquis de situaci\u00f3n y las fotograf\u00edas m\u00e1s<br \/>\nrepresentativas. Adem\u00e1s, la gu\u00eda incluye una parte preliminar con toda la<br \/>\ninformaci\u00f3n necesaria sobre historia, material, t\u00e9cnica y seguridad, y , que<br \/>\nsin duda, ser\u00e1 de gran utilidad a todos los que decid\u00e1is iniciaros en esta<br \/>\napasionante actividad.<\/p>","protected":false},"excerpt":{"rendered":"<p>En los \u00faltimos 4 a\u00f1os esta actividad ha experimentado un auge importante, inaugur\u00e1ndose nuevos trazados que destacan tanto por su gran calidad como por la seguridad de su instalaci\u00f3n. A continuaci\u00f3n te damos a conocer las ferratas m\u00e1s novedosas y bellas de Espa\u00f1a, Andorra y Francia. Un total de 51 itinerarios donde podr\u00e1s disfrutar desde [&#8230;]\n","protected":false},"featured_media":33636,"template":"","meta":[],"product_brand":[],"product_cat":[21544],"product_tag":[],"class_list":{"0":"post-153518","1":"product","2":"type-product","3":"status-publish","4":"has-post-thumbnail","6":"product_cat-fuehrerliteratur-alpin-sommer","7":"pa_autor-fores-sanches","8":"pa_erscheinungsjahr-21842","9":"pa_region-spanien","10":"pa_sprache-sp","12":"first","13":"instock","14":"taxable","15":"shipping-taxable","16":"purchasable","17":"product-type-simple"},"_links":{"self":[{"href":"https:\/\/pizbube.ch\/en\/wp-json\/wp\/v2\/product\/153518","targetHints":{"allow":["GET"]}}],"collection":[{"href":"https:\/\/pizbube.ch\/en\/wp-json\/wp\/v2\/product"}],"about":[{"href":"https:\/\/pizbube.ch\/en\/wp-json\/wp\/v2\/types\/product"}],"wp:featuredmedia":[{"embeddable":true,"href":"https:\/\/pizbube.ch\/en\/wp-json\/wp\/v2\/media\/33636"}],"wp:attachment":[{"href":"https:\/\/pizbube.ch\/en\/wp-json\/wp\/v2\/media?parent=153518"}],"wp:term":[{"taxonomy":"product_brand","embeddable":true,"href":"https:\/\/pizbube.ch\/en\/wp-json\/wp\/v2\/product_brand?post=153518"},{"taxonomy":"product_cat","embeddable":true,"href":"https:\/\/pizbube.ch\/en\/wp-json\/wp\/v2\/product_cat?post=153518"},{"taxonomy":"product_tag","embeddable":true,"href":"https:\/\/pizbube.ch\/en\/wp-json\/wp\/v2\/product_tag?post=153518"}],"curies":[{"name":"wp","href":"https:\/\/api.w.org\/{rel}","templated":true}]}}