{"id":153519,"date":"2021-01-15T12:37:50","date_gmt":"2021-01-15T12:37:50","guid":{"rendered":"https:\/\/codengine3.ch\/?product=import-placeholder-for-206264"},"modified":"2021-01-15T14:47:41","modified_gmt":"2021-01-15T14:47:41","slug":"via-ferrata-des-pyrenees","status":"publish","type":"product","link":"https:\/\/pizbube.ch\/en\/shop\/via-ferrata-des-pyrenees\/","title":{"rendered":"Via ferrata des Pyr\u00e9n\u00e9es"},"content":{"rendered":"<p>Ce guide rassemble quarante-deux VF, hors parcs d&#8217;aventure et excluant les<br \/>\nvoies \u00e0 l&#8217;\u00e9quipement obsol\u00e8te, cot\u00e9es de F (facile) \u00e0 ED inf (extr\u00eamement<br \/>\ndifficile inf). Chaque description est compos\u00e9e de l&#8217;acc\u00e8s routier, de l&#8217;acc\u00e8s<br \/>\np\u00e9destre au pied de la voie, du descriptif de la VF (assortie d&#8217;une photo avec<br \/>\nsuperposition du parcours &#8211; ou d&#8217;une carte), du descriptif du retour.  <\/p>\n<p>Elles sont situ\u00e9es dans les Pyr\u00e9n\u00e9es fran\u00e7aises, aragonaises, andorranes et<br \/>\ncatalanes, s&#8217;aventurant m\u00eame, pour huit d&#8217;entre elles, au sud de Barcelone.<\/p>","protected":false},"excerpt":{"rendered":"<p>Ce guide rassemble quarante-deux VF, hors parcs d&#8217;aventure et excluant les voies \u00e0 l&#8217;\u00e9quipement obsol\u00e8te, cot\u00e9es de F (facile) \u00e0 ED inf (extr\u00eamement difficile inf). Chaque description est compos\u00e9e de l&#8217;acc\u00e8s routier, de l&#8217;acc\u00e8s p\u00e9destre au pied de la voie, du descriptif de la VF (assortie d&#8217;une photo avec superposition du parcours &#8211; ou d&#8217;une [&#8230;]\n","protected":false},"featured_media":35247,"template":"","meta":[],"product_brand":[],"product_cat":[21544],"product_tag":[],"class_list":{"0":"post-153519","1":"product","2":"type-product","3":"status-publish","4":"has-post-thumbnail","6":"product_cat-fuehrerliteratur-alpin-sommer","7":"pa_autor-mateo","8":"pa_erscheinungsjahr-21693","9":"pa_region-spanien","10":"pa_sprache-fr","12":"first","13":"outofstock","14":"taxable","15":"shipping-taxable","16":"purchasable","17":"product-type-simple"},"_links":{"self":[{"href":"https:\/\/pizbube.ch\/en\/wp-json\/wp\/v2\/product\/153519","targetHints":{"allow":["GET"]}}],"collection":[{"href":"https:\/\/pizbube.ch\/en\/wp-json\/wp\/v2\/product"}],"about":[{"href":"https:\/\/pizbube.ch\/en\/wp-json\/wp\/v2\/types\/product"}],"wp:featuredmedia":[{"embeddable":true,"href":"https:\/\/pizbube.ch\/en\/wp-json\/wp\/v2\/media\/35247"}],"wp:attachment":[{"href":"https:\/\/pizbube.ch\/en\/wp-json\/wp\/v2\/media?parent=153519"}],"wp:term":[{"taxonomy":"product_brand","embeddable":true,"href":"https:\/\/pizbube.ch\/en\/wp-json\/wp\/v2\/product_brand?post=153519"},{"taxonomy":"product_cat","embeddable":true,"href":"https:\/\/pizbube.ch\/en\/wp-json\/wp\/v2\/product_cat?post=153519"},{"taxonomy":"product_tag","embeddable":true,"href":"https:\/\/pizbube.ch\/en\/wp-json\/wp\/v2\/product_tag?post=153519"}],"curies":[{"name":"wp","href":"https:\/\/api.w.org\/{rel}","templated":true}]}}