{"id":153520,"date":"2021-01-15T12:37:56","date_gmt":"2021-01-15T12:37:56","guid":{"rendered":"https:\/\/codengine3.ch\/?product=import-placeholder-for-202629"},"modified":"2021-01-15T12:38:00","modified_gmt":"2021-01-15T12:38:00","slug":"klettersteige-bayern-vorarlberg-tirol-salzburg","status":"publish","type":"product","link":"https:\/\/pizbube.ch\/en\/shop\/klettersteige-bayern-vorarlberg-tirol-salzburg\/","title":{"rendered":"Klettersteige Bayern-Vorarlberg-Tirol-Salzburg"},"content":{"rendered":"<p>\nDer Klettersteigf\u00fchrers \u00bbBayern \u2013 Vorarlberg \u2013 Tirol \u2013 Salzburg\u00ab bietet auf<br \/>\n272 Seiten detaillierte Beschreibungen von 90 Klettersteigen.  <\/p>\n<p>Senkrechte W\u00e4nde, T\u00fcrme, Grate und Kamine \u00fcben eine unwiderstehliche<br \/>\nFaszination aus. Auf einem alpinen Klettersteig ist das \u00bbErlebnis Fels\u00ab<br \/>\nbesonders intensiv. Der Rother Klettersteigf\u00fchrer \u00bbBayern \u2013 Vorarlberg \u2013 Tirol<br \/>\n\u2013 Salzburg\u00ab pr\u00e4sentiert 92 der spannendsten Klettersteige zwischen R\u00e4tikon und<br \/>\nHohen Tauern, zwischen den Bayerischen Alpen und dem Alpenhauptkamm.  <\/p>\n<p>Der Schwierigkeitsgrad reicht von gesicherten H\u00f6henwegen und \u00bbPanorama-<br \/>\nKlettersteigen\u00ab bis hin zu steilen Sportklettersteigen. Nichts von ihrem Reiz<br \/>\nverloren haben die gro\u00dfartigen Eisenwege \u00fcber die h\u00f6chsten Gipfel<br \/>\nDeutschlands: Zugspitze und Watzmann. Bei neuen, meist rassigen<br \/>\nSportklettersteigen, zum Beispiel dem anspruchsvollen \u00bbK\u00f6nigsjodler\u00ab am<br \/>\nHochk\u00f6nig und dem Pidinger Klettersteig, ist vor allem der Weg das Ziel. Auch<br \/>\ntalnahe Fun-Klettersteige wie der \u00bbCrazy Eddy\u00ab fehlen nicht. Normalwege mit<br \/>\nkurzen gesicherten Stellen wurden dagegen bewusst ausgeklammert.  <\/p>\n<p>Die vorgestellten Touren sind alle detailliert beschrieben. Wanderk\u00e4rtchen mit<br \/>\neingezeichnetem Routenverlauf helfen bei der Orientierung. Die farbige<br \/>\nSchwierigkeitsbewertung, die Einstufung entsprechend der Klettersteigskala und<br \/>\nnicht zuletzt die Liste der Top-Klettersteige erm\u00f6glichen eine rasche<br \/>\nOrientierung. Die Einf\u00fchrung gibt Hinweise zu Ausr\u00fcstung und Sicherheit.  <\/p>\n<p>12. Auflage 2020<br \/>\n272 Seiten mit 134 Farbabbildungen<br \/>\n83 Wanderk\u00e4rtchen im Ma\u00dfstab 1:25.000, 1:50.000 und 1:75.000, zwei<br \/>\n\u00dcbersichtskarten im Ma\u00dfstab 1:800.000<\/p>","protected":false},"excerpt":{"rendered":"<ul>\n<li><a href=\"https:\/\/pizbube.ch\/wp-content\/uploads\/attachments\/a_031\/F079EAAB0813393FF686ADF02E335480.pdf\" target=\"_blank\" rel=\"noopener\">PDF: Klettersteige Bayern-Vorarlberg-Tirol-Salzburg_Inhalt<\/a><\/li>\n<\/ul>","protected":false},"featured_media":40880,"template":"","meta":[],"product_brand":[],"product_cat":[21544],"product_tag":[],"class_list":{"0":"post-153520","1":"product","2":"type-product","3":"status-publish","4":"has-post-thumbnail","6":"product_cat-fuehrerliteratur-alpin-sommer","7":"pa_autor-baur-werner-huttenlocher","8":"pa_erscheinungsjahr-21558","9":"pa_region-oesterreich","10":"pa_sprache-de","12":"first","13":"instock","14":"taxable","15":"shipping-taxable","16":"purchasable","17":"product-type-simple"},"_links":{"self":[{"href":"https:\/\/pizbube.ch\/en\/wp-json\/wp\/v2\/product\/153520","targetHints":{"allow":["GET"]}}],"collection":[{"href":"https:\/\/pizbube.ch\/en\/wp-json\/wp\/v2\/product"}],"about":[{"href":"https:\/\/pizbube.ch\/en\/wp-json\/wp\/v2\/types\/product"}],"wp:featuredmedia":[{"embeddable":true,"href":"https:\/\/pizbube.ch\/en\/wp-json\/wp\/v2\/media\/40880"}],"wp:attachment":[{"href":"https:\/\/pizbube.ch\/en\/wp-json\/wp\/v2\/media?parent=153520"}],"wp:term":[{"taxonomy":"product_brand","embeddable":true,"href":"https:\/\/pizbube.ch\/en\/wp-json\/wp\/v2\/product_brand?post=153520"},{"taxonomy":"product_cat","embeddable":true,"href":"https:\/\/pizbube.ch\/en\/wp-json\/wp\/v2\/product_cat?post=153520"},{"taxonomy":"product_tag","embeddable":true,"href":"https:\/\/pizbube.ch\/en\/wp-json\/wp\/v2\/product_tag?post=153520"}],"curies":[{"name":"wp","href":"https:\/\/api.w.org\/{rel}","templated":true}]}}