{"id":153521,"date":"2021-01-15T12:37:56","date_gmt":"2021-01-15T12:37:56","guid":{"rendered":"https:\/\/codengine3.ch\/?product=import-placeholder-for-205672"},"modified":"2021-01-15T14:43:02","modified_gmt":"2021-01-15T14:43:02","slug":"7-x-7-genussklettersteige","status":"publish","type":"product","link":"https:\/\/pizbube.ch\/en\/shop\/7-x-7-genussklettersteige\/","title":{"rendered":"7 x 7 Genussklettersteige"},"content":{"rendered":"<p>49 Klettersteige in 7 Alpenregionen  <\/p>\n<p>Fantastische Auswahl 7 Alpenregionen \u00e0 7 Klettersteige<br \/>\nSchon mal \u00fcber &#8218;vacanze con vie ferrate&#8216; nachgedacht? Denn: Klettersteiggehen<br \/>\nist in! Ferrata-Papst Eugen E. H\u00fcsler pr\u00e4sentiert sieben Alpenregionen<br \/>\nzwischen Karwendel, Gardasee, Dolomiten und Berner Oberland mit jeweils 7<br \/>\nKlettersteigangeboten: 7 x 7. Alle 49 Routen sind gewohnt detailliert<br \/>\nbeschrieben und neben packenden Bildern mit vielen praktischen Tipps zu<br \/>\nUnterk\u00fcnften, Einkehr und Sehensw\u00fcrdigkeiten gew\u00fcrzt. Ein (Ver-)F\u00fchrer f\u00fcr<br \/>\nalle Ferrata-S\u00fcchtigen!<br \/>\n144 Seiten, ca. 120 Abbildungen, Format 16,5 x 23,5 cm, Klappenbroschur mit<br \/>\nFadenheftung  <\/p>","protected":false},"excerpt":{"rendered":"<p>49 Klettersteige in 7 Alpenregionen Fantastische Auswahl 7 Alpenregionen \u00e0 7 Klettersteige Schon mal \u00fcber &#8218;vacanze con vie ferrate&#8216; nachgedacht? Denn: Klettersteiggehen ist in! Ferrata-Papst Eugen E. H\u00fcsler pr\u00e4sentiert sieben Alpenregionen zwischen Karwendel, Gardasee, Dolomiten und Berner Oberland mit jeweils 7 Klettersteigangeboten: 7 x 7. Alle 49 Routen sind gewohnt detailliert beschrieben und neben packenden [&#8230;]\n","protected":false},"featured_media":34475,"template":"","meta":[],"product_brand":[],"product_cat":[21544],"product_tag":[],"class_list":{"0":"post-153521","1":"product","2":"type-product","3":"status-publish","4":"has-post-thumbnail","6":"product_cat-fuehrerliteratur-alpin-sommer","7":"pa_autor-huesler","8":"pa_erscheinungsjahr-21693","9":"pa_region-uebrigers-europa","10":"pa_sprache-de","12":"first","13":"instock","14":"taxable","15":"shipping-taxable","16":"purchasable","17":"product-type-simple"},"_links":{"self":[{"href":"https:\/\/pizbube.ch\/en\/wp-json\/wp\/v2\/product\/153521","targetHints":{"allow":["GET"]}}],"collection":[{"href":"https:\/\/pizbube.ch\/en\/wp-json\/wp\/v2\/product"}],"about":[{"href":"https:\/\/pizbube.ch\/en\/wp-json\/wp\/v2\/types\/product"}],"wp:featuredmedia":[{"embeddable":true,"href":"https:\/\/pizbube.ch\/en\/wp-json\/wp\/v2\/media\/34475"}],"wp:attachment":[{"href":"https:\/\/pizbube.ch\/en\/wp-json\/wp\/v2\/media?parent=153521"}],"wp:term":[{"taxonomy":"product_brand","embeddable":true,"href":"https:\/\/pizbube.ch\/en\/wp-json\/wp\/v2\/product_brand?post=153521"},{"taxonomy":"product_cat","embeddable":true,"href":"https:\/\/pizbube.ch\/en\/wp-json\/wp\/v2\/product_cat?post=153521"},{"taxonomy":"product_tag","embeddable":true,"href":"https:\/\/pizbube.ch\/en\/wp-json\/wp\/v2\/product_tag?post=153521"}],"curies":[{"name":"wp","href":"https:\/\/api.w.org\/{rel}","templated":true}]}}