{"id":153522,"date":"2021-01-15T12:37:56","date_gmt":"2021-01-15T12:37:56","guid":{"rendered":"https:\/\/codengine3.ch\/?product=import-placeholder-for-205335"},"modified":"2021-01-15T14:40:27","modified_gmt":"2021-01-15T14:40:27","slug":"rund-um-salzburg","status":"publish","type":"product","link":"https:\/\/pizbube.ch\/en\/shop\/rund-um-salzburg\/","title":{"rendered":"Rund um Salzburg"},"content":{"rendered":"<p>Flachgau \u2013 Tennengau \u2013 Rupertiwinkel<br \/>\n59 Touren<\/p>\n<p>Die unermessliche Vielfalt an landschaftlichen wie kulturellen H\u00f6hepunkten<br \/>\nlockt auch heute noch G\u00e4ste aus aller Welt vor die Tore der Mozartstadt. Da<br \/>\nsind die beschaulichen Seen im n\u00f6rdlichen Alpenvorland, der sagenumwobene<br \/>\nUntersberg und das Hagengebirge, das ruhige, karstige Tennengebirge oder die<br \/>\nwaldreiche Osterhorngruppe und nat\u00fcrlich das angrenzende Berchtesgadener Land,<br \/>\ndas mit Salzburg kulturell seit Jahrhunderten im sogenannten Rupertiwinkel<br \/>\nverbunden ist.  <\/p>\n<p>Sepp Brandl hat aus diesem vielseitigen Wander-Wunder-Land 54 der sch\u00f6nsten<br \/>\nWanderm\u00f6glichkeiten ausgew\u00e4hlt und kenntnisreich beschrieben. Da finden sich<br \/>\nerholsame Halbtagestouren zu ruhigen Seen und gem\u00fctlichen Almen, spannende<br \/>\nAbstiege in die &#8218;Unterwelt&#8216;, aber auch ausgedehnte Tageswanderungen \u00fcber<br \/>\nblumenreiche Matten bis hinauf in die Karstfl\u00e4chen des Hochgebirges. Genaue<br \/>\nWegbeschreibungen und Kartenausschnitte im Ma\u00dfstab 1:50.000 und 1:75.000 mit<br \/>\neingetragenem Routenverlauf machen alle Tourenvorschl\u00e4ge leicht und sicher<br \/>\nnachvollziehbar. Die farbige Schwierigkeitsbewertung erleichtert die Auswahl<br \/>\nder Ziele.  <\/p>\n<p>Der Wanderf\u00fchrer wurde gr\u00fcndlich aktualisiert und um einige neue<br \/>\nTourenvorschl\u00e4ge erweitert. Erg\u00e4nzt werden die vorgestellten 54 Tages- und<br \/>\nHalbtageswanderungen durch zahlreiche Tipps f\u00fcr mehrt\u00e4gige Rundtouren sowie<br \/>\ndurch 25 Vorschl\u00e4ge zu Spazierg\u00e4ngen und Kurzwanderungen, die garantiert auch<br \/>\njene Salzburgbesucher begeistern k\u00f6nnen, die den Wanderschuh sonst eher selten<br \/>\nschn\u00fcren.<\/p>\n<p>5. Auflage 2016<br \/>\n192 Seiten mit 135 Farbabbildungen<br \/>\n59 Wanderk\u00e4rtchen im Ma\u00dfstab 1:50.000 und 1:75.000, 59 H\u00f6henprofile, zwei<br \/>\n\u00dcbersichtskarten, GPS-Daten zum Download<\/p>","protected":false},"excerpt":{"rendered":"<p>Flachgau \u2013 Tennengau \u2013 Rupertiwinkel 59 Touren Die unermessliche Vielfalt an landschaftlichen wie kulturellen H\u00f6hepunkten lockt auch heute noch G\u00e4ste aus aller Welt vor die Tore der Mozartstadt. Da sind die beschaulichen Seen im n\u00f6rdlichen Alpenvorland, der sagenumwobene Untersberg und das Hagengebirge, das ruhige, karstige Tennengebirge oder die waldreiche Osterhorngruppe und nat\u00fcrlich das angrenzende Berchtesgadener [&#8230;]\n","protected":false},"featured_media":38955,"template":"","meta":[],"product_brand":[],"product_cat":[21605],"product_tag":[],"class_list":{"0":"post-153522","1":"product","2":"type-product","3":"status-publish","4":"has-post-thumbnail","6":"product_cat-wanderfuehrer-trekking","7":"pa_autor-brandl","8":"pa_erscheinungsjahr-21571","9":"pa_region-oesterreich","10":"pa_sprache-de","12":"first","13":"instock","14":"taxable","15":"shipping-taxable","16":"purchasable","17":"product-type-simple"},"_links":{"self":[{"href":"https:\/\/pizbube.ch\/en\/wp-json\/wp\/v2\/product\/153522","targetHints":{"allow":["GET"]}}],"collection":[{"href":"https:\/\/pizbube.ch\/en\/wp-json\/wp\/v2\/product"}],"about":[{"href":"https:\/\/pizbube.ch\/en\/wp-json\/wp\/v2\/types\/product"}],"wp:featuredmedia":[{"embeddable":true,"href":"https:\/\/pizbube.ch\/en\/wp-json\/wp\/v2\/media\/38955"}],"wp:attachment":[{"href":"https:\/\/pizbube.ch\/en\/wp-json\/wp\/v2\/media?parent=153522"}],"wp:term":[{"taxonomy":"product_brand","embeddable":true,"href":"https:\/\/pizbube.ch\/en\/wp-json\/wp\/v2\/product_brand?post=153522"},{"taxonomy":"product_cat","embeddable":true,"href":"https:\/\/pizbube.ch\/en\/wp-json\/wp\/v2\/product_cat?post=153522"},{"taxonomy":"product_tag","embeddable":true,"href":"https:\/\/pizbube.ch\/en\/wp-json\/wp\/v2\/product_tag?post=153522"}],"curies":[{"name":"wp","href":"https:\/\/api.w.org\/{rel}","templated":true}]}}