{"id":153523,"date":"2021-01-15T12:37:56","date_gmt":"2021-01-15T12:37:56","guid":{"rendered":"https:\/\/codengine3.ch\/?product=import-placeholder-for-205338"},"modified":"2021-01-15T14:40:28","modified_gmt":"2021-01-15T14:40:28","slug":"hochkoenig","status":"publish","type":"product","link":"https:\/\/pizbube.ch\/en\/shop\/hochkoenig\/","title":{"rendered":"Hochk\u00f6nig"},"content":{"rendered":"<p>Steinernes Meer \u2013 Tennengebirge \u2013 Steinberge<br \/>\n60 Touren<\/p>\n<p>Das Alpenreich des Hochk\u00f6nig, mit 2941 Metern h\u00f6chster Gipfel der<br \/>\nBerchtesgadener Alpen, hat zwei grundverschiedene Gesichter: ein zahmes von<br \/>\nNorden und ein m\u00e4chtiges, Respekt erheischendes \u2013 eben ein k\u00f6nigliches Antlitz<br \/>\n\u2013 von S\u00fcden. Hier, hoch \u00fcber dem Pongau und Pinzgau, zeigt der m\u00e4chtige<br \/>\nBergk\u00f6nig seine imposante Felskulisse. Die beiden Fl\u00fcsse Salzach und Saalach<br \/>\ngreifen wie zwei Arme um das vorgestellte Wandergebiet herum. Beiderseits<br \/>\nihrer Talschaften erstreckt sich hufeisenf\u00f6rmig das Tourengebiet \u00bbRund um den<br \/>\nHochk\u00f6nig\u00ab mit den bekannten Fremdenverkehrsorten Werfen, Bischofshofen, St.<br \/>\nJohann, M\u00fchlbach, Maria Alm, Saalfelden und Lofer. Zum vorgestellten<br \/>\nWandergebiet geh\u00f6ren aber auch ein Teil der benachbarten Steinberge um Lofer<br \/>\nund Leogang, der S\u00fcden des Tennengebirges um die Eisriesenwelt und die Wald-<br \/>\nund Wiesenkuppen der Dientner Schieferberge.  <\/p>\n<p>Der Autor Sepp Brandl stellt aus der F\u00fclle der Tourenm\u00f6glichkeiten dieses<br \/>\nherrlichen Gebiets die lohnendsten Tal- und H\u00f6henwanderungen vor. Da kann man<br \/>\nunter majest\u00e4tischer Kulisse gem\u00fctlich von Alm zu Alm bummeln, zahlreiche<br \/>\nAussichtsgipfel besteigen und nat\u00fcrlich auch seiner \u00bbMajest\u00e4t\u00ab selbst einen<br \/>\nBesuch abstatten. Viele Varianten, Vorschl\u00e4ge f\u00fcr mehrt\u00e4gige Durchquerungen<br \/>\nsowie Tipps zu Ausflugszielen und Sehensw\u00fcrdigkeiten runden das Angebot dieses<br \/>\nF\u00fchrers ab.<\/p>\n<p>Tourensteckbriefe, ausf\u00fchrliche Wegbeschreibungen, aussagekr\u00e4ftige<br \/>\nH\u00f6henprofile und detaillierte Kartenausschnitte im Ma\u00dfstab 1:50.000 bzw.<br \/>\n1:75.000 machen alle Tourenvorschl\u00e4ge leicht und sicher nachvollziehbar. Die<br \/>\nfarbige Schwierigkeitsbewertung erleichtert die Auswahl der Ziele und<br \/>\nzahlreiche Farbfotos wecken die Wanderlust. Die siebte Auflage des Rother<br \/>\nWanderf\u00fchrers \u00bbHochk\u00f6nig\u00ab wurde vollst\u00e4ndig neu bearbeitet. Nun stehen auch<br \/>\nGPS-Daten zum Download bereit.<\/p>\n<p>7. Auflage 2018; 200 Seiten mit 141 Farbabbildungen<br \/>\n61 H\u00f6henprofile, 60 Wanderk\u00e4rtchen im Ma\u00dfstab 1:50.000 und 1:75.000, zwei<br \/>\n\u00dcbersichtskarten, GPS-Tracks zum Download  <\/p>","protected":false},"excerpt":{"rendered":"<p>Steinernes Meer \u2013 Tennengebirge \u2013 Steinberge 60 Touren Das Alpenreich des Hochk\u00f6nig, mit 2941 Metern h\u00f6chster Gipfel der Berchtesgadener Alpen, hat zwei grundverschiedene Gesichter: ein zahmes von Norden und ein m\u00e4chtiges, Respekt erheischendes \u2013 eben ein k\u00f6nigliches Antlitz \u2013 von S\u00fcden. Hier, hoch \u00fcber dem Pongau und Pinzgau, zeigt der m\u00e4chtige Bergk\u00f6nig seine imposante Felskulisse. [&#8230;]\n","protected":false},"featured_media":26844,"template":"","meta":[],"product_brand":[],"product_cat":[21605],"product_tag":[],"class_list":{"0":"post-153523","1":"product","2":"type-product","3":"status-publish","4":"has-post-thumbnail","6":"product_cat-wanderfuehrer-trekking","7":"pa_autor-brandl","8":"pa_erscheinungsjahr-21546","9":"pa_region-oesterreich","10":"pa_sprache-de","12":"first","13":"instock","14":"taxable","15":"shipping-taxable","16":"purchasable","17":"product-type-simple"},"_links":{"self":[{"href":"https:\/\/pizbube.ch\/en\/wp-json\/wp\/v2\/product\/153523","targetHints":{"allow":["GET"]}}],"collection":[{"href":"https:\/\/pizbube.ch\/en\/wp-json\/wp\/v2\/product"}],"about":[{"href":"https:\/\/pizbube.ch\/en\/wp-json\/wp\/v2\/types\/product"}],"wp:featuredmedia":[{"embeddable":true,"href":"https:\/\/pizbube.ch\/en\/wp-json\/wp\/v2\/media\/26844"}],"wp:attachment":[{"href":"https:\/\/pizbube.ch\/en\/wp-json\/wp\/v2\/media?parent=153523"}],"wp:term":[{"taxonomy":"product_brand","embeddable":true,"href":"https:\/\/pizbube.ch\/en\/wp-json\/wp\/v2\/product_brand?post=153523"},{"taxonomy":"product_cat","embeddable":true,"href":"https:\/\/pizbube.ch\/en\/wp-json\/wp\/v2\/product_cat?post=153523"},{"taxonomy":"product_tag","embeddable":true,"href":"https:\/\/pizbube.ch\/en\/wp-json\/wp\/v2\/product_tag?post=153523"}],"curies":[{"name":"wp","href":"https:\/\/api.w.org\/{rel}","templated":true}]}}