{"id":153524,"date":"2021-01-15T12:37:56","date_gmt":"2021-01-15T12:37:56","guid":{"rendered":"https:\/\/codengine3.ch\/?product=import-placeholder-for-206580"},"modified":"2023-01-19T08:46:01","modified_gmt":"2023-01-19T07:46:01","slug":"klettersteigfuehrer-oesterreich","status":"publish","type":"product","link":"https:\/\/pizbube.ch\/en\/shop\/klettersteigfuehrer-oesterreich\/","title":{"rendered":"Klettersteigf\u00fchrer \u00d6sterreich"},"content":{"rendered":"<p><span class=\"value\">Die 8te Auflage des beliebten orangen Klettersteigf\u00fchrers bringt wieder viele neue Klettersteige und einen verbesserten Touren-App Zugang. Einer der aktuellsten und umfangreichsten Klettersteigf\u00fchrer in \u00d6sterreich enth\u00e4lt fast 500 Touren und ca. 1600 Farbfotos auf \u00fcber 600 Seiten. Neben allen wichtigen neuen Klettersteigen in \u00d6sterreich, von denen manche bis dato in keinem Klettersteigf\u00fchrer vorgestellt wurden, beinhaltet der F\u00fchrer auch die tollsten grenznahen Klettersteige in Bayern und Slowenien. <\/span><\/p>\n<p><span class=\"value\">Die meisten der genau recherchierten Klettersteige sind wie gewohnt mit detaillierten Farbtopos, einem genauen Anforderungsprofil, Kartenausschnitten und umfangreichen Informationen versehen. Der Touren-App Zugang erm\u00f6glicht zus\u00e4tzlich f\u00fcr drei Jahre den Zugriff auf laufend aktualisierte Toureninfos, Topos und die GPS-Daten der Touren. In der Touren-App findet man auch neue, nach Ver\u00f6ffentlichung des Buches errichtete Klettersteige! <\/span><\/p>\n<p><span class=\"value\">Besonderer Wert wurde auf aussagekr\u00e4ftige Skizzen (Topos) gelegt, in denen neben der exakten Bewertung der einzelnen Steigabschnitte auch auf m\u00f6gliche Gefahrenstellen (z. B. Schneerinnen, Steinschlagzonen) hingewiesen wird. Die Informationen wurden in enger Zusammenarbeit mit Gebietskennern, Klettersteigbau-Firmen, Bergf\u00fchrern und H\u00fcttenwirten gesammelt. Das Buch wird vom Verband der \u00d6sterreichischen Berg- und Skif\u00fchrer empfohlen.<\/span><\/p>\n<p>611 Seiten, Format 15,4 x 22 cm, vierf\u00e4rbig gedruckt, stabile Fadenheftung,<br \/>\nmit Steig-Topos, Zu- u. Abstiegskarten, ca. 1600 Farbfotos, mit Zugang zur<br \/>\nTouren-App<\/p>\n<p>There are also short English abstracts with the most important information<br \/>\nabout the fixed rope routes in the book. The Topos and GPX-Tracks are in the<br \/>\nApp.<\/p>","protected":false},"excerpt":{"rendered":"<ul>\n<li><a href=\"https:\/\/youtu.be\/gqakZkxh8x0\" target=\"_blank\" rel=\"noopener\">Video: Klettersteigf\u00fchrer \u00d6sterreich<\/a><\/li>\n<\/ul>","protected":false},"featured_media":165706,"template":"","meta":[],"product_brand":[],"product_cat":[21544],"product_tag":[],"class_list":{"0":"post-153524","1":"product","2":"type-product","3":"status-publish","4":"has-post-thumbnail","6":"product_cat-fuehrerliteratur-alpin-sommer","7":"pa_autor-jentzsch-rabl-wissekal","8":"pa_erscheinungsjahr-27013","9":"pa_region-oesterreich","10":"pa_sprache-de-en","12":"first","13":"instock","14":"taxable","15":"shipping-taxable","16":"purchasable","17":"product-type-simple"},"_links":{"self":[{"href":"https:\/\/pizbube.ch\/en\/wp-json\/wp\/v2\/product\/153524","targetHints":{"allow":["GET"]}}],"collection":[{"href":"https:\/\/pizbube.ch\/en\/wp-json\/wp\/v2\/product"}],"about":[{"href":"https:\/\/pizbube.ch\/en\/wp-json\/wp\/v2\/types\/product"}],"wp:featuredmedia":[{"embeddable":true,"href":"https:\/\/pizbube.ch\/en\/wp-json\/wp\/v2\/media\/165706"}],"wp:attachment":[{"href":"https:\/\/pizbube.ch\/en\/wp-json\/wp\/v2\/media?parent=153524"}],"wp:term":[{"taxonomy":"product_brand","embeddable":true,"href":"https:\/\/pizbube.ch\/en\/wp-json\/wp\/v2\/product_brand?post=153524"},{"taxonomy":"product_cat","embeddable":true,"href":"https:\/\/pizbube.ch\/en\/wp-json\/wp\/v2\/product_cat?post=153524"},{"taxonomy":"product_tag","embeddable":true,"href":"https:\/\/pizbube.ch\/en\/wp-json\/wp\/v2\/product_tag?post=153524"}],"curies":[{"name":"wp","href":"https:\/\/api.w.org\/{rel}","templated":true}]}}