{"id":153525,"date":"2021-01-15T12:37:56","date_gmt":"2021-01-15T12:37:56","guid":{"rendered":"https:\/\/codengine3.ch\/?product=import-placeholder-for-203310"},"modified":"2021-01-15T14:22:00","modified_gmt":"2021-01-15T14:22:00","slug":"klettersteigfuehrer-nordalpen","status":"publish","type":"product","link":"https:\/\/pizbube.ch\/en\/shop\/klettersteigfuehrer-nordalpen\/","title":{"rendered":"Klettersteigf\u00fchrer Nordalpen"},"content":{"rendered":"<p>Alle Klettersteige vom Bodensee bis zu den Hohen Tauern. Zu jeder Tour gibt es<br \/>\nInformationen zu Schwierigkeit, Dauer und H\u00f6henunterschied. Die Touren werden<br \/>\ninklusive Anfahrt und Zustieg ausf\u00fchrlich beschrieben, \u00dcbersichtskarten und<br \/>\nTopos erleichtern die Orientierung. Tipps zu Wegvarianten und Highlights<br \/>\nabseits der Tour runden den Band ab. 216 Seiten, mit 180 Abbildungen.<\/p>","protected":false},"excerpt":{"rendered":"<p>Alle Klettersteige vom Bodensee bis zu den Hohen Tauern. Zu jeder Tour gibt es Informationen zu Schwierigkeit, Dauer und H\u00f6henunterschied. Die Touren werden inklusive Anfahrt und Zustieg ausf\u00fchrlich beschrieben, \u00dcbersichtskarten und Topos erleichtern die Orientierung. Tipps zu Wegvarianten und Highlights abseits der Tour runden den Band ab. 216 Seiten, mit 180 Abbildungen.<\/p>","protected":false},"featured_media":30893,"template":"","meta":[],"product_brand":[],"product_cat":[21544],"product_tag":[],"class_list":{"0":"post-153525","1":"product","2":"type-product","3":"status-publish","4":"has-post-thumbnail","6":"product_cat-fuehrerliteratur-alpin-sommer","7":"pa_autor-huesler","8":"pa_erscheinungsjahr-2007-na","9":"pa_region-oesterreich","10":"pa_sprache-de","12":"first","13":"instock","14":"taxable","15":"shipping-taxable","16":"purchasable","17":"product-type-simple"},"_links":{"self":[{"href":"https:\/\/pizbube.ch\/en\/wp-json\/wp\/v2\/product\/153525","targetHints":{"allow":["GET"]}}],"collection":[{"href":"https:\/\/pizbube.ch\/en\/wp-json\/wp\/v2\/product"}],"about":[{"href":"https:\/\/pizbube.ch\/en\/wp-json\/wp\/v2\/types\/product"}],"wp:featuredmedia":[{"embeddable":true,"href":"https:\/\/pizbube.ch\/en\/wp-json\/wp\/v2\/media\/30893"}],"wp:attachment":[{"href":"https:\/\/pizbube.ch\/en\/wp-json\/wp\/v2\/media?parent=153525"}],"wp:term":[{"taxonomy":"product_brand","embeddable":true,"href":"https:\/\/pizbube.ch\/en\/wp-json\/wp\/v2\/product_brand?post=153525"},{"taxonomy":"product_cat","embeddable":true,"href":"https:\/\/pizbube.ch\/en\/wp-json\/wp\/v2\/product_cat?post=153525"},{"taxonomy":"product_tag","embeddable":true,"href":"https:\/\/pizbube.ch\/en\/wp-json\/wp\/v2\/product_tag?post=153525"}],"curies":[{"name":"wp","href":"https:\/\/api.w.org\/{rel}","templated":true}]}}