{"id":153526,"date":"2021-01-15T12:37:57","date_gmt":"2021-01-15T12:37:57","guid":{"rendered":"https:\/\/codengine3.ch\/?product=import-placeholder-for-207073"},"modified":"2025-07-23T14:18:47","modified_gmt":"2025-07-23T12:18:47","slug":"vier-quellen-weg-im-gotthardmassiv","status":"publish","type":"product","link":"https:\/\/pizbube.ch\/en\/shop\/vier-quellen-weg-im-gotthardmassiv\/","title":{"rendered":"Vier-Quellen-Weg im Gotthardmassiv"},"content":{"rendered":"<p>Wanderungen zu den Quellen des Rheins, der Reuss, des Ticino und der Rhone.<br \/>\nDer andere Wanderf\u00fchrer<\/p>\n<p>Wasser \u2014 Element des Lebens<br \/>\nIm Gotthardmassiv entspringen die Fl\u00fcsse Rhein, Reuss, Ticino und Rhone. Zu<br \/>\nderen Quellen f\u00fchrt der 85 Kilometer lange Vier-Quellen-Weg, den man In<br \/>\nTagesetappen oder in einer zusammenh\u00e4ngenden f\u00fcnft\u00e4gigen Wanderung zur\u00fccklegen<br \/>\nkann. Der Weg erm\u00f6glicht die Entdeckung einzigartiger Landschaften und macht<br \/>\ndie Bedeutung des Wassers als wertvolle Ressource bewusst.<\/p>\n<p>Zur Verwirklichung und Bewirtschaftung des Weges wurde die Stiftung Vier-<br \/>\nQuellen-Weg gegr\u00fcndet, die auch den passenden Wanderf\u00fchrer mit 98 Abbildungen,<br \/>\nsieben Grafiken und sechs Karten herausgibt. Die Wegbeschreibungen hat Josef<br \/>\nArnold-Luzzani aus Schattdorf verfasst. Armin Furrer aus Luzern hat das Buch<br \/>\ngestaltet und den Vier-Quellen-Weg fotografisch dokumentiert. Der Wanderf\u00fchrer<br \/>\nerscheint in den Sprachen deutsch, franz\u00f6sisch, italienisch und englisch. Er<br \/>\nenth\u00e4lt auch interessante Fachbeitr\u00e4ge zur Kulturgeschichte, \u00fcber Pflanzen,<br \/>\nTiere und geologische Ph\u00e4nomene sowie \u00fcber die Nutzung der Wasserkraft im<br \/>\nGotthardgebiet.<\/p>\n<p>Paperback 88 Seiten, 111 Abbildungen, Format 12,5 x 18 cm.<\/p>","protected":false},"excerpt":{"rendered":"<p>Wanderungen zu den Quellen des Rheins, der Reuss, des Ticino und der Rhone. Der andere Wanderf\u00fchrer Wasser \u2014 Element des Lebens Im Gotthardmassiv entspringen die Fl\u00fcsse Rhein, Reuss, Ticino und Rhone. Zu deren Quellen f\u00fchrt der 85 Kilometer lange Vier-Quellen-Weg, den man In Tagesetappen oder in einer zusammenh\u00e4ngenden f\u00fcnft\u00e4gigen Wanderung zur\u00fccklegen kann. Der Weg erm\u00f6glicht [&#8230;]\n","protected":false},"featured_media":180630,"template":"","meta":[],"product_brand":[],"product_cat":[21605],"product_tag":[],"class_list":{"0":"post-153526","1":"product","2":"type-product","3":"status-publish","4":"has-post-thumbnail","6":"product_cat-wanderfuehrer-trekking","7":"pa_autor-arnold-luzzani","8":"pa_erscheinungsjahr-21586","9":"pa_region-schweiz","10":"pa_sprache-de","12":"first","13":"instock","14":"taxable","15":"shipping-taxable","16":"purchasable","17":"product-type-simple"},"_links":{"self":[{"href":"https:\/\/pizbube.ch\/en\/wp-json\/wp\/v2\/product\/153526","targetHints":{"allow":["GET"]}}],"collection":[{"href":"https:\/\/pizbube.ch\/en\/wp-json\/wp\/v2\/product"}],"about":[{"href":"https:\/\/pizbube.ch\/en\/wp-json\/wp\/v2\/types\/product"}],"wp:featuredmedia":[{"embeddable":true,"href":"https:\/\/pizbube.ch\/en\/wp-json\/wp\/v2\/media\/180630"}],"wp:attachment":[{"href":"https:\/\/pizbube.ch\/en\/wp-json\/wp\/v2\/media?parent=153526"}],"wp:term":[{"taxonomy":"product_brand","embeddable":true,"href":"https:\/\/pizbube.ch\/en\/wp-json\/wp\/v2\/product_brand?post=153526"},{"taxonomy":"product_cat","embeddable":true,"href":"https:\/\/pizbube.ch\/en\/wp-json\/wp\/v2\/product_cat?post=153526"},{"taxonomy":"product_tag","embeddable":true,"href":"https:\/\/pizbube.ch\/en\/wp-json\/wp\/v2\/product_tag?post=153526"}],"curies":[{"name":"wp","href":"https:\/\/api.w.org\/{rel}","templated":true}]}}