{"id":153533,"date":"2021-01-15T12:37:58","date_gmt":"2021-01-15T12:37:58","guid":{"rendered":"https:\/\/codengine3.ch\/?product=import-placeholder-for-206519"},"modified":"2021-01-15T14:49:33","modified_gmt":"2021-01-15T14:49:33","slug":"reinhold-messners-kletterfavoriten","status":"publish","type":"product","link":"https:\/\/pizbube.ch\/en\/shop\/reinhold-messners-kletterfavoriten\/","title":{"rendered":"Reinhold Messners Kletterfavoriten"},"content":{"rendered":"<p>Auf den Spuren der Bergsteigerlegende in den Dolomiten  <\/p>\n<p>Er kennt die Welt der Berge und die Berge der Welt wie kaum ein zweiter.<br \/>\nSeiner S\u00fcdtiroler Heimat aber ist Reinhold Messner bis heute besonders<br \/>\nverbunden. Hier erz\u00e4hlt Ivo Rabanser, ein enger Freund Messners, in<br \/>\nausgew\u00e4hlten Touren, warum bestimmte Gipfel, Almen und H\u00fctten der Dolomiten<br \/>\nder Berglegende am Herzen liegen. Au\u00dfergew\u00f6hnliche Menschen, extreme<br \/>\nSituationen, atemberaubende Natur begegnen dem Leser in einf\u00fchlsam<br \/>\nportr\u00e4tierte Touren.  <\/p>","protected":false},"excerpt":{"rendered":"<p>Auf den Spuren der Bergsteigerlegende in den Dolomiten Er kennt die Welt der Berge und die Berge der Welt wie kaum ein zweiter. Seiner S\u00fcdtiroler Heimat aber ist Reinhold Messner bis heute besonders verbunden. Hier erz\u00e4hlt Ivo Rabanser, ein enger Freund Messners, in ausgew\u00e4hlten Touren, warum bestimmte Gipfel, Almen und H\u00fctten der Dolomiten der Berglegende [&#8230;]\n","protected":false},"featured_media":35571,"template":"","meta":[],"product_brand":[],"product_cat":[21542],"product_tag":[],"class_list":{"0":"post-153533","1":"product","2":"type-product","3":"status-publish","4":"has-post-thumbnail","6":"product_cat-sachbuecher-dokumentationen","7":"pa_autor-rabanser","8":"pa_erscheinungsjahr-21610","9":"pa_region-italien","10":"pa_sprache-de","12":"first","13":"outofstock","14":"taxable","15":"shipping-taxable","16":"purchasable","17":"product-type-simple"},"_links":{"self":[{"href":"https:\/\/pizbube.ch\/en\/wp-json\/wp\/v2\/product\/153533","targetHints":{"allow":["GET"]}}],"collection":[{"href":"https:\/\/pizbube.ch\/en\/wp-json\/wp\/v2\/product"}],"about":[{"href":"https:\/\/pizbube.ch\/en\/wp-json\/wp\/v2\/types\/product"}],"wp:featuredmedia":[{"embeddable":true,"href":"https:\/\/pizbube.ch\/en\/wp-json\/wp\/v2\/media\/35571"}],"wp:attachment":[{"href":"https:\/\/pizbube.ch\/en\/wp-json\/wp\/v2\/media?parent=153533"}],"wp:term":[{"taxonomy":"product_brand","embeddable":true,"href":"https:\/\/pizbube.ch\/en\/wp-json\/wp\/v2\/product_brand?post=153533"},{"taxonomy":"product_cat","embeddable":true,"href":"https:\/\/pizbube.ch\/en\/wp-json\/wp\/v2\/product_cat?post=153533"},{"taxonomy":"product_tag","embeddable":true,"href":"https:\/\/pizbube.ch\/en\/wp-json\/wp\/v2\/product_tag?post=153533"}],"curies":[{"name":"wp","href":"https:\/\/api.w.org\/{rel}","templated":true}]}}