{"id":153536,"date":"2021-01-15T12:37:59","date_gmt":"2021-01-15T12:37:59","guid":{"rendered":"https:\/\/codengine3.ch\/?product=import-placeholder-for-202643"},"modified":"2021-01-15T12:38:04","modified_gmt":"2021-01-15T12:38:04","slug":"tellereisen","status":"publish","type":"product","link":"https:\/\/pizbube.ch\/en\/shop\/tellereisen\/","title":{"rendered":"Tellereisen"},"content":{"rendered":"<p>Walther Kauers gleichnamiger Roman erz\u00e4hlt die Geschichte des Journalisten und<br \/>\nSchriftstellers Martial, den es ins Bergell verschlagen hat. Im Auftrag des<br \/>\nRundfunks recherchiert er in einheimischen Archiven \u00fcber die Historie des<br \/>\nB\u00fcndner Tals zur Zeit des Dreissigj\u00e4hrigen Kriegs. Von den Einheimischen als<br \/>\nFremdling angefeindet und unter den Nachwirkungen einer ungl\u00fccklichen<br \/>\nBeziehung leidend, st\u00fcrzt er sich mit Verbissenheit in die Arbeit. Er st\u00f6sst<br \/>\ndabei auf die Geschichte einer Gruppe von Aufst\u00e4ndischen, die, einst<br \/>\nbewundert, als Ge\u00e4chtete enden. Als Ketzer angeklagt und verurteilt aufgrund<br \/>\nvon Schuldgest\u00e4ndnissen, die unter brutalster Folter erzwungen wurden, werden<br \/>\nsie schliesslich hingerichtet.  <\/p>","protected":false},"excerpt":{"rendered":"<p>Walther Kauers gleichnamiger Roman erz\u00e4hlt die Geschichte des Journalisten und Schriftstellers Martial, den es ins Bergell verschlagen hat. Im Auftrag des Rundfunks recherchiert er in einheimischen Archiven \u00fcber die Historie des B\u00fcndner Tals zur Zeit des Dreissigj\u00e4hrigen Kriegs. Von den Einheimischen als Fremdling angefeindet und unter den Nachwirkungen einer ungl\u00fccklichen Beziehung leidend, st\u00fcrzt er sich [&#8230;]\n","protected":false},"featured_media":30066,"template":"","meta":[],"product_brand":[],"product_cat":[21629],"product_tag":[],"class_list":{"0":"post-153536","1":"product","2":"type-product","3":"status-publish","4":"has-post-thumbnail","6":"product_cat-belletristik","7":"pa_autor-kauer","8":"pa_erscheinungsjahr-22144","9":"pa_region-schweiz","10":"pa_sprache-de","12":"first","13":"instock","14":"taxable","15":"shipping-taxable","16":"purchasable","17":"product-type-simple"},"_links":{"self":[{"href":"https:\/\/pizbube.ch\/en\/wp-json\/wp\/v2\/product\/153536","targetHints":{"allow":["GET"]}}],"collection":[{"href":"https:\/\/pizbube.ch\/en\/wp-json\/wp\/v2\/product"}],"about":[{"href":"https:\/\/pizbube.ch\/en\/wp-json\/wp\/v2\/types\/product"}],"wp:featuredmedia":[{"embeddable":true,"href":"https:\/\/pizbube.ch\/en\/wp-json\/wp\/v2\/media\/30066"}],"wp:attachment":[{"href":"https:\/\/pizbube.ch\/en\/wp-json\/wp\/v2\/media?parent=153536"}],"wp:term":[{"taxonomy":"product_brand","embeddable":true,"href":"https:\/\/pizbube.ch\/en\/wp-json\/wp\/v2\/product_brand?post=153536"},{"taxonomy":"product_cat","embeddable":true,"href":"https:\/\/pizbube.ch\/en\/wp-json\/wp\/v2\/product_cat?post=153536"},{"taxonomy":"product_tag","embeddable":true,"href":"https:\/\/pizbube.ch\/en\/wp-json\/wp\/v2\/product_tag?post=153536"}],"curies":[{"name":"wp","href":"https:\/\/api.w.org\/{rel}","templated":true}]}}