{"id":153537,"date":"2021-01-15T12:37:59","date_gmt":"2021-01-15T12:37:59","guid":{"rendered":"https:\/\/codengine3.ch\/?product=import-placeholder-for-208191"},"modified":"2021-01-15T17:51:15","modified_gmt":"2021-01-15T17:51:15","slug":"tamangur","status":"publish","type":"product","link":"https:\/\/pizbube.ch\/en\/shop\/tamangur\/","title":{"rendered":"Tamangur"},"content":{"rendered":"<p>Roman<\/p>\n<p>Die Gro\u00dfmutter, der J\u00e4ger und das Kind<br \/>\nEin Dorf voller Schatten im Tal. Tief hat sich der Fluss in die Felsen<br \/>\neingegraben. Eine Kirche, ein Schulhaus, der Dorfplatz mit der L\u00fcgenbank. Hier<br \/>\nlebt das Kind zusammen mit der Gro\u00dfmutter. Der dritte Stuhl am Tisch ist leer,<br \/>\nder Gro\u00dfvater, der ein J\u00e4ger war, ist jetzt in Tamangur.  <\/p>\n<p>&#171;Das Dorf ist nicht mehr, als ein Fliegendreck auf der Landkarte&#187;, sagt die<br \/>\nGro\u00dfmutter, und in der K\u00fcche hat sie Nadeln an die Weltkarte gesteckt:<br \/>\nVenezia, Tumbaco, Havanna, Paris. Dorthin denkt sie sich gern zur\u00fcck. Sie hat<br \/>\nkeine Lust, auf dem B\u00e4nkchen vor dem Haus Socken zu stricken. Socken hat sie<br \/>\ngenug gestrickt. F\u00fcr den Gro\u00dfvater, der F\u00fc\u00dfe hatte wie Seide.  <\/p>\n<p>F\u00fcr das Kind, das immer davon tr\u00e4umen muss, wie sich der K\u00f6rper des kleinen<br \/>\nBruders auf dem Fluss Richtung Schwarzes Meer entfernt, ist die Gro\u00dfmutter ein<br \/>\nGl\u00fcck. Sie hat ein gro\u00dfes Herz. Auch f\u00fcr den kleinen Schornsteinfeger oder die<br \/>\nSchneiderin, die Erinnerungen klaut, und vor allem f\u00fcr die wundervolle Elsa,<br \/>\ndie zu den Seltsamen geh\u00f6rt und manchmal Elvis Presley zum Abendessen<br \/>\nmitbringt.<br \/>\nMit Feingesp\u00fcr, W\u00e4rme und Humor, in schn\u00f6rkelloser aber bildreicher Sprache<br \/>\nf\u00e4ngt Leta Semadeni die Welt der Gro\u00dfmutter und des Kindes ein und \u00f6ffnet uns<br \/>\nden Alltag zweier Menschen, die sich gegenseitig am Leben halten: Ein<br \/>\nfreundliches, manchmal absurdes Tagein Tagaus, unter dem, immer sp\u00fcrbar, das<br \/>\nmenschliche Drama lauert.  <\/p>\n<p>Erweiterte Neuausgabe, Auflage 2019  <\/p>","protected":false},"excerpt":{"rendered":"<p>Roman Die Gro\u00dfmutter, der J\u00e4ger und das Kind Ein Dorf voller Schatten im Tal. Tief hat sich der Fluss in die Felsen eingegraben. Eine Kirche, ein Schulhaus, der Dorfplatz mit der L\u00fcgenbank. Hier lebt das Kind zusammen mit der Gro\u00dfmutter. Der dritte Stuhl am Tisch ist leer, der Gro\u00dfvater, der ein J\u00e4ger war, ist jetzt [&#8230;]\n","protected":false},"featured_media":39587,"template":"","meta":[],"product_brand":[],"product_cat":[21629],"product_tag":[],"class_list":{"0":"post-153537","1":"product","2":"type-product","3":"status-publish","4":"has-post-thumbnail","6":"product_cat-belletristik","7":"pa_autor-semadeni","8":"pa_erscheinungsjahr-21586","9":"pa_region-schweiz","10":"pa_sprache-de","12":"first","13":"instock","14":"taxable","15":"shipping-taxable","16":"purchasable","17":"product-type-simple"},"_links":{"self":[{"href":"https:\/\/pizbube.ch\/en\/wp-json\/wp\/v2\/product\/153537","targetHints":{"allow":["GET"]}}],"collection":[{"href":"https:\/\/pizbube.ch\/en\/wp-json\/wp\/v2\/product"}],"about":[{"href":"https:\/\/pizbube.ch\/en\/wp-json\/wp\/v2\/types\/product"}],"wp:featuredmedia":[{"embeddable":true,"href":"https:\/\/pizbube.ch\/en\/wp-json\/wp\/v2\/media\/39587"}],"wp:attachment":[{"href":"https:\/\/pizbube.ch\/en\/wp-json\/wp\/v2\/media?parent=153537"}],"wp:term":[{"taxonomy":"product_brand","embeddable":true,"href":"https:\/\/pizbube.ch\/en\/wp-json\/wp\/v2\/product_brand?post=153537"},{"taxonomy":"product_cat","embeddable":true,"href":"https:\/\/pizbube.ch\/en\/wp-json\/wp\/v2\/product_cat?post=153537"},{"taxonomy":"product_tag","embeddable":true,"href":"https:\/\/pizbube.ch\/en\/wp-json\/wp\/v2\/product_tag?post=153537"}],"curies":[{"name":"wp","href":"https:\/\/api.w.org\/{rel}","templated":true}]}}