{"id":153538,"date":"2021-01-15T12:38:05","date_gmt":"2021-01-15T12:38:05","guid":{"rendered":"https:\/\/codengine3.ch\/?product=import-placeholder-for-202648"},"modified":"2026-03-14T14:02:54","modified_gmt":"2026-03-14T13:02:54","slug":"toggenburger-sagen","status":"publish","type":"product","link":"https:\/\/pizbube.ch\/en\/shop\/toggenburger-sagen\/","title":{"rendered":"Toggenburger Sagen"},"content":{"rendered":"<p>Gut und B\u00f6se, Schuld, s\u00fchne und Erl\u00f6sung, hohe Ideale und abgrundtiefes<br \/>\nGrauen, bittere Armut und der Traum vom unverhpfften Gl\u00fcck sind der Stoff, aus<br \/>\ndem seit Urzeiten gute Geschichten sind.<\/p>\n<p>Eine Wanderung durch die Sagenwelt am Fusse der Churfirsten.<\/p>\n<p>19 farb., s\/w. Abb. 55 S.;<br \/>\n4. erweiterte Auflg. 2025<\/p>","protected":false},"excerpt":{"rendered":"<p>Gut und B\u00f6se, Schuld, s\u00fchne und Erl\u00f6sung, hohe Ideale und abgrundtiefes Grauen, bittere Armut und der Traum vom unverhpfften Gl\u00fcck sind der Stoff, aus dem seit Urzeiten gute Geschichten sind. Eine Wanderung durch die Sagenwelt am Fusse der Churfirsten. 19 farb., s\/w. Abb. 55 S.; 4. erweiterte Auflg. 2025<\/p>","protected":false},"featured_media":181344,"template":"","meta":[],"product_brand":[],"product_cat":[21580],"product_tag":[],"class_list":{"0":"post-153538","1":"product","2":"type-product","3":"status-publish","4":"has-post-thumbnail","6":"product_cat-kunst-kultur","7":"pa_autor-zaugg","8":"pa_erscheinungsjahr-27415","9":"pa_region-schweiz","10":"pa_sprache-de","12":"first","13":"onbackorder","14":"taxable","15":"shipping-taxable","16":"purchasable","17":"product-type-simple"},"_links":{"self":[{"href":"https:\/\/pizbube.ch\/en\/wp-json\/wp\/v2\/product\/153538","targetHints":{"allow":["GET"]}}],"collection":[{"href":"https:\/\/pizbube.ch\/en\/wp-json\/wp\/v2\/product"}],"about":[{"href":"https:\/\/pizbube.ch\/en\/wp-json\/wp\/v2\/types\/product"}],"wp:featuredmedia":[{"embeddable":true,"href":"https:\/\/pizbube.ch\/en\/wp-json\/wp\/v2\/media\/181344"}],"wp:attachment":[{"href":"https:\/\/pizbube.ch\/en\/wp-json\/wp\/v2\/media?parent=153538"}],"wp:term":[{"taxonomy":"product_brand","embeddable":true,"href":"https:\/\/pizbube.ch\/en\/wp-json\/wp\/v2\/product_brand?post=153538"},{"taxonomy":"product_cat","embeddable":true,"href":"https:\/\/pizbube.ch\/en\/wp-json\/wp\/v2\/product_cat?post=153538"},{"taxonomy":"product_tag","embeddable":true,"href":"https:\/\/pizbube.ch\/en\/wp-json\/wp\/v2\/product_tag?post=153538"}],"curies":[{"name":"wp","href":"https:\/\/api.w.org\/{rel}","templated":true}]}}