{"id":153539,"date":"2021-01-15T12:38:06","date_gmt":"2021-01-15T12:38:06","guid":{"rendered":"https:\/\/codengine3.ch\/?product=import-placeholder-for-204275"},"modified":"2023-03-28T09:30:20","modified_gmt":"2023-03-28T07:30:20","slug":"die-100-schoensten-wanderungen-im-kanton-st-gallen","status":"publish","type":"product","link":"https:\/\/pizbube.ch\/en\/shop\/die-100-schoensten-wanderungen-im-kanton-st-gallen\/","title":{"rendered":"Die 100 sch\u00f6nsten Wanderungen im Kanton St. Gallen"},"content":{"rendered":"<p>Ob eine zweist\u00fcndige Blustwanderung im F\u00fcrstenland oder eine anspruchsvolle<br \/>\nBesteigung des Gonzen nur f\u00fcr Schwindelfreie &#8211; in unserem Wanderbuch finden<br \/>\nSie Wanderungen f\u00fcr jeden Geschmack und aus jeder Region des Kantons St.<br \/>\nGallen!<\/p>\n<p>Alle 100 Wandervorschl\u00e4ge sind auf je einer Buchseite beschrieben. Ein Bild<br \/>\nmacht Lust zum Wandern und ein Skizze zeigt den Wegverlauf, damit man ihn auf<br \/>\nder Landkarte sofort findet. Das H\u00f6henprofil zeigt auf einen Blick, ob man<br \/>\nsich die Wanderung zutrauen kann oder ob es zu viel Auf und Ab geht. (2.<br \/>\nAuflg.)<\/p>","protected":false},"excerpt":{"rendered":"<p>Ob eine zweist\u00fcndige Blustwanderung im F\u00fcrstenland oder eine anspruchsvolle Besteigung des Gonzen nur f\u00fcr Schwindelfreie &#8211; in unserem Wanderbuch finden Sie Wanderungen f\u00fcr jeden Geschmack und aus jeder Region des Kantons St. Gallen! Alle 100 Wandervorschl\u00e4ge sind auf je einer Buchseite beschrieben. Ein Bild macht Lust zum Wandern und ein Skizze zeigt den Wegverlauf, damit [&#8230;]\n","protected":false},"featured_media":32097,"template":"","meta":[],"product_brand":[],"product_cat":[21605],"product_tag":[],"class_list":{"0":"post-153539","1":"product","2":"type-product","3":"status-publish","4":"has-post-thumbnail","6":"product_cat-wanderfuehrer-trekking","7":"pa_autor-kern-et-alt","8":"pa_erscheinungsjahr-21763","9":"pa_region-schweiz","10":"pa_sprache-de","12":"first","13":"outofstock","14":"taxable","15":"shipping-taxable","16":"purchasable","17":"product-type-simple"},"_links":{"self":[{"href":"https:\/\/pizbube.ch\/en\/wp-json\/wp\/v2\/product\/153539","targetHints":{"allow":["GET"]}}],"collection":[{"href":"https:\/\/pizbube.ch\/en\/wp-json\/wp\/v2\/product"}],"about":[{"href":"https:\/\/pizbube.ch\/en\/wp-json\/wp\/v2\/types\/product"}],"wp:featuredmedia":[{"embeddable":true,"href":"https:\/\/pizbube.ch\/en\/wp-json\/wp\/v2\/media\/32097"}],"wp:attachment":[{"href":"https:\/\/pizbube.ch\/en\/wp-json\/wp\/v2\/media?parent=153539"}],"wp:term":[{"taxonomy":"product_brand","embeddable":true,"href":"https:\/\/pizbube.ch\/en\/wp-json\/wp\/v2\/product_brand?post=153539"},{"taxonomy":"product_cat","embeddable":true,"href":"https:\/\/pizbube.ch\/en\/wp-json\/wp\/v2\/product_cat?post=153539"},{"taxonomy":"product_tag","embeddable":true,"href":"https:\/\/pizbube.ch\/en\/wp-json\/wp\/v2\/product_tag?post=153539"}],"curies":[{"name":"wp","href":"https:\/\/api.w.org\/{rel}","templated":true}]}}