{"id":153548,"date":"2021-01-15T12:38:07","date_gmt":"2021-01-15T12:38:07","guid":{"rendered":"https:\/\/codengine3.ch\/?product=import-placeholder-for-202657"},"modified":"2021-01-15T12:38:11","modified_gmt":"2021-01-15T12:38:11","slug":"sadernes-i-beuda","status":"publish","type":"product","link":"https:\/\/pizbube.ch\/en\/shop\/sadernes-i-beuda\/","title":{"rendered":"Sadernes i Beuda"},"content":{"rendered":"<p>Sadernes est\u00e0 situada dins de la Garrotxa, que \u00e9s una de les comarques m\u00e9s<br \/>\nbelles de Catalunya.Topoguidebook<\/p>","protected":false},"excerpt":{"rendered":"<p>Sadernes est\u00e0 situada dins de la Garrotxa, que \u00e9s una de les comarques m\u00e9s belles de Catalunya.Topoguidebook<\/p>","protected":false},"featured_media":30081,"template":"","meta":[],"product_brand":[],"product_cat":[21539],"product_tag":[],"class_list":{"0":"post-153548","1":"product","2":"type-product","3":"status-publish","4":"has-post-thumbnail","6":"product_cat-fuehrerliteratur-sportklettern-bouldern","7":"pa_autor-terma-alfonso-buxo","8":"pa_erscheinungsjahr-22150","9":"pa_region-spanien","10":"pa_sprache-espagnol","12":"first","13":"outofstock","14":"taxable","15":"shipping-taxable","16":"purchasable","17":"product-type-simple"},"_links":{"self":[{"href":"https:\/\/pizbube.ch\/en\/wp-json\/wp\/v2\/product\/153548","targetHints":{"allow":["GET"]}}],"collection":[{"href":"https:\/\/pizbube.ch\/en\/wp-json\/wp\/v2\/product"}],"about":[{"href":"https:\/\/pizbube.ch\/en\/wp-json\/wp\/v2\/types\/product"}],"wp:featuredmedia":[{"embeddable":true,"href":"https:\/\/pizbube.ch\/en\/wp-json\/wp\/v2\/media\/30081"}],"wp:attachment":[{"href":"https:\/\/pizbube.ch\/en\/wp-json\/wp\/v2\/media?parent=153548"}],"wp:term":[{"taxonomy":"product_brand","embeddable":true,"href":"https:\/\/pizbube.ch\/en\/wp-json\/wp\/v2\/product_brand?post=153548"},{"taxonomy":"product_cat","embeddable":true,"href":"https:\/\/pizbube.ch\/en\/wp-json\/wp\/v2\/product_cat?post=153548"},{"taxonomy":"product_tag","embeddable":true,"href":"https:\/\/pizbube.ch\/en\/wp-json\/wp\/v2\/product_tag?post=153548"}],"curies":[{"name":"wp","href":"https:\/\/api.w.org\/{rel}","templated":true}]}}