{"id":153549,"date":"2021-01-15T12:38:07","date_gmt":"2021-01-15T12:38:07","guid":{"rendered":"https:\/\/codengine3.ch\/?product=import-placeholder-for-202658"},"modified":"2021-01-15T12:38:11","modified_gmt":"2021-01-15T12:38:11","slug":"ports","status":"publish","type":"product","link":"https:\/\/pizbube.ch\/en\/shop\/ports\/","title":{"rendered":"Ports"},"content":{"rendered":"<p>Topoguidebook: La Guia dels Ports t\u00e9 m\u00e9s de 200 p\u00e0gines i recopila vies de<br \/>\nzones d&#8217;escalada situades al sud de la prov\u00edncia de Tarragona, m\u00e9s enll\u00e0 de<br \/>\nGandesa.  <\/p>","protected":false},"excerpt":{"rendered":"<p>Topoguidebook: La Guia dels Ports t\u00e9 m\u00e9s de 200 p\u00e0gines i recopila vies de zones d&#8217;escalada situades al sud de la prov\u00edncia de Tarragona, m\u00e9s enll\u00e0 de Gandesa.<\/p>","protected":false},"featured_media":30082,"template":"","meta":[],"product_brand":[],"product_cat":[21539],"product_tag":[],"class_list":{"0":"post-153549","1":"product","2":"type-product","3":"status-publish","4":"has-post-thumbnail","6":"product_cat-fuehrerliteratur-sportklettern-bouldern","7":"pa_autor-alfonso","8":"pa_autor-buxo","9":"pa_erscheinungsjahr-22151","10":"pa_region-spanien","11":"pa_sprache-espagnol","13":"first","14":"instock","15":"taxable","16":"shipping-taxable","17":"purchasable","18":"product-type-simple"},"_links":{"self":[{"href":"https:\/\/pizbube.ch\/en\/wp-json\/wp\/v2\/product\/153549","targetHints":{"allow":["GET"]}}],"collection":[{"href":"https:\/\/pizbube.ch\/en\/wp-json\/wp\/v2\/product"}],"about":[{"href":"https:\/\/pizbube.ch\/en\/wp-json\/wp\/v2\/types\/product"}],"wp:featuredmedia":[{"embeddable":true,"href":"https:\/\/pizbube.ch\/en\/wp-json\/wp\/v2\/media\/30082"}],"wp:attachment":[{"href":"https:\/\/pizbube.ch\/en\/wp-json\/wp\/v2\/media?parent=153549"}],"wp:term":[{"taxonomy":"product_brand","embeddable":true,"href":"https:\/\/pizbube.ch\/en\/wp-json\/wp\/v2\/product_brand?post=153549"},{"taxonomy":"product_cat","embeddable":true,"href":"https:\/\/pizbube.ch\/en\/wp-json\/wp\/v2\/product_cat?post=153549"},{"taxonomy":"product_tag","embeddable":true,"href":"https:\/\/pizbube.ch\/en\/wp-json\/wp\/v2\/product_tag?post=153549"}],"curies":[{"name":"wp","href":"https:\/\/api.w.org\/{rel}","templated":true}]}}