{"id":153557,"date":"2021-01-15T12:38:14","date_gmt":"2021-01-15T12:38:14","guid":{"rendered":"https:\/\/codengine3.ch\/?product=import-placeholder-for-202670"},"modified":"2021-01-15T12:38:18","modified_gmt":"2021-01-15T12:38:18","slug":"guia-de-escalada-en-granada-los-cahorros-naranjito-y-los-vados","status":"publish","type":"product","link":"https:\/\/pizbube.ch\/en\/shop\/guia-de-escalada-en-granada-los-cahorros-naranjito-y-los-vados\/","title":{"rendered":"Gu\u00eda de escalada en Granada. Los Cahorros, Naranjito y los Vados"},"content":{"rendered":"<p>Gu\u00eda de escalada con formato de revista sobre las zonas granadinas de Los<br \/>\nCahorros, El Naranjito y Los Vados. En ella encontrar\u00e1s todo tipo y gustos de<br \/>\nescaladas, para no dar descanso a tus antebrazos en todo un a\u00f1o, ya que hay de<br \/>\ntoda clase de sectores y multitud de orientaciones. Dedicada a m\u00e1s de 500<br \/>\nrutas y totalmente actualizada con los \u00faltimos equipamientos. Todo esto sumado<br \/>\na una minuciosa explicaci\u00f3n zona por zona, y sector por sector para que sepas<br \/>\nen todo momento lo que m\u00e1s te conviene. Un recorrido desde casi al nivel del<br \/>\nmar en &#8218;Los Vados&#8216;, hasta los 1500 metros del majestuoso &#8218;Naranjito&#8216;, pasando<br \/>\npor la escuela reina de &#8218;Los Cachorros&#8216;. Contiene mapas y accesos a los<br \/>\nsectores de escalada, ilustraciones detalladas, croquis de las escaladas,<br \/>\ntablas de graduaci\u00f3n de las v\u00edas, y toda la informaci\u00f3n pr\u00e1ctica y necesaria<br \/>\nsobre acceso, clima, alojamiento, tipo de roca, etc&#8230; Con fotograf\u00edas en el<br \/>\ninterior.<\/p>","protected":false},"excerpt":{"rendered":"<p>Gu\u00eda de escalada con formato de revista sobre las zonas granadinas de Los Cahorros, El Naranjito y Los Vados. En ella encontrar\u00e1s todo tipo y gustos de escaladas, para no dar descanso a tus antebrazos en todo un a\u00f1o, ya que hay de toda clase de sectores y multitud de orientaciones. Dedicada a m\u00e1s de [&#8230;]\n","protected":false},"featured_media":30096,"template":"","meta":[],"product_brand":[],"product_cat":[21539],"product_tag":[],"class_list":{"0":"post-153557","1":"product","2":"type-product","3":"status-publish","4":"has-post-thumbnail","6":"product_cat-fuehrerliteratur-sportklettern-bouldern","7":"pa_autor-gomez","8":"pa_erscheinungsjahr-22144","9":"pa_region-spanien","10":"pa_sprache-sp","12":"first","13":"outofstock","14":"taxable","15":"shipping-taxable","16":"purchasable","17":"product-type-simple"},"_links":{"self":[{"href":"https:\/\/pizbube.ch\/en\/wp-json\/wp\/v2\/product\/153557","targetHints":{"allow":["GET"]}}],"collection":[{"href":"https:\/\/pizbube.ch\/en\/wp-json\/wp\/v2\/product"}],"about":[{"href":"https:\/\/pizbube.ch\/en\/wp-json\/wp\/v2\/types\/product"}],"wp:featuredmedia":[{"embeddable":true,"href":"https:\/\/pizbube.ch\/en\/wp-json\/wp\/v2\/media\/30096"}],"wp:attachment":[{"href":"https:\/\/pizbube.ch\/en\/wp-json\/wp\/v2\/media?parent=153557"}],"wp:term":[{"taxonomy":"product_brand","embeddable":true,"href":"https:\/\/pizbube.ch\/en\/wp-json\/wp\/v2\/product_brand?post=153557"},{"taxonomy":"product_cat","embeddable":true,"href":"https:\/\/pizbube.ch\/en\/wp-json\/wp\/v2\/product_cat?post=153557"},{"taxonomy":"product_tag","embeddable":true,"href":"https:\/\/pizbube.ch\/en\/wp-json\/wp\/v2\/product_tag?post=153557"}],"curies":[{"name":"wp","href":"https:\/\/api.w.org\/{rel}","templated":true}]}}