{"id":153559,"date":"2021-01-15T12:38:14","date_gmt":"2021-01-15T12:38:14","guid":{"rendered":"https:\/\/codengine3.ch\/?product=import-placeholder-for-202672"},"modified":"2023-01-18T14:49:30","modified_gmt":"2023-01-18T13:49:30","slug":"cascadas-de-hielo-en-espana","status":"publish","type":"product","link":"https:\/\/pizbube.ch\/en\/shop\/cascadas-de-hielo-en-espana\/","title":{"rendered":"Cascadas de hielo en Espana"},"content":{"rendered":"<p>Aunque de Espa\u00f1a no puede decirse que sea una tierra privilegiada para la<br \/>\npr\u00e1ctica de la escalada en hielo, la realidad es que la inquietud de los<br \/>\nalpinistas ha empujado a buscar hilos de agua detenidos moment\u00e1neamente por el<br \/>\nfr\u00edo, y pocas son las comunidades que no cuenten con un \u00e1rea donde dar rienda<br \/>\nsuelta a esta fant\u00e1stica pasi\u00f3n. Compendiar todas las zonas existentes, y<br \/>\nrecoger la totalidad de rutas trazadas, ser\u00eda un trabajo extenso y tal vez<br \/>\ninfinito.<\/p>\n<p>Por ello los autores han seleccionado 78 cascadas bellas y cl\u00e1sicas<br \/>\nimprescindibles de conocer en los Pirineos, Sierra de Neila, Sistema Central,<br \/>\nPicos de Europa y Sierra Nevada. La gu\u00eda cuenta con una ficha con informaci\u00f3n<br \/>\npr\u00e1ctica de cada una de las cascadas, fotograf\u00edas y trazados, planes generales<br \/>\ny detallados, y algo de literatura. Porque los autores han pensado que no<br \/>\ndespreciar\u00edamos conocer algo de historia, c\u00f3mo se grad\u00faa la dificultad o de<br \/>\nque modo se puede ahorrar algo de energ\u00eda progresando por el hielo.<\/p>\n<p>Tambi\u00e9n<br \/>\nincluye bibliograf\u00eda y n\u00fameros de tel\u00e9fono de algunos gu\u00edas especialistas en<br \/>\nescalada en hielo. En definitiva una completa gu\u00eda de las cascadas<br \/>\nimprescindibles de nuestro pa\u00eds.<\/p>\n<p>240 paginas<\/p>","protected":false},"excerpt":{"rendered":"<p>Aunque de Espa\u00f1a no puede decirse que sea una tierra privilegiada para la pr\u00e1ctica de la escalada en hielo, la realidad es que la inquietud de los alpinistas ha empujado a buscar hilos de agua detenidos moment\u00e1neamente por el fr\u00edo, y pocas son las comunidades que no cuenten con un \u00e1rea donde dar rienda suelta [&#8230;]\n","protected":false},"featured_media":165690,"template":"","meta":[],"product_brand":[],"product_cat":[21540],"product_tag":[],"class_list":{"0":"post-153559","1":"product","2":"type-product","3":"status-publish","4":"has-post-thumbnail","6":"product_cat-fuehrerliteratur-alpin-winter","7":"pa_autor-gordito","8":"pa_erscheinungsjahr-22144","9":"pa_region-spanien","10":"pa_sprache-sp","12":"first","13":"instock","14":"taxable","15":"shipping-taxable","16":"purchasable","17":"product-type-simple"},"_links":{"self":[{"href":"https:\/\/pizbube.ch\/en\/wp-json\/wp\/v2\/product\/153559","targetHints":{"allow":["GET"]}}],"collection":[{"href":"https:\/\/pizbube.ch\/en\/wp-json\/wp\/v2\/product"}],"about":[{"href":"https:\/\/pizbube.ch\/en\/wp-json\/wp\/v2\/types\/product"}],"wp:featuredmedia":[{"embeddable":true,"href":"https:\/\/pizbube.ch\/en\/wp-json\/wp\/v2\/media\/165690"}],"wp:attachment":[{"href":"https:\/\/pizbube.ch\/en\/wp-json\/wp\/v2\/media?parent=153559"}],"wp:term":[{"taxonomy":"product_brand","embeddable":true,"href":"https:\/\/pizbube.ch\/en\/wp-json\/wp\/v2\/product_brand?post=153559"},{"taxonomy":"product_cat","embeddable":true,"href":"https:\/\/pizbube.ch\/en\/wp-json\/wp\/v2\/product_cat?post=153559"},{"taxonomy":"product_tag","embeddable":true,"href":"https:\/\/pizbube.ch\/en\/wp-json\/wp\/v2\/product_tag?post=153559"}],"curies":[{"name":"wp","href":"https:\/\/api.w.org\/{rel}","templated":true}]}}