{"id":153560,"date":"2021-01-15T12:38:14","date_gmt":"2021-01-15T12:38:14","guid":{"rendered":"https:\/\/codengine3.ch\/?product=import-placeholder-for-206080"},"modified":"2021-01-15T14:46:13","modified_gmt":"2021-01-15T14:46:13","slug":"corredores-del-pirineo-caranca-nuria-ulldeter","status":"publish","type":"product","link":"https:\/\/pizbube.ch\/en\/shop\/corredores-del-pirineo-caranca-nuria-ulldeter\/","title":{"rendered":"Corredores del Pirineo \u2013 Caran\u00e7a N\u00faria Ulldeter"},"content":{"rendered":"<p>164 itinerarios de nieve, hielo y mixto  <\/p>\n<p>Este nuevo trabajo de Pako S\u00e1nchez recoge un total de 42 vertientes y 164<br \/>\ncorredores. Esta gu\u00eda es un doble trabajo de recopilaci\u00f3n, por un lado, y de<br \/>\nexploraci\u00f3n incansable, por otra.  <\/p>\n<p>En la gu\u00eda encontramos valles y zonas muy frecuentadas, como las cumbres del<br \/>\nGra de Fajol. Paralelamente, encontramos vertientes alpinas menos<br \/>\nfrecuentadas, como la Norte del Pic de l\u2019Infern, el circo de Cambrasdase y<br \/>\notras raramente visitadas, como el Roc del Boc, el Pic Rod\u00f3 o la vertiente<br \/>\nEste del Torre d\u2019Eina. A\u00fan m\u00e1s ins\u00f3litas e in\u00e9ditas, esta gu\u00eda sirve de<br \/>\npresentaci\u00f3n oficial de las \u00faltimas vertientes que quedaban por explorar en<br \/>\nesta zona del Pirineo: Pic de Prats de Bacivers, Pic de la Dona y los Racons.  <\/p>","protected":false},"excerpt":{"rendered":"<p>164 itinerarios de nieve, hielo y mixto Este nuevo trabajo de Pako S\u00e1nchez recoge un total de 42 vertientes y 164 corredores. Esta gu\u00eda es un doble trabajo de recopilaci\u00f3n, por un lado, y de exploraci\u00f3n incansable, por otra. En la gu\u00eda encontramos valles y zonas muy frecuentadas, como las cumbres del Gra de Fajol. [&#8230;]\n","protected":false},"featured_media":34984,"template":"","meta":[],"product_brand":[],"product_cat":[21540],"product_tag":[],"class_list":{"0":"post-153560","1":"product","2":"type-product","3":"status-publish","4":"has-post-thumbnail","6":"product_cat-fuehrerliteratur-alpin-winter","7":"pa_autor-sanchez","8":"pa_erscheinungsjahr-21830","9":"pa_region-spanien","10":"pa_sprache-sp","12":"first","13":"instock","14":"taxable","15":"shipping-taxable","16":"purchasable","17":"product-type-simple"},"_links":{"self":[{"href":"https:\/\/pizbube.ch\/en\/wp-json\/wp\/v2\/product\/153560","targetHints":{"allow":["GET"]}}],"collection":[{"href":"https:\/\/pizbube.ch\/en\/wp-json\/wp\/v2\/product"}],"about":[{"href":"https:\/\/pizbube.ch\/en\/wp-json\/wp\/v2\/types\/product"}],"wp:featuredmedia":[{"embeddable":true,"href":"https:\/\/pizbube.ch\/en\/wp-json\/wp\/v2\/media\/34984"}],"wp:attachment":[{"href":"https:\/\/pizbube.ch\/en\/wp-json\/wp\/v2\/media?parent=153560"}],"wp:term":[{"taxonomy":"product_brand","embeddable":true,"href":"https:\/\/pizbube.ch\/en\/wp-json\/wp\/v2\/product_brand?post=153560"},{"taxonomy":"product_cat","embeddable":true,"href":"https:\/\/pizbube.ch\/en\/wp-json\/wp\/v2\/product_cat?post=153560"},{"taxonomy":"product_tag","embeddable":true,"href":"https:\/\/pizbube.ch\/en\/wp-json\/wp\/v2\/product_tag?post=153560"}],"curies":[{"name":"wp","href":"https:\/\/api.w.org\/{rel}","templated":true}]}}