{"id":153561,"date":"2021-01-15T12:38:14","date_gmt":"2021-01-15T12:38:14","guid":{"rendered":"https:\/\/codengine3.ch\/?product=import-placeholder-for-206081"},"modified":"2021-01-15T14:46:14","modified_gmt":"2021-01-15T14:46:14","slug":"hielo-mixto-y-nieve-chistau-y-benasque","status":"publish","type":"product","link":"https:\/\/pizbube.ch\/en\/shop\/hielo-mixto-y-nieve-chistau-y-benasque\/","title":{"rendered":"Hielo mixto y nieve Chistau y Benasque"},"content":{"rendered":"<p>La gu\u00eda hielo, mixto y nieve en los valles de Chistau y Benasque, es una<br \/>\nrecopilaci\u00f3n de todas las cascadas y v\u00edas de dry tooling, as\u00ed como una<br \/>\nselecci\u00f3n de los mejores corredores de los valles de Chistau y Benasque.<br \/>\nSus autores grandes conocedores de estas zonas, muestran en esta obra in\u00e9dita,<br \/>\nla intensa actividad alpinistica de los \u00faltimos a\u00f1os, que ha hecho de estos<br \/>\nvalles un punto de referencia en la vanguardia del cascad\u00edsimo Ib\u00e9rico.  <\/p>\n<p>La presente gu\u00eda pretende mostrar las enormes posibilidades de dos valles<br \/>\ncolindantes, agrupados en torno a unos macizos monta\u00f1osos de primer orden.<br \/>\nActualmente, estos dos valles, junto al vecino de Bielsa, se han convertido en<br \/>\nreferencia internacional en la vertiente sur de los Pirineos en el mundo del<br \/>\nGlaciarismo.  <\/p>","protected":false},"excerpt":{"rendered":"<p>La gu\u00eda hielo, mixto y nieve en los valles de Chistau y Benasque, es una recopilaci\u00f3n de todas las cascadas y v\u00edas de dry tooling, as\u00ed como una selecci\u00f3n de los mejores corredores de los valles de Chistau y Benasque. Sus autores grandes conocedores de estas zonas, muestran en esta obra in\u00e9dita, la intensa actividad [&#8230;]\n","protected":false},"featured_media":34985,"template":"","meta":[],"product_brand":[],"product_cat":[21540],"product_tag":[],"class_list":{"0":"post-153561","1":"product","2":"type-product","3":"status-publish","4":"has-post-thumbnail","6":"product_cat-fuehrerliteratur-alpin-winter","7":"pa_autor-cabo-larranaga","8":"pa_erscheinungsjahr-21693","9":"pa_region-spanien","10":"pa_sprache-sp","12":"first","13":"instock","14":"taxable","15":"shipping-taxable","16":"purchasable","17":"product-type-simple"},"_links":{"self":[{"href":"https:\/\/pizbube.ch\/en\/wp-json\/wp\/v2\/product\/153561","targetHints":{"allow":["GET"]}}],"collection":[{"href":"https:\/\/pizbube.ch\/en\/wp-json\/wp\/v2\/product"}],"about":[{"href":"https:\/\/pizbube.ch\/en\/wp-json\/wp\/v2\/types\/product"}],"wp:featuredmedia":[{"embeddable":true,"href":"https:\/\/pizbube.ch\/en\/wp-json\/wp\/v2\/media\/34985"}],"wp:attachment":[{"href":"https:\/\/pizbube.ch\/en\/wp-json\/wp\/v2\/media?parent=153561"}],"wp:term":[{"taxonomy":"product_brand","embeddable":true,"href":"https:\/\/pizbube.ch\/en\/wp-json\/wp\/v2\/product_brand?post=153561"},{"taxonomy":"product_cat","embeddable":true,"href":"https:\/\/pizbube.ch\/en\/wp-json\/wp\/v2\/product_cat?post=153561"},{"taxonomy":"product_tag","embeddable":true,"href":"https:\/\/pizbube.ch\/en\/wp-json\/wp\/v2\/product_tag?post=153561"}],"curies":[{"name":"wp","href":"https:\/\/api.w.org\/{rel}","templated":true}]}}