{"id":153562,"date":"2021-01-15T12:38:14","date_gmt":"2021-01-15T12:38:14","guid":{"rendered":"https:\/\/codengine3.ch\/?product=import-placeholder-for-206496"},"modified":"2021-01-15T14:49:22","modified_gmt":"2021-01-15T14:49:22","slug":"corredores-del-pirineo-pedraforca-cadi-cerdanya","status":"publish","type":"product","link":"https:\/\/pizbube.ch\/en\/shop\/corredores-del-pirineo-pedraforca-cadi-cerdanya\/","title":{"rendered":"Corredores del Pirineo Pedraforca &#8211; Cad\u00ed &#8211; Cerdanya"},"content":{"rendered":"<p>178 itinerarios de nieve, hielo y mixto  <\/p>\n<p>Resumen del libro  <\/p>\n<p>Ten\u00e9is en vuestras manos el tercer volumen de la colecci\u00f3n de corredores del<br \/>\nPirineo. En este trabajo nos centramos en el eje Pedraforca-Cad\u00ed y la<br \/>\nCerdanya, siendo el Cad\u00ed el principal protagonista. Esta larga muralla<br \/>\nconcentra dos tercios de los corredores rese\u00f1ados en el presente libro. Adem\u00e1s<br \/>\nde divulgar alguna que otra nueva l\u00ednea in\u00e9dita a la ancha y saturada muralla<br \/>\nNorte, Pako S\u00e1nchez nos presenta en primicia el \u00faltimo secreto que nos ten\u00eda<br \/>\nguardada esta sierra: la vertiente bergadana, aquella que no es visible desde<br \/>\nla Cerdanya; se trata de la Serra Pedregosa.  <\/p>\n<p>Junto con el Cad\u00ed, hay un amplio abanico de zonas hasta ahora poco o nada<br \/>\nconocidas, algunas de las cuales a\u00fan ofrecen buenas alternativas para<br \/>\ndescubrir y redescubrir rincones solitarios. Como son todos los valles<br \/>\nsituados al norte de la divisoria del Puigpedr\u00f3s al circo de los Estanys de la<br \/>\nPera. Estamos hablando de Campcard\u00f3s, Vall de la Llosa y Mandriu. Auguramos<br \/>\nque la publicaci\u00f3n de esta gu\u00eda comportar\u00e1 la apertura de nuevos itinerarios<br \/>\nen estas tranquilas monta\u00f1as.  <\/p>","protected":false},"excerpt":{"rendered":"<p>178 itinerarios de nieve, hielo y mixto Resumen del libro Ten\u00e9is en vuestras manos el tercer volumen de la colecci\u00f3n de corredores del Pirineo. En este trabajo nos centramos en el eje Pedraforca-Cad\u00ed y la Cerdanya, siendo el Cad\u00ed el principal protagonista. Esta larga muralla concentra dos tercios de los corredores rese\u00f1ados en el presente [&#8230;]\n","protected":false},"featured_media":35546,"template":"","meta":[],"product_brand":[],"product_cat":[21540],"product_tag":[],"class_list":{"0":"post-153562","1":"product","2":"type-product","3":"status-publish","4":"has-post-thumbnail","6":"product_cat-fuehrerliteratur-alpin-winter","7":"pa_autor-sanchez","8":"pa_erscheinungsjahr-21610","9":"pa_region-spanien","10":"pa_sprache-sp","12":"first","13":"instock","14":"taxable","15":"shipping-taxable","16":"purchasable","17":"product-type-simple"},"_links":{"self":[{"href":"https:\/\/pizbube.ch\/en\/wp-json\/wp\/v2\/product\/153562","targetHints":{"allow":["GET"]}}],"collection":[{"href":"https:\/\/pizbube.ch\/en\/wp-json\/wp\/v2\/product"}],"about":[{"href":"https:\/\/pizbube.ch\/en\/wp-json\/wp\/v2\/types\/product"}],"wp:featuredmedia":[{"embeddable":true,"href":"https:\/\/pizbube.ch\/en\/wp-json\/wp\/v2\/media\/35546"}],"wp:attachment":[{"href":"https:\/\/pizbube.ch\/en\/wp-json\/wp\/v2\/media?parent=153562"}],"wp:term":[{"taxonomy":"product_brand","embeddable":true,"href":"https:\/\/pizbube.ch\/en\/wp-json\/wp\/v2\/product_brand?post=153562"},{"taxonomy":"product_cat","embeddable":true,"href":"https:\/\/pizbube.ch\/en\/wp-json\/wp\/v2\/product_cat?post=153562"},{"taxonomy":"product_tag","embeddable":true,"href":"https:\/\/pizbube.ch\/en\/wp-json\/wp\/v2\/product_tag?post=153562"}],"curies":[{"name":"wp","href":"https:\/\/api.w.org\/{rel}","templated":true}]}}