{"id":153569,"date":"2021-01-15T12:38:21","date_gmt":"2021-01-15T12:38:21","guid":{"rendered":"https:\/\/codengine3.ch\/?product=import-placeholder-for-202682"},"modified":"2021-01-15T12:38:25","modified_gmt":"2021-01-15T12:38:25","slug":"trans-swiss-trail","status":"publish","type":"product","link":"https:\/\/pizbube.ch\/en\/shop\/trans-swiss-trail\/","title":{"rendered":"Trans Swiss Trail"},"content":{"rendered":"<p>Unter der F\u00fchrung der Schweizer Wanderwege SAW wurde die erste touristisch<br \/>\nvoll erschlossene und signalisierte Fernwanderroute der Schweiz erarbeitet.<br \/>\nDie von Porrentruy quer durch die Schweiz bis nach Chiasso f\u00fchrende<br \/>\nWanderroute folgt der bestehenden gelben Wegweisung der Wanderwege. Neben<br \/>\nKarten, H\u00f6henprofilen und Wegbeschreibung verweisen kurze Texte auf<br \/>\nSehensw\u00fcrdigkeiten. Auf den Routenkarten im Massstab 1:50 000 informieren<br \/>\nPiktogramme \u00fcber Bahnh\u00f6fe, Bushaltestellen, Restaurants ausserhalb der<br \/>\nOrtschaften, Feuerstellen, Badeanstalten, Verkehrsb\u00fcros. Im Anhang finden sich<br \/>\nInformationen zu \u00dcbernachtungsm\u00f6glichkeiten, Gep\u00e4cktransport zwischen den<br \/>\nEtappenorten, Verbindungen mit \u00f6ffentlichen Verkehrsmittel.<\/p>","protected":false},"excerpt":{"rendered":"<p>Unter der F\u00fchrung der Schweizer Wanderwege SAW wurde die erste touristisch voll erschlossene und signalisierte Fernwanderroute der Schweiz erarbeitet. Die von Porrentruy quer durch die Schweiz bis nach Chiasso f\u00fchrende Wanderroute folgt der bestehenden gelben Wegweisung der Wanderwege. Neben Karten, H\u00f6henprofilen und Wegbeschreibung verweisen kurze Texte auf Sehensw\u00fcrdigkeiten. Auf den Routenkarten im Massstab 1:50 000 [&#8230;]\n","protected":false},"featured_media":30112,"template":"","meta":[],"product_brand":[],"product_cat":[21605],"product_tag":[],"class_list":{"0":"post-153569","1":"product","2":"type-product","3":"status-publish","4":"has-post-thumbnail","6":"product_cat-wanderfuehrer-trekking","7":"pa_autor-jaisli","8":"pa_erscheinungsjahr-22144","9":"pa_region-schweiz","10":"pa_sprache-de","12":"first","13":"instock","14":"taxable","15":"shipping-taxable","16":"purchasable","17":"product-type-simple"},"_links":{"self":[{"href":"https:\/\/pizbube.ch\/en\/wp-json\/wp\/v2\/product\/153569","targetHints":{"allow":["GET"]}}],"collection":[{"href":"https:\/\/pizbube.ch\/en\/wp-json\/wp\/v2\/product"}],"about":[{"href":"https:\/\/pizbube.ch\/en\/wp-json\/wp\/v2\/types\/product"}],"wp:featuredmedia":[{"embeddable":true,"href":"https:\/\/pizbube.ch\/en\/wp-json\/wp\/v2\/media\/30112"}],"wp:attachment":[{"href":"https:\/\/pizbube.ch\/en\/wp-json\/wp\/v2\/media?parent=153569"}],"wp:term":[{"taxonomy":"product_brand","embeddable":true,"href":"https:\/\/pizbube.ch\/en\/wp-json\/wp\/v2\/product_brand?post=153569"},{"taxonomy":"product_cat","embeddable":true,"href":"https:\/\/pizbube.ch\/en\/wp-json\/wp\/v2\/product_cat?post=153569"},{"taxonomy":"product_tag","embeddable":true,"href":"https:\/\/pizbube.ch\/en\/wp-json\/wp\/v2\/product_tag?post=153569"}],"curies":[{"name":"wp","href":"https:\/\/api.w.org\/{rel}","templated":true}]}}