{"id":153571,"date":"2021-01-15T12:38:21","date_gmt":"2021-01-15T12:38:21","guid":{"rendered":"https:\/\/codengine3.ch\/?product=import-placeholder-for-207347"},"modified":"2021-06-11T16:18:03","modified_gmt":"2021-06-11T14:18:03","slug":"escalade-fribourg-klettern-freiburg","status":"publish","type":"product","link":"https:\/\/pizbube.ch\/en\/shop\/escalade-fribourg-klettern-freiburg\/","title":{"rendered":"Escalade Fribourg \/ Klettern Freiburg"},"content":{"rendered":"<p>La nouvelle version du topo d&#8217;escalade du canton de Fribourg!<br \/>\nCe topo d\u00e9crit 28 secteurs d&#8217;escalade de la r\u00e9gion de Fribourg!<\/p>\n<p>Topof\u00fchrer; beschrieben sind 28 Gebiete mit insgesamt beinahe 670 Routen im<br \/>\nKanton Freiburg:<br \/>\nDie Routen &#8211; Schwierigkeiten liegen zwischen 3c und 9b in verschiedenen Gesteinsarten : Kalk, Tuff, Sandstein und Konglomerat.<\/p>\n<p>La Tuffi\u00e8re &#8211; Pont-la-Ville &#8211; Le Bif\u00e9 &#8211; Bataille &#8211; Charmey &#8211; La Carri\u00e8re &#8211;<br \/>\nSecteur du milieu &#8211; Ancien secteur &#8211; La Tribune- Mot\u00e9lon &#8211; Dent de Broc &#8211;<br \/>\nEpagny &#8211; La Source &#8211; Shamballa &#8211; Grandvillard &#8211; Montbovon &#8211; Gantrisch &#8211; Walops<br \/>\n&#8211; Stahleflue &#8211; B\u00e4derhorn &#8211; B\u00e4renloch &#8211; Euschelsflue &#8211; Jansegg<\/p>\n<p>Cette 3\u00e8me \u00e9dition du topo Escalade Fribourg apporte des corrections et mises<br \/>\n\u00e0 jours des informations des anciennes \u00e9ditions, mais aussi :<\/p>\n<p>227 nouvelles longueurs ;<br \/>\n9 nouveaux secteurs.<\/p>\n<p>Les topos sont illustr\u00e9s par de nombreuses photos ainsi que par des articles<br \/>\nsur la faune, la flore et la g\u00e9ologie.<\/p>","protected":false},"excerpt":{"rendered":"<p>La nouvelle version du topo d&#8217;escalade du canton de Fribourg! Ce topo d\u00e9crit 28 secteurs d&#8217;escalade de la r\u00e9gion de Fribourg! Topof\u00fchrer; beschrieben sind 28 Gebiete mit insgesamt beinahe 670 Routen im Kanton Freiburg: Die Routen &#8211; Schwierigkeiten liegen zwischen 3c und 9b in verschiedenen Gesteinsarten : Kalk, Tuff, Sandstein und Konglomerat. La Tuffi\u00e8re &#8211; [&#8230;]\n","protected":false},"featured_media":156906,"template":"","meta":[],"product_brand":[],"product_cat":[21539],"product_tag":[],"class_list":{"0":"post-153571","1":"product","2":"type-product","3":"status-publish","4":"has-post-thumbnail","6":"product_cat-fuehrerliteratur-sportklettern-bouldern","7":"pa_autor-rebetez","8":"pa_erscheinungsjahr-21546","9":"pa_region-schweiz","10":"pa_sprache-de-fr","12":"first","13":"instock","14":"taxable","15":"shipping-taxable","16":"purchasable","17":"product-type-simple"},"_links":{"self":[{"href":"https:\/\/pizbube.ch\/en\/wp-json\/wp\/v2\/product\/153571","targetHints":{"allow":["GET"]}}],"collection":[{"href":"https:\/\/pizbube.ch\/en\/wp-json\/wp\/v2\/product"}],"about":[{"href":"https:\/\/pizbube.ch\/en\/wp-json\/wp\/v2\/types\/product"}],"wp:featuredmedia":[{"embeddable":true,"href":"https:\/\/pizbube.ch\/en\/wp-json\/wp\/v2\/media\/156906"}],"wp:attachment":[{"href":"https:\/\/pizbube.ch\/en\/wp-json\/wp\/v2\/media?parent=153571"}],"wp:term":[{"taxonomy":"product_brand","embeddable":true,"href":"https:\/\/pizbube.ch\/en\/wp-json\/wp\/v2\/product_brand?post=153571"},{"taxonomy":"product_cat","embeddable":true,"href":"https:\/\/pizbube.ch\/en\/wp-json\/wp\/v2\/product_cat?post=153571"},{"taxonomy":"product_tag","embeddable":true,"href":"https:\/\/pizbube.ch\/en\/wp-json\/wp\/v2\/product_tag?post=153571"}],"curies":[{"name":"wp","href":"https:\/\/api.w.org\/{rel}","templated":true}]}}