{"id":153572,"date":"2021-01-15T12:38:21","date_gmt":"2021-01-15T12:38:21","guid":{"rendered":"https:\/\/codengine3.ch\/?product=import-placeholder-for-202685"},"modified":"2021-01-15T12:38:26","modified_gmt":"2021-01-15T12:38:26","slug":"mountainbike-atlas-wienerwald","status":"publish","type":"product","link":"https:\/\/pizbube.ch\/en\/shop\/mountainbike-atlas-wienerwald\/","title":{"rendered":"Mountainbike Atlas Wienerwald"},"content":{"rendered":"<p>Alle Wienerwald-Strecken sowie die interessantesten und sch\u00f6nsten Routen in<br \/>\nden Wiener Hausbergen! S\u00e4mtliche Strecken wurden vom Autorenteam befahren,<br \/>\nvermessen und bewertet.<br \/>\nGenaue, vierf\u00e4rbige Streckenprofile mit einer neu entwickelten, pr\u00e4zisen<br \/>\n6-stufigen Schwierigkeitsskala (unschwierig bis extrem schwierig), sowie einer<br \/>\nKonditions-Anforderungsbewertung (K0-K6).<br \/>\nAlle Strecken sind auf Kartenausschnitten im Ma\u00dfstab 1:50.000 genau<br \/>\neingezeichnet, dazu exakte Routenbeschreibungen und wichtige Informationen<br \/>\n\u00fcber Bahn- und Busverbindungen sowie St\u00fctzpunkte.<br \/>\nDie Kurz\u00fcbersichten geben auf einen Blick Auskunft \u00fcber Strecken-km,<br \/>\nAuffahrts-H\u00f6henmeter, Fahrzeit, Gel\u00e4ndebeschaffenheit, Schwierigkeit und<br \/>\nGesamtanspruch. Viele Fotos<\/p>","protected":false},"excerpt":{"rendered":"<p>Alle Wienerwald-Strecken sowie die interessantesten und sch\u00f6nsten Routen in den Wiener Hausbergen! S\u00e4mtliche Strecken wurden vom Autorenteam befahren, vermessen und bewertet. Genaue, vierf\u00e4rbige Streckenprofile mit einer neu entwickelten, pr\u00e4zisen 6-stufigen Schwierigkeitsskala (unschwierig bis extrem schwierig), sowie einer Konditions-Anforderungsbewertung (K0-K6). Alle Strecken sind auf Kartenausschnitten im Ma\u00dfstab 1:50.000 genau eingezeichnet, dazu exakte Routenbeschreibungen und wichtige Informationen [&#8230;]\n","protected":false},"featured_media":30116,"template":"","meta":[],"product_brand":[],"product_cat":[21606],"product_tag":[],"class_list":{"0":"post-153572","1":"product","2":"type-product","3":"status-publish","4":"has-post-thumbnail","6":"product_cat-mountainbikefuehrer","7":"pa_autor-neumueller","8":"pa_autor-schall","9":"pa_erscheinungsjahr-21750","10":"pa_region-oesterreich","11":"pa_sprache-de","13":"first","14":"instock","15":"taxable","16":"shipping-taxable","17":"purchasable","18":"product-type-simple"},"_links":{"self":[{"href":"https:\/\/pizbube.ch\/en\/wp-json\/wp\/v2\/product\/153572","targetHints":{"allow":["GET"]}}],"collection":[{"href":"https:\/\/pizbube.ch\/en\/wp-json\/wp\/v2\/product"}],"about":[{"href":"https:\/\/pizbube.ch\/en\/wp-json\/wp\/v2\/types\/product"}],"wp:featuredmedia":[{"embeddable":true,"href":"https:\/\/pizbube.ch\/en\/wp-json\/wp\/v2\/media\/30116"}],"wp:attachment":[{"href":"https:\/\/pizbube.ch\/en\/wp-json\/wp\/v2\/media?parent=153572"}],"wp:term":[{"taxonomy":"product_brand","embeddable":true,"href":"https:\/\/pizbube.ch\/en\/wp-json\/wp\/v2\/product_brand?post=153572"},{"taxonomy":"product_cat","embeddable":true,"href":"https:\/\/pizbube.ch\/en\/wp-json\/wp\/v2\/product_cat?post=153572"},{"taxonomy":"product_tag","embeddable":true,"href":"https:\/\/pizbube.ch\/en\/wp-json\/wp\/v2\/product_tag?post=153572"}],"curies":[{"name":"wp","href":"https:\/\/api.w.org\/{rel}","templated":true}]}}