{"id":153576,"date":"2021-01-15T12:38:22","date_gmt":"2021-01-15T12:38:22","guid":{"rendered":"https:\/\/codengine3.ch\/?product=import-placeholder-for-206855"},"modified":"2025-06-02T12:24:28","modified_gmt":"2025-06-02T10:24:28","slug":"im-land-der-sherpas","status":"publish","type":"product","link":"https:\/\/pizbube.ch\/en\/shop\/im-land-der-sherpas\/","title":{"rendered":"Im Land der Sherpas"},"content":{"rendered":"<p>Ella Maillart war, neben Annemarie Schwarzenbach und Nicolas Bouvier, die<br \/>\nbedeutendste Reiseschriftstellerin der Schweiz. Jahrzehntelang lebte die<br \/>\ngeb\u00fcrtige Genferin im Bergdorf Sinailles im Wallis.<\/p>\n<p>Als Nepal sich f\u00fcr Touristen \u00f6ffnet, macht sie sich auf, um herausfinden, ob<br \/>\ndie Lebensgewohnheiten, die Sitten und Gebr\u00e4uche der Walliser sich im Volk der<br \/>\nSherpa im Himalaya wiederfinden lassen.<\/p>\n<p>Wo sie auch hinkommt, trifft sie auf Neugier und Sympathie; sie beschreibt die<br \/>\nSherpas als Menschen mit viel Humor und spiritueller Hingabe, die gelassen die<br \/>\nEntbehrungen ihres Lebens am Berg ertragen. Maillart verfasste einen<br \/>\nanschaulichen, kurzweiligen Erlebnisbericht, mit beeindruckenden Fotos.<\/p>\n<p>Ella Maillart, 1903-1997, trat f\u00fcr die Schweiz 1924 bei der Olympiade in<br \/>\nEinhandsegeln an und war Mitglied der Schweizer Nationalmannschaft der<br \/>\nSkifahrerinnen. Sie unternahm viele Reisen in den nahen und fernen Osten, erst<br \/>\nf\u00fcr &#171;Le Petit Parisien&#187;, sp\u00e4ter f\u00fcr Buchreportagen.<\/p>","protected":false},"excerpt":{"rendered":"<p>Ella Maillart war, neben Annemarie Schwarzenbach und Nicolas Bouvier, die bedeutendste Reiseschriftstellerin der Schweiz. Jahrzehntelang lebte die geb\u00fcrtige Genferin im Bergdorf Sinailles im Wallis. Als Nepal sich f\u00fcr Touristen \u00f6ffnet, macht sie sich auf, um herausfinden, ob die Lebensgewohnheiten, die Sitten und Gebr\u00e4uche der Walliser sich im Volk der Sherpa im Himalaya wiederfinden lassen. Wo [&#8230;]\n","protected":false},"featured_media":36298,"template":"","meta":[],"product_brand":[],"product_cat":[21542],"product_tag":[],"class_list":{"0":"post-153576","1":"product","2":"type-product","3":"status-publish","4":"has-post-thumbnail","6":"product_cat-sachbuecher-dokumentationen","7":"pa_autor-maillart","8":"pa_erscheinungsjahr-21546","9":"pa_region-asien","10":"pa_sprache-de","12":"first","13":"instock","14":"taxable","15":"shipping-taxable","16":"purchasable","17":"product-type-simple"},"_links":{"self":[{"href":"https:\/\/pizbube.ch\/en\/wp-json\/wp\/v2\/product\/153576","targetHints":{"allow":["GET"]}}],"collection":[{"href":"https:\/\/pizbube.ch\/en\/wp-json\/wp\/v2\/product"}],"about":[{"href":"https:\/\/pizbube.ch\/en\/wp-json\/wp\/v2\/types\/product"}],"wp:featuredmedia":[{"embeddable":true,"href":"https:\/\/pizbube.ch\/en\/wp-json\/wp\/v2\/media\/36298"}],"wp:attachment":[{"href":"https:\/\/pizbube.ch\/en\/wp-json\/wp\/v2\/media?parent=153576"}],"wp:term":[{"taxonomy":"product_brand","embeddable":true,"href":"https:\/\/pizbube.ch\/en\/wp-json\/wp\/v2\/product_brand?post=153576"},{"taxonomy":"product_cat","embeddable":true,"href":"https:\/\/pizbube.ch\/en\/wp-json\/wp\/v2\/product_cat?post=153576"},{"taxonomy":"product_tag","embeddable":true,"href":"https:\/\/pizbube.ch\/en\/wp-json\/wp\/v2\/product_tag?post=153576"}],"curies":[{"name":"wp","href":"https:\/\/api.w.org\/{rel}","templated":true}]}}