{"id":153578,"date":"2021-01-15T12:38:27","date_gmt":"2021-01-15T12:38:27","guid":{"rendered":"https:\/\/codengine3.ch\/?product=import-placeholder-for-202689"},"modified":"2021-01-15T12:38:30","modified_gmt":"2021-01-15T12:38:30","slug":"das-matterhorn-aus-afrika","status":"publish","type":"product","link":"https:\/\/pizbube.ch\/en\/shop\/das-matterhorn-aus-afrika\/","title":{"rendered":"Das Matterhorn aus Afrika"},"content":{"rendered":"<p>Die Geschichte der Alpenbildung ist ein unvorstellbar langes, reiches und<br \/>\nkomplexes Abenteuer.<br \/>\nMichel Marthalers Buch l\u00e4dt dazu ein, diese grossartige Geschichte<br \/>\nkennenzulernen. Dazu m\u00fcssen wir erst einmal eine Reise in die Vergangenheit<br \/>\nmachen, als die ersten Dinosaurier unterwegs waren. Wir erfahren, dass zu<br \/>\ndieser Zeit, vor 250 Millionen Jahren, ein Grossteil der Landmassen auf der<br \/>\nErde zu einem einzigen Kontinent zusammengef\u00fcgt ist, und wir verfolgen, wie<br \/>\ndieser \u00abSuperkontinent\u00bb sich langsam in kleinere Platten aufl\u00f6st, die wie<br \/>\nFl\u00f6sse auf der Erdkugel schwimmen und manchmal miteinander kollidieren. Durch<br \/>\neine solche Kollision \u2013 zwischen Afrika und Europa \u2013 sind auch die Alpen<br \/>\nentstanden.<\/p>\n<p>In unfassbar langsamem Tempo, \u00fcber Millionen von Jahren, haben sich dabei<br \/>\nMeere und Ozeane ge\u00f6ffnet und wieder geschlossen, haben sich Gesteinsmassen<br \/>\n\u00fcber- und untereinander geschoben, sind tief ins Erdinnere versenkt und wieder<br \/>\nan die Oberfl\u00e4che bef\u00f6rdert worden. Die scheinbar unver\u00e4nderbare und stumme<br \/>\nBergwelt hat die Erinnerung an diese dramatischen Ereignisse bewahrt, hinter<br \/>\nder Sch\u00f6nheit ihrer Mineral- und Gesteinslandschaften verstecken sich<br \/>\nfantastische Geschichten. Wie das Matterhorn aus Afrika zu uns kam, ist nur<br \/>\neine davon.<br \/>\n3. Auflg.<\/p>","protected":false},"excerpt":{"rendered":"<p>Die Geschichte der Alpenbildung ist ein unvorstellbar langes, reiches und komplexes Abenteuer. Michel Marthalers Buch l\u00e4dt dazu ein, diese grossartige Geschichte kennenzulernen. Dazu m\u00fcssen wir erst einmal eine Reise in die Vergangenheit machen, als die ersten Dinosaurier unterwegs waren. Wir erfahren, dass zu dieser Zeit, vor 250 Millionen Jahren, ein Grossteil der Landmassen auf der [&#8230;]\n","protected":false},"featured_media":38344,"template":"","meta":[],"product_brand":[],"product_cat":[21538],"product_tag":[],"class_list":{"0":"post-153578","1":"product","2":"type-product","3":"status-publish","4":"has-post-thumbnail","6":"product_cat-lehrbuecher","7":"pa_autor-marthaler","8":"pa_erscheinungsjahr-21568","9":"pa_region-fauna-flora-geologie-glaziologie","10":"pa_sprache-de","12":"first","13":"instock","14":"taxable","15":"shipping-taxable","16":"purchasable","17":"product-type-simple"},"_links":{"self":[{"href":"https:\/\/pizbube.ch\/en\/wp-json\/wp\/v2\/product\/153578","targetHints":{"allow":["GET"]}}],"collection":[{"href":"https:\/\/pizbube.ch\/en\/wp-json\/wp\/v2\/product"}],"about":[{"href":"https:\/\/pizbube.ch\/en\/wp-json\/wp\/v2\/types\/product"}],"wp:featuredmedia":[{"embeddable":true,"href":"https:\/\/pizbube.ch\/en\/wp-json\/wp\/v2\/media\/38344"}],"wp:attachment":[{"href":"https:\/\/pizbube.ch\/en\/wp-json\/wp\/v2\/media?parent=153578"}],"wp:term":[{"taxonomy":"product_brand","embeddable":true,"href":"https:\/\/pizbube.ch\/en\/wp-json\/wp\/v2\/product_brand?post=153578"},{"taxonomy":"product_cat","embeddable":true,"href":"https:\/\/pizbube.ch\/en\/wp-json\/wp\/v2\/product_cat?post=153578"},{"taxonomy":"product_tag","embeddable":true,"href":"https:\/\/pizbube.ch\/en\/wp-json\/wp\/v2\/product_tag?post=153578"}],"curies":[{"name":"wp","href":"https:\/\/api.w.org\/{rel}","templated":true}]}}