{"id":153579,"date":"2021-01-15T12:38:27","date_gmt":"2021-01-15T12:38:27","guid":{"rendered":"https:\/\/codengine3.ch\/?product=import-placeholder-for-206187"},"modified":"2021-01-15T14:47:05","modified_gmt":"2021-01-15T14:47:05","slug":"geoland-suedschweiz","status":"publish","type":"product","link":"https:\/\/pizbube.ch\/en\/shop\/geoland-suedschweiz\/","title":{"rendered":"Geoland S\u00fcdschweiz"},"content":{"rendered":"<p>Wallis Tessin  <\/p>\n<p>Dieser Band erweitert die GEOREISEN-Reihe um die Region S\u00fcdschweiz: zum einen<br \/>\ndie &#8218;Sonnenstube&#8216; Tessin mit einer abwechslungsreichen Landschaft, wo sich<br \/>\nliebliche Seen mit mediterranem Flair und abgelegene T\u00e4ler mit traditionellen<br \/>\nSteinh\u00e4usern abwechseln. Zum anderen die nicht minder beeindruckende<br \/>\nGebirgswelt des Wallis &#8211; mit den h\u00f6chsten Bergen und den gr\u00f6ssten Gletschern<br \/>\nder Schweiz.  <\/p>\n<p>Die GEOREISEN-B\u00e4nde bieten dem Leser Wander- und Ausflugstipps f\u00fcr jeden<br \/>\nGeschmack, mit dem Fokus auf geologische Entstehungsgeschichten und<br \/>\nSehensw\u00fcrdigkeiten.  <\/p>\n<p>Die Auspr\u00e4gung dieser vielf\u00e4ltigen Landschaften wird kurzweilig und f\u00fcr den<br \/>\nLaien verst\u00e4ndlich beschrieben. Der Band setzt keine besonderen geologischen<br \/>\nKenntnisse voraus: Grundlegende Begriffe und elementare Prozesse werden<br \/>\nseparat erl\u00e4utert.  <\/p>","protected":false},"excerpt":{"rendered":"<p>Wallis Tessin Dieser Band erweitert die GEOREISEN-Reihe um die Region S\u00fcdschweiz: zum einen die &#8218;Sonnenstube&#8216; Tessin mit einer abwechslungsreichen Landschaft, wo sich liebliche Seen mit mediterranem Flair und abgelegene T\u00e4ler mit traditionellen Steinh\u00e4usern abwechseln. Zum anderen die nicht minder beeindruckende Gebirgswelt des Wallis &#8211; mit den h\u00f6chsten Bergen und den gr\u00f6ssten Gletschern der Schweiz. Die [&#8230;]\n","protected":false},"featured_media":35135,"template":"","meta":[],"product_brand":[],"product_cat":[21542],"product_tag":[],"class_list":{"0":"post-153579","1":"product","2":"type-product","3":"status-publish","4":"has-post-thumbnail","6":"product_cat-sachbuecher-dokumentationen","7":"pa_autor-szoenyi","8":"pa_erscheinungsjahr-21830","9":"pa_region-schweiz","10":"pa_sprache-de","12":"first","13":"instock","14":"taxable","15":"shipping-taxable","16":"purchasable","17":"product-type-simple"},"_links":{"self":[{"href":"https:\/\/pizbube.ch\/en\/wp-json\/wp\/v2\/product\/153579","targetHints":{"allow":["GET"]}}],"collection":[{"href":"https:\/\/pizbube.ch\/en\/wp-json\/wp\/v2\/product"}],"about":[{"href":"https:\/\/pizbube.ch\/en\/wp-json\/wp\/v2\/types\/product"}],"wp:featuredmedia":[{"embeddable":true,"href":"https:\/\/pizbube.ch\/en\/wp-json\/wp\/v2\/media\/35135"}],"wp:attachment":[{"href":"https:\/\/pizbube.ch\/en\/wp-json\/wp\/v2\/media?parent=153579"}],"wp:term":[{"taxonomy":"product_brand","embeddable":true,"href":"https:\/\/pizbube.ch\/en\/wp-json\/wp\/v2\/product_brand?post=153579"},{"taxonomy":"product_cat","embeddable":true,"href":"https:\/\/pizbube.ch\/en\/wp-json\/wp\/v2\/product_cat?post=153579"},{"taxonomy":"product_tag","embeddable":true,"href":"https:\/\/pizbube.ch\/en\/wp-json\/wp\/v2\/product_tag?post=153579"}],"curies":[{"name":"wp","href":"https:\/\/api.w.org\/{rel}","templated":true}]}}