{"id":153580,"date":"2021-01-15T12:38:27","date_gmt":"2021-01-15T12:38:27","guid":{"rendered":"https:\/\/codengine3.ch\/?product=import-placeholder-for-202691"},"modified":"2021-01-15T12:38:31","modified_gmt":"2021-01-15T12:38:31","slug":"gasteinertal","status":"publish","type":"product","link":"https:\/\/pizbube.ch\/en\/shop\/gasteinertal\/","title":{"rendered":"Gasteinertal"},"content":{"rendered":"<p>Gro\u00dfarltal \u2013 Raurisertal \u2013 Nationalpark Hohe Tauern<\/p>\n<p>Die drei Tauernt\u00e4ler rund um Bad Gastein \u2013 das Gasteinertal, das Gro\u00dfarltal<br \/>\nund das Raurisertal \u2013 sind ein Paradies f\u00fcr Bergsteiger und Wanderer. Im S\u00fcden<br \/>\nreichen die T\u00e4ler bis in den Nationalpark Hohe Tauern \u2013 ganz klar, dass hier<br \/>\neine F\u00fclle abwechslungsreicher Touren zu finden ist. Der Rother Wanderf\u00fchrer<br \/>\n\u00bbGasteinertal\u00ab stellt die 58 sch\u00f6nsten Tal- und Bergwanderungen vor.<\/p>\n<p>Das Gasteinertal, auch ber\u00fchmt f\u00fcr seine Thermalquellen, ist das gr\u00f6\u00dfte der<br \/>\ndrei Tauernt\u00e4ler. Die Bad-Gasteiner-H\u00fctte auf dem Gamskarkogel ist eine der<br \/>\n\u00e4ltesten Bergsteigerh\u00fctten \u00d6sterreichs; von hier bietet sich dem Wanderer ein<br \/>\nbeeindruckendes 360-Grad-Panorama. \u00bbTal der Almen\u00ab wird das Gro\u00dfarltal auch<br \/>\ngenannt, denn 37 bewirtschaftete Almen sind willkommene Wanderziele. Im<br \/>\nRaurisertal, in dem im Mittelalter das \u00bbTauerngold\u00ab gewonnen wurde, f\u00fchren<br \/>\nzahlreiche Touren auf den Spuren der Goldgr\u00e4ber, wie zum Beispiel der<br \/>\nTauerngold-Rundwanderweg, auf dem der Gletscherschwund nachvollzogen werden<br \/>\nkann. Jedes der drei T\u00e4ler ist zwar eine f\u00fcr sich geschlossene Einheit, doch<br \/>\nlassen sich durch Tal\u00fcberg\u00e4nge (\u00bbTauern\u00ab) auch reizvolle Wanderungen zu den<br \/>\nNachbart\u00e4lern unternehmen.<\/p>\n<p>Sepp Brandl hat f\u00fcr diesen Rother Wanderf\u00fchrer eine vielseitige Auswahl<br \/>\ngetroffen. Die Tourenpalette reicht vom einfachen Spaziergang bis hin zu<br \/>\nanspruchsvollen Wanderungen in der Gletscher- und Gipfelregion des<br \/>\nAlpenhauptkamms. Ausfl\u00fcge zu H\u00f6hlen, Stollen und Klammen, Aufstiege auf<br \/>\nluftige Gipfel, \u00dcbernachtungen in hoch gelegenen H\u00fctten und aussichtsreiche<br \/>\nRastpl\u00e4tze \u2013 Familien und Genusswanderer finden in diesem Rother Wanderf\u00fchrer<br \/>\nebenso die passende Tour wie erfahrene Alpinisten.<\/p>\n<p>50 ausgew\u00e4hlte Wanderungen in den Tauernt\u00e4lern rund um Bad Gastein. Die<br \/>\nsch\u00f6nsten Tal- und H\u00f6henwanderungen.<br \/>\n67 Farbphot., 50 Wanderktn. 1 : 50 000, 1 \u00dcbersichtskte. 1 : 250 000.<\/p>","protected":false},"excerpt":{"rendered":"<p>Gro\u00dfarltal \u2013 Raurisertal \u2013 Nationalpark Hohe Tauern Die drei Tauernt\u00e4ler rund um Bad Gastein \u2013 das Gasteinertal, das Gro\u00dfarltal und das Raurisertal \u2013 sind ein Paradies f\u00fcr Bergsteiger und Wanderer. Im S\u00fcden reichen die T\u00e4ler bis in den Nationalpark Hohe Tauern \u2013 ganz klar, dass hier eine F\u00fclle abwechslungsreicher Touren zu finden ist. Der Rother [&#8230;]\n","protected":false},"featured_media":30122,"template":"","meta":[],"product_brand":[],"product_cat":[21605],"product_tag":[],"class_list":{"0":"post-153580","1":"product","2":"type-product","3":"status-publish","4":"has-post-thumbnail","6":"product_cat-wanderfuehrer-trekking","7":"pa_autor-brandl","8":"pa_erscheinungsjahr-21750","9":"pa_region-deutschland","10":"pa_sprache-de","12":"first","13":"instock","14":"taxable","15":"shipping-taxable","16":"purchasable","17":"product-type-simple"},"_links":{"self":[{"href":"https:\/\/pizbube.ch\/en\/wp-json\/wp\/v2\/product\/153580","targetHints":{"allow":["GET"]}}],"collection":[{"href":"https:\/\/pizbube.ch\/en\/wp-json\/wp\/v2\/product"}],"about":[{"href":"https:\/\/pizbube.ch\/en\/wp-json\/wp\/v2\/types\/product"}],"wp:featuredmedia":[{"embeddable":true,"href":"https:\/\/pizbube.ch\/en\/wp-json\/wp\/v2\/media\/30122"}],"wp:attachment":[{"href":"https:\/\/pizbube.ch\/en\/wp-json\/wp\/v2\/media?parent=153580"}],"wp:term":[{"taxonomy":"product_brand","embeddable":true,"href":"https:\/\/pizbube.ch\/en\/wp-json\/wp\/v2\/product_brand?post=153580"},{"taxonomy":"product_cat","embeddable":true,"href":"https:\/\/pizbube.ch\/en\/wp-json\/wp\/v2\/product_cat?post=153580"},{"taxonomy":"product_tag","embeddable":true,"href":"https:\/\/pizbube.ch\/en\/wp-json\/wp\/v2\/product_tag?post=153580"}],"curies":[{"name":"wp","href":"https:\/\/api.w.org\/{rel}","templated":true}]}}