{"id":153587,"date":"2021-01-15T12:38:29","date_gmt":"2021-01-15T12:38:29","guid":{"rendered":"https:\/\/codengine3.ch\/?product=import-placeholder-for-205698"},"modified":"2021-01-15T14:43:14","modified_gmt":"2021-01-15T14:43:14","slug":"auf-der-suche-nach-dem-ort-des-ewigen-gluecks","status":"publish","type":"product","link":"https:\/\/pizbube.ch\/en\/shop\/auf-der-suche-nach-dem-ort-des-ewigen-gluecks\/","title":{"rendered":"Auf der Suche nach dem Ort des ewigen Gl\u00fccks"},"content":{"rendered":"<p>Kultur, Tourismus und Entwicklung im Himalaya.  <\/p>\n<p>Die geradezu unbeschreibliche Erfahrung dieser Landschaft, die Herbert Tichy<br \/>\nwie ein Gebet empfand, ist das eigentliche Ziel vieler Reisenden, die in den<br \/>\nHimalaya aufbrechen, sich auf die Suche nach einem &#8211; ihrem &#8211; Ort des ewigen<br \/>\nGl\u00fccks machen. Die Vorstellung von einem solchen geht zur\u00fcck auf den alten<br \/>\nMythos von Shambhala, der von einem verborgenen K\u00f6nigreich irgendwo hinter den<br \/>\nBergen spricht. Diesen Ort kann man nur nach einem unendlich langen und<br \/>\nbeschwerlichen Marsch durch \u00f6de W\u00fcsten und wilde Berge erreichen. Wir sind als<br \/>\nReisende auch Suchende, Pilger, die einen Zustand der inneren Freiheit<br \/>\nerlangen wollen, von geistiger und seelischer Unruhe, aber auch von \u00c4ngsten<br \/>\nerl\u00f6st. In unserem Geist liegt dieses K\u00f6nigreich au\u00dferhalb unserer Reichweite,<br \/>\naber es n\u00e4hrt die Sehnsucht nach einem Ort der Reinheit und Makellosigkeit.  <\/p>\n<p>Der Himalaya gilt als ein spirituelles Gebirge, aber es ist auch ein<br \/>\nverlorenes Paradies. Armut, Hunger, Umweltkatastrophen, Diskriminierung und<br \/>\nKriege pr\u00e4gen die Realit\u00e4t vieler Menschen in den L\u00e4ndern auf dem Dach der<br \/>\nWelt. Es besteht eine enorme Differenz zwischen Sehnsuchtsraum und Lebensraum<br \/>\nHimalaya, zwischen unseren Bildern im Kopf und dem Leben in den D\u00f6rfern im<br \/>\nSchatten der Achttausender. Die Beitr\u00e4ge des Buches handeln von Begegnungen<br \/>\nmit den Menschen im Himalaya, ihren Kulturen, ihren Problemen und den<br \/>\nVersuchen, ihre Lebensbedingungen zu verbessern.  <\/p>","protected":false},"excerpt":{"rendered":"<p>Kultur, Tourismus und Entwicklung im Himalaya. Die geradezu unbeschreibliche Erfahrung dieser Landschaft, die Herbert Tichy wie ein Gebet empfand, ist das eigentliche Ziel vieler Reisenden, die in den Himalaya aufbrechen, sich auf die Suche nach einem &#8211; ihrem &#8211; Ort des ewigen Gl\u00fccks machen. Die Vorstellung von einem solchen geht zur\u00fcck auf den alten Mythos [&#8230;]\n","protected":false},"featured_media":34507,"template":"","meta":[],"product_brand":[],"product_cat":[21542],"product_tag":[],"class_list":{"0":"post-153587","1":"product","2":"type-product","3":"status-publish","4":"has-post-thumbnail","6":"product_cat-sachbuecher-dokumentationen","7":"pa_autor-luger","8":"pa_erscheinungsjahr-21842","9":"pa_region-asien","10":"pa_sprache-de","12":"first","13":"instock","14":"taxable","15":"shipping-taxable","16":"purchasable","17":"product-type-simple"},"_links":{"self":[{"href":"https:\/\/pizbube.ch\/en\/wp-json\/wp\/v2\/product\/153587","targetHints":{"allow":["GET"]}}],"collection":[{"href":"https:\/\/pizbube.ch\/en\/wp-json\/wp\/v2\/product"}],"about":[{"href":"https:\/\/pizbube.ch\/en\/wp-json\/wp\/v2\/types\/product"}],"wp:featuredmedia":[{"embeddable":true,"href":"https:\/\/pizbube.ch\/en\/wp-json\/wp\/v2\/media\/34507"}],"wp:attachment":[{"href":"https:\/\/pizbube.ch\/en\/wp-json\/wp\/v2\/media?parent=153587"}],"wp:term":[{"taxonomy":"product_brand","embeddable":true,"href":"https:\/\/pizbube.ch\/en\/wp-json\/wp\/v2\/product_brand?post=153587"},{"taxonomy":"product_cat","embeddable":true,"href":"https:\/\/pizbube.ch\/en\/wp-json\/wp\/v2\/product_cat?post=153587"},{"taxonomy":"product_tag","embeddable":true,"href":"https:\/\/pizbube.ch\/en\/wp-json\/wp\/v2\/product_tag?post=153587"}],"curies":[{"name":"wp","href":"https:\/\/api.w.org\/{rel}","templated":true}]}}