{"id":153588,"date":"2021-01-15T12:38:29","date_gmt":"2021-01-15T12:38:29","guid":{"rendered":"https:\/\/codengine3.ch\/?product=import-placeholder-for-202699"},"modified":"2021-01-15T12:38:34","modified_gmt":"2021-01-15T12:38:34","slug":"die-40-schoensten-ski-resorts-von-aspen-bis-zermatt","status":"publish","type":"product","link":"https:\/\/pizbube.ch\/en\/shop\/die-40-schoensten-ski-resorts-von-aspen-bis-zermatt\/","title":{"rendered":"Die 40 sch\u00f6nsten Ski Resorts von Aspen bis Zermatt"},"content":{"rendered":"<p>Champagner-Powder und spektakul\u00e4re Landschaften, Weltklassepisten und einsame<br \/>\nBergh\u00e4nge, die nur f\u00fcr Tourengeher erreichbar sind, cooles Heli-Skiing und<br \/>\nexklusives Apr\u00e8s-Ski \u2013 eindrucksvoller und abwechslungsreicher kann<br \/>\nWintersport nicht sein als in den 40 Skigebieten auf allen f\u00fcnf Kontinenten,<br \/>\ndie in diesem Buch vorgestellt werden.<br \/>\nHistorisches und Anekdotisches \u00fcber die begehrtesten Wintersportgebiete und<br \/>\neinige Geheimtipps, wertvolle Informationen zu den einzelnen Ski-Resorts, zu<br \/>\nSchneeverh\u00e4ltnissen, Lage und Anfahrt, Anzahl und H\u00f6he der Lifte,<br \/>\nSchwierigkeitsgrad der Pisten, Variantenabfahrten, Wetterbedingungen und<br \/>\nApr\u00e8s-Ski, zu Unterk\u00fcnften und Restaurants: Dieses mit brillanten Bildern von<br \/>\ngrandiosen Panoramen und Pulverschneegl\u00fcck ausgestattete Buch bietet<br \/>\nbegeisterten Winterurlaubern und Ski-Enthusiasten eine aufschlussreiche und<br \/>\nanregende Lekt\u00fcre.  <\/p>","protected":false},"excerpt":{"rendered":"<p>Champagner-Powder und spektakul\u00e4re Landschaften, Weltklassepisten und einsame Bergh\u00e4nge, die nur f\u00fcr Tourengeher erreichbar sind, cooles Heli-Skiing und exklusives Apr\u00e8s-Ski \u2013 eindrucksvoller und abwechslungsreicher kann Wintersport nicht sein als in den 40 Skigebieten auf allen f\u00fcnf Kontinenten, die in diesem Buch vorgestellt werden. Historisches und Anekdotisches \u00fcber die begehrtesten Wintersportgebiete und einige Geheimtipps, wertvolle Informationen zu [&#8230;]\n","protected":false},"featured_media":30132,"template":"","meta":[],"product_brand":[],"product_cat":[21542],"product_tag":[],"class_list":{"0":"post-153588","1":"product","2":"type-product","3":"status-publish","4":"has-post-thumbnail","6":"product_cat-sachbuecher-dokumentationen","7":"pa_autor-wilson","8":"pa_erscheinungsjahr-22144","9":"pa_region-alpin-winter","10":"pa_sprache-de","12":"first","13":"instock","14":"taxable","15":"shipping-taxable","16":"purchasable","17":"product-type-simple"},"_links":{"self":[{"href":"https:\/\/pizbube.ch\/en\/wp-json\/wp\/v2\/product\/153588","targetHints":{"allow":["GET"]}}],"collection":[{"href":"https:\/\/pizbube.ch\/en\/wp-json\/wp\/v2\/product"}],"about":[{"href":"https:\/\/pizbube.ch\/en\/wp-json\/wp\/v2\/types\/product"}],"wp:featuredmedia":[{"embeddable":true,"href":"https:\/\/pizbube.ch\/en\/wp-json\/wp\/v2\/media\/30132"}],"wp:attachment":[{"href":"https:\/\/pizbube.ch\/en\/wp-json\/wp\/v2\/media?parent=153588"}],"wp:term":[{"taxonomy":"product_brand","embeddable":true,"href":"https:\/\/pizbube.ch\/en\/wp-json\/wp\/v2\/product_brand?post=153588"},{"taxonomy":"product_cat","embeddable":true,"href":"https:\/\/pizbube.ch\/en\/wp-json\/wp\/v2\/product_cat?post=153588"},{"taxonomy":"product_tag","embeddable":true,"href":"https:\/\/pizbube.ch\/en\/wp-json\/wp\/v2\/product_tag?post=153588"}],"curies":[{"name":"wp","href":"https:\/\/api.w.org\/{rel}","templated":true}]}}