{"id":153589,"date":"2021-01-15T12:38:29","date_gmt":"2021-01-15T12:38:29","guid":{"rendered":"https:\/\/codengine3.ch\/?product=import-placeholder-for-205888"},"modified":"2021-01-15T14:44:45","modified_gmt":"2021-01-15T14:44:45","slug":"freeride-map-zermatt-1-25-000","status":"publish","type":"product","link":"https:\/\/pizbube.ch\/en\/shop\/freeride-map-zermatt-1-25-000\/","title":{"rendered":"Freeride Map Zermatt 1: 25 000"},"content":{"rendered":"<p>freeride maps die karten f\u00fcr die besten freeride-spots!  <\/p>\n<p>Zermatt  <\/p>\n<p>Die Freeride Map basiert auf der Schweizer Landeskarte im Massstab 1:25&#8217;000<br \/>\nund bietet alle n\u00f6tigen Gel\u00e4ndeinformationen, die f\u00fcr die Planung und<br \/>\nUmsetzung von Freeride-Touren erforderlich sind. Die Freeride Map ist auf<br \/>\nwasser- und reissfester Folie gedruckt und dadurch praktisch unzerst\u00f6rbar.  <\/p>\n<p>Die farblich gekennzeichneten Freeride-Korridore zeigen die Bereiche, welche<br \/>\nbefahren werden k\u00f6nnen. Sie sind in drei Schwierigkeitsstufen dargestellt.  <\/p>\n<p>insiderwissen &#8211; alle rides auf einer karte<br \/>\ndetailliert &#8211; massstab 1:25 000 liefert alle infos<br \/>\n\u00fcbersichtlich &#8211; drei schwierigkeitsgrade in drei farben<br \/>\nunzerst\u00f6rbar &#8211; gedruckt auf reiss- und wasserfestes papier<br \/>\nkomplett &#8211; basiswissen routenplanung, lawinenpr\u00e4vention und rettung auf der<br \/>\nr\u00fcckseite  <\/p>\n<p>kompakt: Format 10&#215;15 cm passt in jede jacken-\/ hosentasche<br \/>\ninternational: alle karten sind zweisprachig deutsch\/englisch oder<br \/>\ndeutsch\/franz\u00f6sisch  <\/p>","protected":false},"excerpt":{"rendered":"<p>freeride maps die karten f\u00fcr die besten freeride-spots! Zermatt Die Freeride Map basiert auf der Schweizer Landeskarte im Massstab 1:25&#8217;000 und bietet alle n\u00f6tigen Gel\u00e4ndeinformationen, die f\u00fcr die Planung und Umsetzung von Freeride-Touren erforderlich sind. Die Freeride Map ist auf wasser- und reissfester Folie gedruckt und dadurch praktisch unzerst\u00f6rbar. Die farblich gekennzeichneten Freeride-Korridore zeigen die [&#8230;]\n","protected":false},"featured_media":34734,"template":"","meta":[],"product_brand":[],"product_cat":[21543],"product_tag":[],"class_list":{"0":"post-153589","1":"product","2":"type-product","3":"status-publish","4":"has-post-thumbnail","6":"product_cat-landkarten","7":"pa_autor-outdoorguide","8":"pa_erscheinungsjahr-21693","9":"pa_region-schweiz","10":"pa_sprache-d","11":"pa_sprache-f","13":"first","14":"outofstock","15":"taxable","16":"shipping-taxable","17":"purchasable","18":"product-type-simple"},"_links":{"self":[{"href":"https:\/\/pizbube.ch\/en\/wp-json\/wp\/v2\/product\/153589","targetHints":{"allow":["GET"]}}],"collection":[{"href":"https:\/\/pizbube.ch\/en\/wp-json\/wp\/v2\/product"}],"about":[{"href":"https:\/\/pizbube.ch\/en\/wp-json\/wp\/v2\/types\/product"}],"wp:featuredmedia":[{"embeddable":true,"href":"https:\/\/pizbube.ch\/en\/wp-json\/wp\/v2\/media\/34734"}],"wp:attachment":[{"href":"https:\/\/pizbube.ch\/en\/wp-json\/wp\/v2\/media?parent=153589"}],"wp:term":[{"taxonomy":"product_brand","embeddable":true,"href":"https:\/\/pizbube.ch\/en\/wp-json\/wp\/v2\/product_brand?post=153589"},{"taxonomy":"product_cat","embeddable":true,"href":"https:\/\/pizbube.ch\/en\/wp-json\/wp\/v2\/product_cat?post=153589"},{"taxonomy":"product_tag","embeddable":true,"href":"https:\/\/pizbube.ch\/en\/wp-json\/wp\/v2\/product_tag?post=153589"}],"curies":[{"name":"wp","href":"https:\/\/api.w.org\/{rel}","templated":true}]}}