{"id":153592,"date":"2021-01-15T12:38:29","date_gmt":"2021-01-15T12:38:29","guid":{"rendered":"https:\/\/codengine3.ch\/?product=import-placeholder-for-203998"},"modified":"2021-01-15T14:28:44","modified_gmt":"2021-01-15T14:28:44","slug":"cimes-2006","status":"publish","type":"product","link":"https:\/\/pizbube.ch\/en\/shop\/cimes-2006\/","title":{"rendered":"Cimes 2006"},"content":{"rendered":"<p>Revue annuelle du Groupe de Haute Montagne (G.H.M.)<br \/>\nDepuis 1955, le GHM \u00e9dite un bulletin annuel d\u00e9nomm\u00e9 &#8218;Les Annales&#8216; et d\u00e9nomm\u00e9<br \/>\ndepuis 2002 &#8218;Cimes&#8216;, tir\u00e9 chaque ann\u00e9e \u00e0 mille exemplaires. Reflet de la vie<br \/>\ndu Groupe, cette revue tr\u00e8s soign\u00e9e est disponible l&#8217;\u00c9dition 2005-2006. 282<br \/>\npages,<br \/>\nRevue annuelle du Groupe de Haute Montagne (G.H.M.)<br \/>\nAu sommaire :<br \/>\nLa premi\u00e8re partie (Ant\u00e9cimes) est enti\u00e8rement consacr\u00e9e aux rapports des<br \/>\nfemmes avec la montagne et le monde de l&#8217;alpinisme.<br \/>\nEn deuxi\u00e8me partie, (Explorations) sont prospect\u00e9s des th\u00e8mes souvent<br \/>\nd\u00e9laiss\u00e9s par les revues de montagne.<\/p>","protected":false},"excerpt":{"rendered":"<p>Revue annuelle du Groupe de Haute Montagne (G.H.M.) Depuis 1955, le GHM \u00e9dite un bulletin annuel d\u00e9nomm\u00e9 &#8218;Les Annales&#8216; et d\u00e9nomm\u00e9 depuis 2002 &#8218;Cimes&#8216;, tir\u00e9 chaque ann\u00e9e \u00e0 mille exemplaires. Reflet de la vie du Groupe, cette revue tr\u00e8s soign\u00e9e est disponible l&#8217;\u00c9dition 2005-2006. 282 pages, Revue annuelle du Groupe de Haute Montagne (G.H.M.) Au [&#8230;]\n","protected":false},"featured_media":31728,"template":"","meta":[],"product_brand":[],"product_cat":[21542],"product_tag":[],"class_list":{"0":"post-153592","1":"product","2":"type-product","3":"status-publish","4":"has-post-thumbnail","6":"product_cat-sachbuecher-dokumentationen","7":"pa_autor-g-h-m","8":"pa_erscheinungsjahr-21763","9":"pa_region-frankreich","10":"pa_sprache-fr","12":"first","13":"instock","14":"taxable","15":"shipping-taxable","16":"purchasable","17":"product-type-simple"},"_links":{"self":[{"href":"https:\/\/pizbube.ch\/en\/wp-json\/wp\/v2\/product\/153592","targetHints":{"allow":["GET"]}}],"collection":[{"href":"https:\/\/pizbube.ch\/en\/wp-json\/wp\/v2\/product"}],"about":[{"href":"https:\/\/pizbube.ch\/en\/wp-json\/wp\/v2\/types\/product"}],"wp:featuredmedia":[{"embeddable":true,"href":"https:\/\/pizbube.ch\/en\/wp-json\/wp\/v2\/media\/31728"}],"wp:attachment":[{"href":"https:\/\/pizbube.ch\/en\/wp-json\/wp\/v2\/media?parent=153592"}],"wp:term":[{"taxonomy":"product_brand","embeddable":true,"href":"https:\/\/pizbube.ch\/en\/wp-json\/wp\/v2\/product_brand?post=153592"},{"taxonomy":"product_cat","embeddable":true,"href":"https:\/\/pizbube.ch\/en\/wp-json\/wp\/v2\/product_cat?post=153592"},{"taxonomy":"product_tag","embeddable":true,"href":"https:\/\/pizbube.ch\/en\/wp-json\/wp\/v2\/product_tag?post=153592"}],"curies":[{"name":"wp","href":"https:\/\/api.w.org\/{rel}","templated":true}]}}