{"id":153594,"date":"2021-01-15T12:38:29","date_gmt":"2021-01-15T12:38:29","guid":{"rendered":"https:\/\/codengine3.ch\/?product=import-placeholder-for-203854"},"modified":"2021-01-15T14:27:15","modified_gmt":"2021-01-15T14:27:15","slug":"cimes-2004-2005","status":"publish","type":"product","link":"https:\/\/pizbube.ch\/en\/shop\/cimes-2004-2005\/","title":{"rendered":"Cimes 2004 &#8211; 2005"},"content":{"rendered":"<p>La revue du GHM (Groupe de Haute Montagne)<br \/>\nCimes est sans doute la meilleure revue d&#8217;alpinisme du monde. Elle n&#8217;est pas<br \/>\nla plus belle, car elle n&#8217;a pas assez d&#8217;argent pour se farder. Elle n&#8217;est pas<br \/>\nla plus puissante, son tirage d\u00e9passe \u00e0 peine le million d&#8217;exemplaires.<br \/>\nMais cimes, plus que tout autre, vous fera battre le coeur.<br \/>\nComment ne pas \u00eatre \u00e9mu par les derni\u00e8res lettres de Mummery \u00e0 sa femme, avant<br \/>\nde partir sur le Nanga-Parbat dont il ne reviendra pas ?<br \/>\nComment ne pas frissonner en lisant la description du survol en chute libre<br \/>\n(base jump) d&#8217;une grande paroi?<\/p>","protected":false},"excerpt":{"rendered":"<p>La revue du GHM (Groupe de Haute Montagne) Cimes est sans doute la meilleure revue d&#8217;alpinisme du monde. Elle n&#8217;est pas la plus belle, car elle n&#8217;a pas assez d&#8217;argent pour se farder. Elle n&#8217;est pas la plus puissante, son tirage d\u00e9passe \u00e0 peine le million d&#8217;exemplaires. Mais cimes, plus que tout autre, vous fera [&#8230;]\n","protected":false},"featured_media":31552,"template":"","meta":[],"product_brand":[],"product_cat":[21542],"product_tag":[],"class_list":{"0":"post-153594","1":"product","2":"type-product","3":"status-publish","4":"has-post-thumbnail","6":"product_cat-sachbuecher-dokumentationen","7":"pa_autor-ghm","8":"pa_erscheinungsjahr-21776","9":"pa_region-frankreich","10":"pa_sprache-fr","12":"first","13":"instock","14":"taxable","15":"shipping-taxable","16":"purchasable","17":"product-type-simple"},"_links":{"self":[{"href":"https:\/\/pizbube.ch\/en\/wp-json\/wp\/v2\/product\/153594","targetHints":{"allow":["GET"]}}],"collection":[{"href":"https:\/\/pizbube.ch\/en\/wp-json\/wp\/v2\/product"}],"about":[{"href":"https:\/\/pizbube.ch\/en\/wp-json\/wp\/v2\/types\/product"}],"wp:featuredmedia":[{"embeddable":true,"href":"https:\/\/pizbube.ch\/en\/wp-json\/wp\/v2\/media\/31552"}],"wp:attachment":[{"href":"https:\/\/pizbube.ch\/en\/wp-json\/wp\/v2\/media?parent=153594"}],"wp:term":[{"taxonomy":"product_brand","embeddable":true,"href":"https:\/\/pizbube.ch\/en\/wp-json\/wp\/v2\/product_brand?post=153594"},{"taxonomy":"product_cat","embeddable":true,"href":"https:\/\/pizbube.ch\/en\/wp-json\/wp\/v2\/product_cat?post=153594"},{"taxonomy":"product_tag","embeddable":true,"href":"https:\/\/pizbube.ch\/en\/wp-json\/wp\/v2\/product_tag?post=153594"}],"curies":[{"name":"wp","href":"https:\/\/api.w.org\/{rel}","templated":true}]}}