{"id":153595,"date":"2021-01-15T12:38:29","date_gmt":"2021-01-15T12:38:29","guid":{"rendered":"https:\/\/codengine3.ch\/?product=import-placeholder-for-205904"},"modified":"2023-10-06T16:04:02","modified_gmt":"2023-10-06T14:04:02","slug":"mount-everest-nanga-parbat-dhaulagiri","status":"publish","type":"product","link":"https:\/\/pizbube.ch\/en\/shop\/mount-everest-nanga-parbat-dhaulagiri\/","title":{"rendered":"Mount Everest, Nanga Parbat, Dhaulagiri"},"content":{"rendered":"<p>Bergsteigen ist eines der gro\u00dfen Abenteuer unserer Zeit, doch nicht jeder kann<br \/>\nzu der kleinen Gruppe Extrembergsteiger geh\u00f6ren, die die K\u00f6nige der Berge auch<br \/>\ntats\u00e4chlich bezwingt. Dieser faszinierende Bildband erm\u00f6glicht es jetzt jedem,<br \/>\nder unten bleiben will oder muss, trotzdem aufzusteigen &#8211; an der Seite des<br \/>\ndeutschen Extrembergsteigers Dieter Porsche, der alle seine Gipfelwege in<br \/>\nfantastischen Bildern dokumentiert hat &#8211; Schritt f\u00fcr Schritt. Ein wahrhaft<br \/>\nunvergleichliches alpines Erlebnis.<\/p>","protected":false},"excerpt":{"rendered":"<p>Bergsteigen ist eines der gro\u00dfen Abenteuer unserer Zeit, doch nicht jeder kann zu der kleinen Gruppe Extrembergsteiger geh\u00f6ren, die die K\u00f6nige der Berge auch tats\u00e4chlich bezwingt. Dieser faszinierende Bildband erm\u00f6glicht es jetzt jedem, der unten bleiben will oder muss, trotzdem aufzusteigen &#8211; an der Seite des deutschen Extrembergsteigers Dieter Porsche, der alle seine Gipfelwege in [&#8230;]\n","protected":false},"featured_media":34758,"template":"","meta":[],"product_brand":[],"product_cat":[21542],"product_tag":[],"class_list":{"0":"post-153595","1":"product","2":"type-product","3":"status-publish","4":"has-post-thumbnail","6":"product_cat-sachbuecher-dokumentationen","7":"pa_autor-porsche","8":"pa_erscheinungsjahr-21693","9":"pa_region-asien","10":"pa_sprache-de","12":"first","13":"outofstock","14":"taxable","15":"shipping-taxable","16":"purchasable","17":"product-type-simple"},"_links":{"self":[{"href":"https:\/\/pizbube.ch\/en\/wp-json\/wp\/v2\/product\/153595","targetHints":{"allow":["GET"]}}],"collection":[{"href":"https:\/\/pizbube.ch\/en\/wp-json\/wp\/v2\/product"}],"about":[{"href":"https:\/\/pizbube.ch\/en\/wp-json\/wp\/v2\/types\/product"}],"wp:featuredmedia":[{"embeddable":true,"href":"https:\/\/pizbube.ch\/en\/wp-json\/wp\/v2\/media\/34758"}],"wp:attachment":[{"href":"https:\/\/pizbube.ch\/en\/wp-json\/wp\/v2\/media?parent=153595"}],"wp:term":[{"taxonomy":"product_brand","embeddable":true,"href":"https:\/\/pizbube.ch\/en\/wp-json\/wp\/v2\/product_brand?post=153595"},{"taxonomy":"product_cat","embeddable":true,"href":"https:\/\/pizbube.ch\/en\/wp-json\/wp\/v2\/product_cat?post=153595"},{"taxonomy":"product_tag","embeddable":true,"href":"https:\/\/pizbube.ch\/en\/wp-json\/wp\/v2\/product_tag?post=153595"}],"curies":[{"name":"wp","href":"https:\/\/api.w.org\/{rel}","templated":true}]}}