{"id":153597,"date":"2021-01-15T12:38:36","date_gmt":"2021-01-15T12:38:36","guid":{"rendered":"https:\/\/codengine3.ch\/?product=import-placeholder-for-207084"},"modified":"2021-01-15T14:54:57","modified_gmt":"2021-01-15T14:54:57","slug":"betsy-berg","status":"publish","type":"product","link":"https:\/\/pizbube.ch\/en\/shop\/betsy-berg\/","title":{"rendered":"Betsy Berg"},"content":{"rendered":"<p>Nach dem 2009 erschienenen Buch &#8218;Schl\u00fcsselstellen \u2013 49 Geschichten aus den<br \/>\nBergen&#8216; liegt nun eine neue Sammlung mit Kurzgeschichten von Christine Kopp<br \/>\nvor. Frech und frisch erz\u00e4hlen sie, wie die Protagonistin Betsy Berg zu den<br \/>\nBergen findet, was sie dort und auch unten im Tal erlebt und mit welchen<br \/>\nFragen sie sich auseinandersetzt. Die Verfasserin Christine Kopp ist<br \/>\nfreiberufliche \u00dcbersetzerin und Autorin im Bereich Alpinismus und Tourismus.<br \/>\nSie war jahrelang verantwortlich f\u00fcr die Alpinismusseiten der Neuen Z\u00fcrcher<br \/>\nZeitung, schreibt heute f\u00fcr zahlreiche Medien und Verlage in der Schweiz, in<br \/>\nDeutschland und in Italien, hat zw\u00f6lf B\u00fccher \u00fcbersetzt \u2013 darunter Werke von<br \/>\nBonatti, Cassin und Loretan \u2013 und war an verschiedenen Film- und Buchprojekten<br \/>\nmassgeblich beteiligt. Sie ist selber sehr oft in den Bergen unterwegs und<br \/>\nweiss sehr gut, was dort oben alles passieren kann \u2026 Die Betsy-Berg-<br \/>\nKurzgeschichten werden erg\u00e4nzt durch die Illustrationen von Esther Angst, die<br \/>\nsich durch ihre Tiefe und oft durch ihren feinen Witz auszeichnen. Ein<br \/>\nBergbuch der anderen Art, das auch Leser, welche die Berge lieber von unten<br \/>\nbetrachten, anspricht und begeistert!  <\/p>\n<p>Inhalt:<br \/>\nBetsy Berg \u2013<br \/>\n\u00e4lter werden ist wie auf einen Berg steigen  <\/p>\n<p>Die Berge rufen<br \/>\nFemme fatale<br \/>\nVertikale Schnupperlehre<br \/>\nReinfall auf dem Eis<br \/>\nAskese oder Alkohol<br \/>\nSlips und Straps<br \/>\nWild aufs Wildhorn<br \/>\nBergerotik<br \/>\nFixieren und Blockieren<br \/>\nBerge in Mattgold<br \/>\nEin gutes neues Jahr<br \/>\nEisige K\u00e4lte<br \/>\nH\u00f6henflug und Absturz<br \/>\nSchwerer Schnee<br \/>\nPanorama gesucht<br \/>\nDas Kreuz mit dem Knie<br \/>\nBerge im Saal<br \/>\nHallenstudien<br \/>\nPaarklettern<br \/>\nVerregnetes Dauerhoch  <\/p>","protected":false},"excerpt":{"rendered":"<p>Nach dem 2009 erschienenen Buch &#8218;Schl\u00fcsselstellen \u2013 49 Geschichten aus den Bergen&#8216; liegt nun eine neue Sammlung mit Kurzgeschichten von Christine Kopp vor. Frech und frisch erz\u00e4hlen sie, wie die Protagonistin Betsy Berg zu den Bergen findet, was sie dort und auch unten im Tal erlebt und mit welchen Fragen sie sich auseinandersetzt. Die Verfasserin [&#8230;]\n","protected":false},"featured_media":36672,"template":"","meta":[],"product_brand":[],"product_cat":[21629],"product_tag":[],"class_list":{"0":"post-153597","1":"product","2":"type-product","3":"status-publish","4":"has-post-thumbnail","6":"product_cat-belletristik","7":"pa_autor-kopp-angst","8":"pa_erscheinungsjahr-21621","9":"pa_region-schweiz","10":"pa_sprache-de","12":"first","13":"instock","14":"taxable","15":"shipping-taxable","16":"purchasable","17":"product-type-simple"},"_links":{"self":[{"href":"https:\/\/pizbube.ch\/en\/wp-json\/wp\/v2\/product\/153597","targetHints":{"allow":["GET"]}}],"collection":[{"href":"https:\/\/pizbube.ch\/en\/wp-json\/wp\/v2\/product"}],"about":[{"href":"https:\/\/pizbube.ch\/en\/wp-json\/wp\/v2\/types\/product"}],"wp:featuredmedia":[{"embeddable":true,"href":"https:\/\/pizbube.ch\/en\/wp-json\/wp\/v2\/media\/36672"}],"wp:attachment":[{"href":"https:\/\/pizbube.ch\/en\/wp-json\/wp\/v2\/media?parent=153597"}],"wp:term":[{"taxonomy":"product_brand","embeddable":true,"href":"https:\/\/pizbube.ch\/en\/wp-json\/wp\/v2\/product_brand?post=153597"},{"taxonomy":"product_cat","embeddable":true,"href":"https:\/\/pizbube.ch\/en\/wp-json\/wp\/v2\/product_cat?post=153597"},{"taxonomy":"product_tag","embeddable":true,"href":"https:\/\/pizbube.ch\/en\/wp-json\/wp\/v2\/product_tag?post=153597"}],"curies":[{"name":"wp","href":"https:\/\/api.w.org\/{rel}","templated":true}]}}